{"id":10167,"date":"2025-09-12T14:13:58","date_gmt":"2025-09-12T06:13:58","guid":{"rendered":"https:\/\/www.hvbio.com\/?post_type=product&#038;p=10167"},"modified":"2025-09-12T14:13:59","modified_gmt":"2025-09-12T06:13:59","slug":"zeaxanthin-5","status":"publish","type":"product","link":"https:\/\/www.hvbio.com\/fr\/produit\/zeaxanthin-5\/","title":{"rendered":"Z\u00e9axanthine 5%"},"content":{"rendered":"<div class=\"inter-jQQQ8P\">\n<div class=\"container-PrUkKo\">\n<div class=\"item-hGGxLi\">\n<div class=\"container-arOxqB chrome70-container\">\n<div class=\"inner-FyM8gE inner-item-swzCut\" data-target-id=\"message-box-target-id\" data-testid=\"union_message\">\n<div class=\"message-block-container-aFugD6\" data-testid=\"message-block-container\">\n<div class=\"flex flex-row w-full w-full max-w-full s-font-base text-s-color-text-secondary p-0 rounded-s-radius-s bg-transparent group data-[attr=select-mode]:-mt-10 data-[attr=select-mode]:py-10 data-[attr=select-mode]:px-16 data-[attr=select-mode]:sm:p-10 data-[attr=select-mode]:hover:bg-s-color-bg-base data-[attr=select-mode]:hover:rounded-s-radius-xs data-[attr=select-mode]:has-[:checked]:bg-s-color-bg-trans data-[attr=select-mode]:has-[:checked]:rounded-s-radius-xs data-[attr=select-mode]:pointer-events-none\" data-testid=\"receive_message\">\n<div class=\"flex flex-col flex-grow max-w-full min-w-0\">\n<div class=\"flex flex-row w-full\" data-testid=\"message_content\" data-message-id=\"20104432874978818\">\n<div class=\"w-full\" data-plugin-identifier=\"Symbol(infra:receive-message-box:text)\">\n<div class=\"container-ZYIsnH flow-markdown-body theme-samantha-Nbr9UN\" dir=\"ltr\" data-testid=\"message_text_content\" data-show-indicator=\"false\">\n<div class=\"auto-hide-last-sibling-br mdbox-table-root table-container-GhL7Lo\" data-scroll-inline-overflow=\"false\" data-scroll-inline-at-start=\"true\" data-scroll-inline-start-overflow=\"false\" data-scroll-inline-at-end=\"true\" data-scroll-inline-end-overflow=\"false\">\n<div class=\"table-scroll-container-hgHkfW mdbox-table-scroll-container\">\n<table>\n<thead>\n<tr>\n<th><strong>Article<\/strong><\/th>\n<th><strong>D\u00e9tails<\/strong><\/th>\n<\/tr>\n<\/thead>\n<tbody>\n<tr>\n<td><strong>Nom du produit<\/strong><\/td>\n<td>Z\u00e9axanthine 5%<\/td>\n<\/tr>\n<tr>\n<td><strong>Noms alternatifs<\/strong><\/td>\n<td>Z\u00e9axanthine; Ester de z\u00e9axanthine<\/td>\n<\/tr>\n<tr>\n<td><strong>Source du produit<\/strong><\/td>\n<td>Extrait des p\u00e9tales de\u00a0<strong>Tagetes erecta<\/strong>\u00a0(aussi appel\u00e9 souci), une plante de la famille des Ast\u00e9rac\u00e9es. Elle appartient \u00e0 la classe des carot\u00e9no\u00efdes.<\/td>\n<\/tr>\n<tr>\n<td><strong>Caract\u00e9ristiques physiques<\/strong><\/td>\n<td>La z\u00e9axanthine pure est une poudre cristalline, rouge orang\u00e9 et inodore. Sa solution dilu\u00e9e est rouge orang\u00e9\u00a0; elle se pr\u00e9sente sous la forme d&#039;un liquide huileux rouge sang au-dessus de 10\u00a0\u00b0C et d&#039;une substance huileuse jaune semi-solidifi\u00e9e en dessous de 10\u00a0\u00b0C. C&#039;est une poudre ou huile liposoluble, d\u00e9riv\u00e9e du \u03b2-carot\u00e8ne, soluble dans les solvants organiques tels que l&#039;\u00e9ther, l&#039;\u00e9ther de p\u00e9trole, l&#039;ac\u00e9tone et les esters, mais insoluble dans l&#039;eau.<\/td>\n<\/tr>\n<tr>\n<td><strong>Sp\u00e9cifications du produit<\/strong><\/td>\n<td>5%<\/td>\n<\/tr>\n<tr>\n<td><strong>M\u00e9thode d&#039;essai<\/strong><\/td>\n<td>HPLC (Chromatographie liquide haute performance)<\/td>\n<\/tr>\n<tr>\n<td><strong>M\u00e9thode de stockage<\/strong><\/td>\n<td>Conserver dans un endroit a\u00e9r\u00e9, sec et frais, \u00e0 l&#039;abri de la lumi\u00e8re directe.<\/td>\n<\/tr>\n<tr>\n<td><strong>Emballage du produit<\/strong><\/td>\n<td>Sac en aluminium st\u00e9rilis\u00e9 de 1 kg ; f\u00fbt en papier de 25 kg ; ou personnalis\u00e9 selon les besoins<\/td>\n<\/tr>\n<tr>\n<td><strong>Dur\u00e9e de conservation<\/strong><\/td>\n<td>24 mois<\/td>\n<\/tr>\n<\/tbody>\n<\/table>\n<\/div>\n<\/div>\n<\/div>\n<\/div>\n<\/div>\n<\/div>\n<\/div>\n<\/div>\n<\/div>\n<\/div>\n<\/div>\n<\/div>\n<\/div>","protected":false},"excerpt":{"rendered":"<h1 class=\"header-vfC6AV auto-hide-last-sibling-br\">Z\u00e9axanthine 5%<\/h1>\n<ul class=\"auto-hide-last-sibling-br\">\n<li><strong>Noms alternatifs<\/strong>: Z\u00e9axanthine; Ester de z\u00e9axanthine<\/li>\n<li><strong>Source<\/strong>:Extrait des p\u00e9tales de\u00a0<em>Tagetes erecta<\/em>\u00a0L. (famille des Ast\u00e9rac\u00e9es, commun\u00e9ment appel\u00e9e Souci), appartenant \u00e0 la classe des carot\u00e9no\u00efdes.<\/li>\n<li><strong>Propri\u00e9t\u00e9s physiques<\/strong>La z\u00e9axanthine pure est une poudre cristalline rouge orang\u00e9 inodore. Sa solution dilu\u00e9e est rouge orang\u00e9\u00a0; elle se pr\u00e9sente sous la forme d&#039;un liquide huileux rouge sang \u00e0 plus de 10\u00a0\u00b0C et d&#039;une substance huileuse semi-solide jaune en dessous de 10\u00a0\u00b0C. C&#039;est une poudre ou huile liposoluble, d\u00e9riv\u00e9e du \u03b2-carot\u00e8ne, soluble dans les solvants organiques tels que l&#039;\u00e9ther, l&#039;\u00e9ther de p\u00e9trole, l&#039;ac\u00e9tone et les esters, mais insoluble dans l&#039;eau.<\/li>\n<li><strong>Sp\u00e9cification<\/strong>: 5%<\/li>\n<li><strong>M\u00e9thode d&#039;essai<\/strong>:HPLC (Chromatographie liquide haute performance)<\/li>\n<li><strong>M\u00e9thode de stockage<\/strong>:Conserver dans un endroit a\u00e9r\u00e9, sec et frais, \u00e0 l&#039;abri de la lumi\u00e8re directe.<\/li>\n<li><strong>Conditionnement<\/strong>: 1 kg\/sac en aluminium st\u00e9rilis\u00e9 ; 25 kg\/tambour en fibre ; ou personnalis\u00e9 selon les besoins.<\/li>\n<li><strong>Dur\u00e9e de conservation<\/strong>: 24 mois<\/li>\n<\/ul>","protected":false},"featured_media":10168,"comment_status":"closed","ping_status":"closed","template":"","meta":[],"product_brand":[],"product_cat":[23,17],"product_tag":[],"class_list":{"0":"post-10167","1":"product","2":"type-product","3":"status-publish","4":"has-post-thumbnail","6":"product_cat-standard-extract","7":"product_cat-plant-extract","9":"first","10":"instock","11":"shipping-taxable","12":"product-type-simple"},"_links":{"self":[{"href":"https:\/\/www.hvbio.com\/fr\/wp-json\/wp\/v2\/product\/10167","targetHints":{"allow":["GET"]}}],"collection":[{"href":"https:\/\/www.hvbio.com\/fr\/wp-json\/wp\/v2\/product"}],"about":[{"href":"https:\/\/www.hvbio.com\/fr\/wp-json\/wp\/v2\/types\/product"}],"replies":[{"embeddable":true,"href":"https:\/\/www.hvbio.com\/fr\/wp-json\/wp\/v2\/comments?post=10167"}],"wp:featuredmedia":[{"embeddable":true,"href":"https:\/\/www.hvbio.com\/fr\/wp-json\/wp\/v2\/media\/10168"}],"wp:attachment":[{"href":"https:\/\/www.hvbio.com\/fr\/wp-json\/wp\/v2\/media?parent=10167"}],"wp:term":[{"taxonomy":"product_brand","embeddable":true,"href":"https:\/\/www.hvbio.com\/fr\/wp-json\/wp\/v2\/product_brand?post=10167"},{"taxonomy":"product_cat","embeddable":true,"href":"https:\/\/www.hvbio.com\/fr\/wp-json\/wp\/v2\/product_cat?post=10167"},{"taxonomy":"product_tag","embeddable":true,"href":"https:\/\/www.hvbio.com\/fr\/wp-json\/wp\/v2\/product_tag?post=10167"}],"curies":[{"name":"wp","href":"https:\/\/api.w.org\/{rel}","templated":true}]}}