{"id":10174,"date":"2025-09-12T14:22:24","date_gmt":"2025-09-12T06:22:24","guid":{"rendered":"https:\/\/www.hvbio.com\/?post_type=product&#038;p=10174"},"modified":"2025-09-12T15:12:15","modified_gmt":"2025-09-12T07:12:15","slug":"red-bayberry-powder","status":"publish","type":"product","link":"https:\/\/www.hvbio.com\/fr\/produit\/red-bayberry-powder\/","title":{"rendered":"Poudre de baie rouge"},"content":{"rendered":"<table>\n<thead>\n<tr>\n<th><strong>Article<\/strong><\/th>\n<th><strong>D\u00e9tails<\/strong><\/th>\n<\/tr>\n<\/thead>\n<tbody>\n<tr>\n<td><strong>Nom du produit<\/strong><\/td>\n<td>Poudre de baie rouge<\/td>\n<\/tr>\n<tr>\n<td><strong>Nom latin<\/strong><\/td>\n<td>Myrica rubra (Lour.) Sieb. et Zucc.<\/td>\n<\/tr>\n<tr>\n<td><strong>M\u00e9thode d&#039;essai<\/strong><\/td>\n<td>CCM (chromatographie sur couche mince)<\/td>\n<\/tr>\n<tr>\n<td><strong>Caract\u00e9ristiques du produit<\/strong><\/td>\n<td>Poudre rose<\/td>\n<\/tr>\n<tr>\n<td><strong>Source d&#039;extraction<\/strong><\/td>\n<td>Myrica rubra (Myrica rubra)<\/td>\n<\/tr>\n<tr>\n<td><strong>Taille des mailles du produit<\/strong><\/td>\n<td>100% du produit passe \u00e0 travers un tamis de 80 mesh.<\/td>\n<\/tr>\n<tr>\n<td><strong>Conditions de stockage<\/strong><\/td>\n<td>Ce produit doit \u00eatre scell\u00e9, prot\u00e9g\u00e9 de la lumi\u00e8re et des temp\u00e9ratures \u00e9lev\u00e9es, et stock\u00e9 dans un endroit sec, frais et bien ventil\u00e9.<\/td>\n<\/tr>\n<tr>\n<td><strong>M\u00e9thode d&#039;emballage<\/strong><\/td>\n<td>Pour les produits en vrac\u00a0: 25\u00a0kg par f\u00fbt en papier\u00a0; pour les petits \u00e9chantillons\u00a0: 1\u00a0kg par sachet en aluminium. Un emballage personnalis\u00e9 est \u00e9galement disponible selon les besoins du client.<\/td>\n<\/tr>\n<tr>\n<td><strong>Mode de transport<\/strong><\/td>\n<td>Livraison par express ou logistique. Le d\u00e9lai de livraison est g\u00e9n\u00e9ralement de 3 jours pour les livraisons express nationales et de 5 jours pour les livraisons logistiques. Les devis incluent g\u00e9n\u00e9ralement les frais de transport nationaux.<\/td>\n<\/tr>\n<tr>\n<td><strong>P\u00e9riode de validit\u00e9<\/strong><\/td>\n<td>Deux ans<\/td>\n<\/tr>\n<\/tbody>\n<\/table>","protected":false},"excerpt":{"rendered":"<h1 class=\"header-vfC6AV auto-hide-last-sibling-br\">Poudre de baie rouge<\/h1>\n<ul class=\"auto-hide-last-sibling-br\">\n<li><strong>Nom latin<\/strong>:\u00a0<em>Myrica rubra<\/em>\u00a0(Lour.) Sieb. et Zucc.<\/li>\n<li><strong>M\u00e9thode d&#039;essai<\/strong>: TLC<\/li>\n<li><strong>Apparence<\/strong>:Poudre rose<\/li>\n<li><strong>Source d&#039;extraction<\/strong>: Baie de myrte<\/li>\n<li><strong>Taille des mailles<\/strong>:100% passe \u00e0 travers un tamis de 80 mesh<\/li>\n<li><strong>Conditions de stockage<\/strong>: Bien fermer, prot\u00e9ger de la lumi\u00e8re et des temp\u00e9ratures \u00e9lev\u00e9es ; conserver dans un endroit sec, frais et bien ventil\u00e9<\/li>\n<li><strong>Conditionnement<\/strong>: Marchandises en vrac\u00a0: 25\u00a0kg\/f\u00fbt en fibre\u00a0; Petits \u00e9chantillons\u00a0: 1\u00a0kg\/sac en aluminium\u00a0; Emballage personnalis\u00e9 disponible sur demande<\/li>\n<li><strong>Transport<\/strong>Coursier ou logistique. Livraison en 3 jours pour les coursiers nationaux, 5 jours pour les logistiques. Les devis incluent g\u00e9n\u00e9ralement les frais de transport nationaux.<\/li>\n<li><strong>Dur\u00e9e de conservation<\/strong>: 2 ans<\/li>\n<\/ul>","protected":false},"featured_media":10175,"comment_status":"closed","ping_status":"closed","template":"","meta":[],"product_brand":[],"product_cat":[20,18],"product_tag":[],"class_list":{"0":"post-10174","1":"product","2":"type-product","3":"status-publish","4":"has-post-thumbnail","6":"product_cat-fruit-powder","7":"product_cat-fruit-and-vegetable-powder","9":"first","10":"instock","11":"shipping-taxable","12":"product-type-simple"},"_links":{"self":[{"href":"https:\/\/www.hvbio.com\/fr\/wp-json\/wp\/v2\/product\/10174","targetHints":{"allow":["GET"]}}],"collection":[{"href":"https:\/\/www.hvbio.com\/fr\/wp-json\/wp\/v2\/product"}],"about":[{"href":"https:\/\/www.hvbio.com\/fr\/wp-json\/wp\/v2\/types\/product"}],"replies":[{"embeddable":true,"href":"https:\/\/www.hvbio.com\/fr\/wp-json\/wp\/v2\/comments?post=10174"}],"wp:featuredmedia":[{"embeddable":true,"href":"https:\/\/www.hvbio.com\/fr\/wp-json\/wp\/v2\/media\/10175"}],"wp:attachment":[{"href":"https:\/\/www.hvbio.com\/fr\/wp-json\/wp\/v2\/media?parent=10174"}],"wp:term":[{"taxonomy":"product_brand","embeddable":true,"href":"https:\/\/www.hvbio.com\/fr\/wp-json\/wp\/v2\/product_brand?post=10174"},{"taxonomy":"product_cat","embeddable":true,"href":"https:\/\/www.hvbio.com\/fr\/wp-json\/wp\/v2\/product_cat?post=10174"},{"taxonomy":"product_tag","embeddable":true,"href":"https:\/\/www.hvbio.com\/fr\/wp-json\/wp\/v2\/product_tag?post=10174"}],"curies":[{"name":"wp","href":"https:\/\/api.w.org\/{rel}","templated":true}]}}