{"id":10199,"date":"2025-09-12T14:43:48","date_gmt":"2025-09-12T06:43:48","guid":{"rendered":"https:\/\/www.hvbio.com\/?post_type=product&#038;p=10199"},"modified":"2025-09-12T15:11:14","modified_gmt":"2025-09-12T07:11:14","slug":"mangosteen-powder","status":"publish","type":"product","link":"https:\/\/www.hvbio.com\/fr\/produit\/mangosteen-powder\/","title":{"rendered":"Poudre de mangoustan"},"content":{"rendered":"<table>\n<thead>\n<tr>\n<th><strong>Article<\/strong><\/th>\n<th><strong>D\u00e9tails<\/strong><\/th>\n<\/tr>\n<\/thead>\n<tbody>\n<tr>\n<td><strong>Nom du produit<\/strong><\/td>\n<td>Poudre de mangoustan<\/td>\n<\/tr>\n<tr>\n<td><strong>M\u00e9thode de d\u00e9tection<\/strong><\/td>\n<td>CCM (chromatographie sur couche mince)<\/td>\n<\/tr>\n<tr>\n<td><strong>Caract\u00e9ristiques du produit<\/strong><\/td>\n<td>Poudre blanc cass\u00e9<\/td>\n<\/tr>\n<tr>\n<td><strong>Source d&#039;extraction<\/strong><\/td>\n<td>Mangosteen<\/td>\n<\/tr>\n<tr>\n<td><strong>Taille des mailles du produit<\/strong><\/td>\n<td>100% du produit passe \u00e0 travers un tamis de 80 mesh<\/td>\n<\/tr>\n<tr>\n<td><strong>Conditions de stockage<\/strong><\/td>\n<td>Ce produit doit \u00eatre scell\u00e9, prot\u00e9g\u00e9 de la lumi\u00e8re et des temp\u00e9ratures \u00e9lev\u00e9es, et stock\u00e9 dans un endroit sec, frais et bien ventil\u00e9.<\/td>\n<\/tr>\n<tr>\n<td><strong>M\u00e9thode d&#039;emballage<\/strong><\/td>\n<td>For bulk goods: 25 kg per paper drum; for sample goods: 1 kg per aluminum foil bag. Customized packaging is also available according to customer requirements.<\/td>\n<\/tr>\n<tr>\n<td><strong>Mode de transport<\/strong><\/td>\n<td>Livraison par express ou logistique. Le d\u00e9lai de livraison est g\u00e9n\u00e9ralement de 3 jours pour les livraisons express nationales et de 5 jours pour les livraisons logistiques. Les devis incluent g\u00e9n\u00e9ralement les frais de transport nationaux.<\/td>\n<\/tr>\n<tr>\n<td><strong>P\u00e9riode de validit\u00e9<\/strong><\/td>\n<td>Deux ans<\/td>\n<\/tr>\n<\/tbody>\n<\/table>","protected":false},"excerpt":{"rendered":"<div class=\"auto-hide-last-sibling-br paragraph-JOTKXA paragraph-element br-paragraph-space\">\u3010Product Name\u3011Mangosteen Powder<\/div>\n<div class=\"auto-hide-last-sibling-br paragraph-JOTKXA paragraph-element br-paragraph-space\">\u3010Testing Method\u3011TLC<\/div>\n<div class=\"auto-hide-last-sibling-br paragraph-JOTKXA paragraph-element br-paragraph-space\">\u3010Product Characteristic\u3011Off-white powder<\/div>\n<div class=\"auto-hide-last-sibling-br paragraph-JOTKXA paragraph-element br-paragraph-space\">\u3010Extraction Source\u3011Mangosteen<\/div>\n<div class=\"auto-hide-last-sibling-br paragraph-JOTKXA paragraph-element br-paragraph-space\">\u3010Product Mesh Size\u3011100% through 80 mesh<\/div>\n<div class=\"auto-hide-last-sibling-br paragraph-JOTKXA paragraph-element br-paragraph-space\">\u3010Storage Conditions\u3011This product should be sealed, protected from light and high temperature, and stored in a dry, cool and well-ventilated place.<\/div>\n<div class=\"auto-hide-last-sibling-br paragraph-JOTKXA paragraph-element br-paragraph-space\">\u3010Packaging Method\u3011Bulk goods: 25kg per cardboard drum; Small samples: 1kg per aluminum foil bag. Customized packaging is also available upon customer request.<\/div>\n<div class=\"auto-hide-last-sibling-br paragraph-JOTKXA paragraph-element br-paragraph-space\">\u3010Transportation Method\u3011Express delivery or logistics. Domestic express delivery arrives within 3 days, and logistics arrives within 5 days. The quotation generally includes domestic transportation costs.<\/div>\n<div class=\"auto-hide-last-sibling-br paragraph-JOTKXA paragraph-element br-paragraph-space\">\u3010Dur\u00e9e de conservation\u30112 ans<\/div>","protected":false},"featured_media":10200,"comment_status":"closed","ping_status":"closed","template":"","meta":[],"product_brand":[],"product_cat":[18,20],"product_tag":[],"class_list":{"0":"post-10199","1":"product","2":"type-product","3":"status-publish","4":"has-post-thumbnail","6":"product_cat-fruit-and-vegetable-powder","7":"product_cat-fruit-powder","9":"first","10":"instock","11":"shipping-taxable","12":"product-type-simple"},"_links":{"self":[{"href":"https:\/\/www.hvbio.com\/fr\/wp-json\/wp\/v2\/product\/10199","targetHints":{"allow":["GET"]}}],"collection":[{"href":"https:\/\/www.hvbio.com\/fr\/wp-json\/wp\/v2\/product"}],"about":[{"href":"https:\/\/www.hvbio.com\/fr\/wp-json\/wp\/v2\/types\/product"}],"replies":[{"embeddable":true,"href":"https:\/\/www.hvbio.com\/fr\/wp-json\/wp\/v2\/comments?post=10199"}],"wp:featuredmedia":[{"embeddable":true,"href":"https:\/\/www.hvbio.com\/fr\/wp-json\/wp\/v2\/media\/10200"}],"wp:attachment":[{"href":"https:\/\/www.hvbio.com\/fr\/wp-json\/wp\/v2\/media?parent=10199"}],"wp:term":[{"taxonomy":"product_brand","embeddable":true,"href":"https:\/\/www.hvbio.com\/fr\/wp-json\/wp\/v2\/product_brand?post=10199"},{"taxonomy":"product_cat","embeddable":true,"href":"https:\/\/www.hvbio.com\/fr\/wp-json\/wp\/v2\/product_cat?post=10199"},{"taxonomy":"product_tag","embeddable":true,"href":"https:\/\/www.hvbio.com\/fr\/wp-json\/wp\/v2\/product_tag?post=10199"}],"curies":[{"name":"wp","href":"https:\/\/api.w.org\/{rel}","templated":true}]}}