{"id":10204,"date":"2025-09-12T14:42:09","date_gmt":"2025-09-12T06:42:09","guid":{"rendered":"https:\/\/www.hvbio.com\/?post_type=product&#038;p=10204"},"modified":"2025-09-12T14:42:10","modified_gmt":"2025-09-12T06:42:10","slug":"aronia-berry-powder","status":"publish","type":"product","link":"https:\/\/www.hvbio.com\/fr\/produit\/aronia-berry-powder\/","title":{"rendered":"Poudre de baies d&#039;aronia"},"content":{"rendered":"<div class=\"auto-hide-last-sibling-br mdbox-table-root table-container-GhL7Lo\" data-scroll-inline-overflow=\"false\" data-scroll-inline-at-start=\"true\" data-scroll-inline-start-overflow=\"false\" data-scroll-inline-at-end=\"true\" data-scroll-inline-end-overflow=\"false\">\n<div class=\"table-scroll-container-hgHkfW mdbox-table-scroll-container\">\n<table>\n<thead>\n<tr>\n<th><strong>Article<\/strong><\/th>\n<th><strong>Description<\/strong><\/th>\n<\/tr>\n<\/thead>\n<tbody>\n<tr>\n<td>Nom du produit<\/td>\n<td>Poudre de baies d&#039;aronia<\/td>\n<\/tr>\n<tr>\n<td>Ingr\u00e9dients principaux<\/td>\n<td>Substances multi-enzymatiques, glucides, vitamines, min\u00e9raux<\/td>\n<\/tr>\n<tr>\n<td>Source d&#039;extraction<\/td>\n<td>Extrait des fruits de\u00a0<em>Aronia melanocarpa<\/em>\u00a0(\u00e9galement connu sous le nom d&#039;aronia noir, baie d&#039;immortalit\u00e9 ; son nom scientifique \u00e9tant\u00a0<em>Aronia melanocarpa<\/em>). Originaire des for\u00eats humides et des mar\u00e9cages de l&#039;est de l&#039;Am\u00e9rique du Nord, la plante est aujourd&#039;hui cultiv\u00e9e dans de nombreuses r\u00e9gions, comme le Liaoning, le Jilin et le Heilongjiang en Chine, ainsi qu&#039;en Pologne, en Russie, aux \u00c9tats-Unis, au Canada et dans d&#039;autres pays. Le produit est transform\u00e9 en poudre \u00e0 partir de baies d&#039;aronia m\u00fbres comme mati\u00e8res premi\u00e8res, gr\u00e2ce \u00e0 des proc\u00e9d\u00e9s tels que le nettoyage, le s\u00e9chage (lyophilisation, s\u00e9chage par atomisation, etc.) et le broyage. Certains produits sont extraits \u00e0 partir de fruits d&#039;origines sp\u00e9cifiques (par exemple, les baies d&#039;aronia indig\u00e8nes de Pologne, les baies d&#039;aronia cultiv\u00e9es dans la vall\u00e9e de la Somme en Iowa, etc.).<\/td>\n<\/tr>\n<tr>\n<td>Apparence<\/td>\n<td>Poudre violette ; libre, sans agglom\u00e9ration et sans impuret\u00e9s visibles \u00e0 l&#039;\u0153il nu<\/td>\n<\/tr>\n<tr>\n<td>M\u00e9thode de d\u00e9tection<\/td>\n<td>CCM (chromatographie sur couche mince)<\/td>\n<\/tr>\n<tr>\n<td>Formes posologiques d&#039;application<\/td>\n<td>Largement applicable<\/td>\n<\/tr>\n<tr>\n<td>D\u00e9lai d&#039;approvisionnement<\/td>\n<td>Toute l&#039;ann\u00e9e<\/td>\n<\/tr>\n<tr>\n<td>Conditions de stockage<\/td>\n<td>Conserver dans un r\u00e9cipient herm\u00e9tiquement ferm\u00e9 ; conserver dans un endroit frais, sec et \u00e0 l&#039;abri de la lumi\u00e8re, \u00e0 l&#039;abri des sources de chaleur et des environnements humides.<\/td>\n<\/tr>\n<tr>\n<td>Dur\u00e9e de conservation<\/td>\n<td>2 ans<\/td>\n<\/tr>\n<\/tbody>\n<\/table>\n<\/div>\n<\/div>\n<h3 class=\"header-vfC6AV auto-hide-last-sibling-br\">Notes de traduction :<\/h3>","protected":false},"excerpt":{"rendered":"<h4 class=\"header-vfC6AV auto-hide-last-sibling-br\">Nom du produit : Poudre de baies d&#039;aronia<\/h4>\n<h4 class=\"header-vfC6AV auto-hide-last-sibling-br\">Ingr\u00e9dients principaux :<\/h4>\n<h4 class=\"auto-hide-last-sibling-br paragraph-JOTKXA paragraph-element br-paragraph-space\">Substances multi-enzymatiques, glucides, vitamines, min\u00e9raux<\/h4>\n<h4 class=\"header-vfC6AV auto-hide-last-sibling-br\">Source d&#039;extraction :<\/h4>\n<h4 class=\"auto-hide-last-sibling-br paragraph-JOTKXA paragraph-element br-paragraph-space\">Extrait des fruits de\u00a0<em>Aronia melanocarpa<\/em>\u00a0(une plante du genre\u00a0<em>Sorbus<\/em>\u00a0(famille des Rosac\u00e9es), \u00e9galement connue sous le nom d&#039;aronia noir ou baie d&#039;immortalit\u00e9. Originaire des for\u00eats humides et des mar\u00e9cages de l&#039;est de l&#039;Am\u00e9rique du Nord, cette plante est aujourd&#039;hui cultiv\u00e9e dans de nombreuses r\u00e9gions, notamment le Liaoning, le Jilin et le Heilongjiang en Chine, ainsi que dans des zones de production d&#039;outre-mer comme la Pologne, la Russie, les \u00c9tats-Unis et le Canada. La poudre est fabriqu\u00e9e \u00e0 partir de baies d&#039;aronia m\u00fbres comme mati\u00e8re premi\u00e8re, par des proc\u00e9d\u00e9s incluant le nettoyage, le s\u00e9chage (lyophilisation, s\u00e9chage par atomisation, etc.) et le broyage. Certains produits sont extraits de fruits d&#039;origines sp\u00e9cifiques (par exemple, les baies d&#039;aronia indig\u00e8nes de Pologne, les baies d&#039;aronia cultiv\u00e9es dans la vall\u00e9e de la Somme, dans l&#039;Iowa, etc.).<\/h4>\n<h4 class=\"header-vfC6AV auto-hide-last-sibling-br\">Apparence:<\/h4>\n<h4 class=\"auto-hide-last-sibling-br paragraph-JOTKXA paragraph-element br-paragraph-space\">Poudre violette, libre sans agglom\u00e9ration, aucune impuret\u00e9 visible \u00e0 l&#039;\u0153il nu<\/h4>\n<h4 class=\"header-vfC6AV auto-hide-last-sibling-br\">M\u00e9thode de d\u00e9tection :<\/h4>\n<h4 class=\"auto-hide-last-sibling-br paragraph-JOTKXA paragraph-element br-paragraph-space\">CCM (chromatographie sur couche mince)<\/h4>\n<h4 class=\"header-vfC6AV auto-hide-last-sibling-br\">Formes posologiques d&#039;application :<\/h4>\n<h4 class=\"auto-hide-last-sibling-br paragraph-JOTKXA paragraph-element br-paragraph-space\">Largement applicable<\/h4>\n<h4 class=\"header-vfC6AV auto-hide-last-sibling-br\">D\u00e9lai de livraison :<\/h4>\n<h4 class=\"auto-hide-last-sibling-br paragraph-JOTKXA paragraph-element br-paragraph-space\">Toute l&#039;ann\u00e9e<\/h4>\n<h4 class=\"header-vfC6AV auto-hide-last-sibling-br\">Instructions d&#039;achat<\/h4>\n<ul class=\"auto-hide-last-sibling-br\">\n<li>\n<h4>\u3010M\u00e9thode d&#039;emballage\u301125 kg par f\u00fbt en papier ou sac en aluminium<\/h4>\n<\/li>\n<li>\n<h4>\u3010Conditions de stockage\u3011Doit \u00eatre scell\u00e9 et prot\u00e9g\u00e9 de la lumi\u00e8re, et stock\u00e9 dans un endroit sec, frais et bien ventil\u00e9<\/h4>\n<\/li>\n<li>\n<h4>\u3010Dur\u00e9e de conservation\u30112 ans<\/h4>\n<\/li>\n<li>\n<h4>\u3010Fourniture d&#039;\u00e9chantillons\u3011En g\u00e9n\u00e9ral, des \u00e9chantillons de 5 \u00e0 20 g sont fournis pour le produit ; des frais d&#039;\u00e9chantillon sont factur\u00e9s pour certains produits.<\/h4>\n<\/li>\n<li>\n<h4>\u3010Emballage du produit\u3011Emball\u00e9 dans des f\u00fbts en papier ou des sacs en aluminium (emballage personnalis\u00e9 disponible sur demande du client)<\/h4>\n<\/li>\n<li>\n<h4>\u3010D\u00e9lai de livraison\u3011Les produits non personnalis\u00e9s seront exp\u00e9di\u00e9s dans les 48 heures ; le d\u00e9lai de livraison des produits personnalis\u00e9s sera ajust\u00e9 en fonction des besoins r\u00e9els.<\/h4>\n<\/li>\n<li>\n<h4>\u3010M\u00e9thode d&#039;emballage\u301125 kg par f\u00fbt en papier ou sac en aluminium ; l&#039;emballage peut \u00eatre ajust\u00e9 en fonction des conditions r\u00e9elles.<\/h4>\n<\/li>\n<li>\n<h4>\u3010Mode de transport\u3011Logistique express nationale ; le devis comprend les frais de transport.<\/h4>\n<\/li>\n<li>\n<h4>\u3010Conditions de stockage\u3011Scell\u00e9 et prot\u00e9g\u00e9 de la lumi\u00e8re, stock\u00e9 dans un endroit sec, frais et bien ventil\u00e9<\/h4>\n<\/li>\n<\/ul>","protected":false},"featured_media":10205,"comment_status":"closed","ping_status":"closed","template":"","meta":[],"product_brand":[],"product_cat":[18,20],"product_tag":[],"class_list":{"0":"post-10204","1":"product","2":"type-product","3":"status-publish","4":"has-post-thumbnail","6":"product_cat-fruit-and-vegetable-powder","7":"product_cat-fruit-powder","9":"first","10":"instock","11":"shipping-taxable","12":"product-type-simple"},"_links":{"self":[{"href":"https:\/\/www.hvbio.com\/fr\/wp-json\/wp\/v2\/product\/10204","targetHints":{"allow":["GET"]}}],"collection":[{"href":"https:\/\/www.hvbio.com\/fr\/wp-json\/wp\/v2\/product"}],"about":[{"href":"https:\/\/www.hvbio.com\/fr\/wp-json\/wp\/v2\/types\/product"}],"replies":[{"embeddable":true,"href":"https:\/\/www.hvbio.com\/fr\/wp-json\/wp\/v2\/comments?post=10204"}],"wp:featuredmedia":[{"embeddable":true,"href":"https:\/\/www.hvbio.com\/fr\/wp-json\/wp\/v2\/media\/10205"}],"wp:attachment":[{"href":"https:\/\/www.hvbio.com\/fr\/wp-json\/wp\/v2\/media?parent=10204"}],"wp:term":[{"taxonomy":"product_brand","embeddable":true,"href":"https:\/\/www.hvbio.com\/fr\/wp-json\/wp\/v2\/product_brand?post=10204"},{"taxonomy":"product_cat","embeddable":true,"href":"https:\/\/www.hvbio.com\/fr\/wp-json\/wp\/v2\/product_cat?post=10204"},{"taxonomy":"product_tag","embeddable":true,"href":"https:\/\/www.hvbio.com\/fr\/wp-json\/wp\/v2\/product_tag?post=10204"}],"curies":[{"name":"wp","href":"https:\/\/api.w.org\/{rel}","templated":true}]}}