{"id":10209,"date":"2025-09-12T14:48:52","date_gmt":"2025-09-12T06:48:52","guid":{"rendered":"https:\/\/www.hvbio.com\/?post_type=product&#038;p=10209"},"modified":"2025-09-12T14:48:53","modified_gmt":"2025-09-12T06:48:53","slug":"black-carrot-powder","status":"publish","type":"product","link":"https:\/\/www.hvbio.com\/fr\/produit\/black-carrot-powder\/","title":{"rendered":"Poudre de carotte noire"},"content":{"rendered":"<table>\n<thead>\n<tr>\n<th><strong>Article<\/strong><\/th>\n<th><strong>Description<\/strong><\/th>\n<\/tr>\n<\/thead>\n<tbody>\n<tr>\n<td>Nom du produit<\/td>\n<td>Poudre de carotte noire<\/td>\n<\/tr>\n<tr>\n<td>Ingr\u00e9dients principaux<\/td>\n<td>Anthocyanes, carot\u00e9no\u00efdes, vitamines, min\u00e9raux, fibres alimentaires<\/td>\n<\/tr>\n<tr>\n<td>Source d&#039;extraction<\/td>\n<td>Extrait des racines pivotantes charnues de\u00a0<em>Daucus carota<\/em>\u00a0(une plante du genre\u00a0<em>Daucus<\/em>\u00a0de la famille des Apiac\u00e9es, commun\u00e9ment appel\u00e9e carotte noire)<\/td>\n<\/tr>\n<tr>\n<td>Origine Distribution<\/td>\n<td>Les carottes noires sont originaires d&#039;Asie centrale et du bassin m\u00e9diterran\u00e9en. Elles sont cultiv\u00e9es en Turquie, en Inde et dans certaines r\u00e9gions de Chine (comme le Ningxia, etc.). Leur teneur en nutriments peut varier selon les origines. Certains produits utilisent des carottes noires provenant de r\u00e9gions de production sp\u00e9cifiques (par exemple, la Pologne, l&#039;Iowa aux \u00c9tats-Unis, etc.), tandis que la Chine produit \u00e9galement des mati\u00e8res premi\u00e8res non polluantes.<\/td>\n<\/tr>\n<tr>\n<td>Flux de traitement<\/td>\n<td>\u00c0 partir de carottes noires comme mati\u00e8re premi\u00e8re, la poudre est obtenue par des proc\u00e9d\u00e9s tels que le nettoyage, le broyage, le pressage, la filtration, l&#039;adsorption, la concentration et le s\u00e9chage par atomisation (ou des technologies telles que le s\u00e9chage par atomisation, le broyage physique \u00e0 basse temp\u00e9rature, etc.). Certains produits privil\u00e9gient des proc\u00e9d\u00e9s comme la lyophilisation, qui permettent de mieux conserver les nutriments, ce qui permet d&#039;obtenir une poudre de carotte noire comestible. Les m\u00e9thodes d&#039;extraction courantes comprennent l&#039;extraction par solvant, l&#039;extraction par ultrasons, l&#039;extraction par micro-ondes et l&#039;extraction supercritique\u00a0; les m\u00e9thodes de raffinage incluent la purification par adsorption sur r\u00e9sine, la chromatographie sur gel, l&#039;ultrafiltration et la m\u00e9thode enzymatique. Dans l&#039;industrie, l&#039;extraction par solvant et la purification par adsorption sur r\u00e9sine sont principalement utilis\u00e9es.<\/td>\n<\/tr>\n<tr>\n<td>Apparence<\/td>\n<td>Poudre rouge fonc\u00e9 ; libre, sans agglom\u00e9ration et sans impuret\u00e9s visibles \u00e0 l&#039;\u0153il nu<\/td>\n<\/tr>\n<tr>\n<td>M\u00e9thode de d\u00e9tection<\/td>\n<td>CCM (chromatographie sur couche mince)<\/td>\n<\/tr>\n<tr>\n<td>Formes posologiques d&#039;application<\/td>\n<td>Largement applicable<\/td>\n<\/tr>\n<tr>\n<td>D\u00e9lai d&#039;approvisionnement<\/td>\n<td>Toute l&#039;ann\u00e9e<\/td>\n<\/tr>\n<tr>\n<td>Conditions de stockage<\/td>\n<td>Conserver dans un r\u00e9cipient herm\u00e9tiquement ferm\u00e9 ; conserver dans un endroit frais, sec et \u00e0 l&#039;abri de la lumi\u00e8re, \u00e0 l&#039;abri des sources de chaleur et des environnements humides.<\/td>\n<\/tr>\n<tr>\n<td>Dur\u00e9e de conservation<\/td>\n<td>2 ans<\/td>\n<\/tr>\n<\/tbody>\n<\/table>","protected":false},"excerpt":{"rendered":"<h4 class=\"header-vfC6AV auto-hide-last-sibling-br\">Nom du produit : Poudre de carotte noire<\/h4>\n<h4 class=\"header-vfC6AV auto-hide-last-sibling-br\">Ingr\u00e9dients principaux :<\/h4>\n<h4 class=\"auto-hide-last-sibling-br paragraph-JOTKXA paragraph-element br-paragraph-space\">Anthocyanes, carot\u00e9no\u00efdes, vitamines, min\u00e9raux, fibres alimentaires<\/h4>\n<h4 class=\"header-vfC6AV auto-hide-last-sibling-br\">Source d&#039;extraction :<\/h4>\n<h4 class=\"auto-hide-last-sibling-br paragraph-JOTKXA paragraph-element br-paragraph-space\">Extrait des racines pivotantes charnues de\u00a0<em>Daucus carota<\/em>\u00a0(une plante du genre\u00a0<em>Daucus<\/em>\u00a0de la famille des Apiac\u00e9es, commun\u00e9ment appel\u00e9e carotte noire)<\/h4>\n<h4 class=\"header-vfC6AV auto-hide-last-sibling-br\">Origine Distribution:<\/h4>\n<h4 class=\"auto-hide-last-sibling-br paragraph-JOTKXA paragraph-element br-paragraph-space\">Les carottes noires sont originaires d&#039;Asie centrale et du bassin m\u00e9diterran\u00e9en. Elles sont cultiv\u00e9es en Turquie, en Inde et dans certaines r\u00e9gions de Chine (comme le Ningxia). Leur teneur en nutriments peut varier selon les origines. Certains produits utilisent des carottes noires provenant de r\u00e9gions de production sp\u00e9cifiques (par exemple, la Pologne et l&#039;Iowa aux \u00c9tats-Unis), tandis que la Chine dispose \u00e9galement de mati\u00e8res premi\u00e8res non polluantes produites localement.<\/h4>\n<h4 class=\"header-vfC6AV auto-hide-last-sibling-br\">Flux de traitement :<\/h4>\n<h4 class=\"auto-hide-last-sibling-br paragraph-JOTKXA paragraph-element br-paragraph-space\">\u00c0 partir de carottes noires comme mati\u00e8re premi\u00e8re, la poudre est produite par des proc\u00e9d\u00e9s tels que le nettoyage, le broyage, le pressage, la filtration, l&#039;adsorption, la concentration et le s\u00e9chage par atomisation (ou des technologies telles que le s\u00e9chage par atomisation et le broyage physique \u00e0 basse temp\u00e9rature). Certains produits privil\u00e9gient des proc\u00e9d\u00e9s comme la lyophilisation, qui pr\u00e9servent mieux les nutriments, pour produire de la poudre de carotte noire comestible. Les m\u00e9thodes d&#039;extraction courantes comprennent l&#039;extraction par solvant, l&#039;extraction par ultrasons, l&#039;extraction par micro-ondes et l&#039;extraction supercritique\u00a0; les m\u00e9thodes de raffinage incluent la purification par adsorption sur r\u00e9sine, la chromatographie sur gel, l&#039;ultrafiltration et la m\u00e9thode enzymatique. \u00c0 l&#039;\u00e9chelle industrielle, l&#039;extraction par solvant et la purification par adsorption sur r\u00e9sine sont les principales m\u00e9thodes utilis\u00e9es.<\/h4>\n<h4 class=\"header-vfC6AV auto-hide-last-sibling-br\">Apparence:<\/h4>\n<h4 class=\"auto-hide-last-sibling-br paragraph-JOTKXA paragraph-element br-paragraph-space\">Poudre rouge fonc\u00e9, libre sans agglom\u00e9ration, aucune impuret\u00e9 visible \u00e0 l&#039;\u0153il nu<\/h4>\n<h4 class=\"header-vfC6AV auto-hide-last-sibling-br\">M\u00e9thode de d\u00e9tection :<\/h4>\n<h4 class=\"auto-hide-last-sibling-br paragraph-JOTKXA paragraph-element br-paragraph-space\">CCM (chromatographie sur couche mince)<\/h4>\n<h4 class=\"header-vfC6AV auto-hide-last-sibling-br\">Formes posologiques d&#039;application :<\/h4>\n<h4 class=\"auto-hide-last-sibling-br paragraph-JOTKXA paragraph-element br-paragraph-space\">Largement applicable<\/h4>\n<h4 class=\"header-vfC6AV auto-hide-last-sibling-br\">D\u00e9lai de livraison :<\/h4>\n<h4 class=\"auto-hide-last-sibling-br paragraph-JOTKXA paragraph-element br-paragraph-space\">Toute l&#039;ann\u00e9e<\/h4>\n<h4 class=\"header-vfC6AV auto-hide-last-sibling-br\">Instructions d&#039;achat<\/h4>\n<ul class=\"auto-hide-last-sibling-br\">\n<li>\n<h4>\u3010M\u00e9thode d&#039;emballage\u301125 kg par f\u00fbt en papier ou sac en aluminium<\/h4>\n<\/li>\n<li>\n<h4>\u3010Conditions de stockage\u3011Doit \u00eatre scell\u00e9 et prot\u00e9g\u00e9 de la lumi\u00e8re, et stock\u00e9 dans un endroit sec, frais et bien ventil\u00e9<\/h4>\n<\/li>\n<li>\n<h4>\u3010Dur\u00e9e de conservation\u30112 ans<\/h4>\n<\/li>\n<li>\n<h4>\u3010Fourniture d&#039;\u00e9chantillons\u3011En g\u00e9n\u00e9ral, des \u00e9chantillons de 5 \u00e0 20 g sont fournis pour le produit ; des frais d&#039;\u00e9chantillon sont factur\u00e9s pour certains produits.<\/h4>\n<\/li>\n<li>\n<h4>\u3010Emballage du produit\u3011Emball\u00e9 dans des f\u00fbts en papier ou des sacs en aluminium (emballage personnalis\u00e9 disponible sur demande du client)<\/h4>\n<\/li>\n<li>\n<h4>\u3010D\u00e9lai de livraison\u3011Les produits non personnalis\u00e9s seront exp\u00e9di\u00e9s dans les 48 heures ; le d\u00e9lai de livraison des produits personnalis\u00e9s sera ajust\u00e9 en fonction des besoins r\u00e9els.<\/h4>\n<\/li>\n<li>\n<h4>\u3010M\u00e9thode d&#039;emballage\u301125 kg par f\u00fbt en papier ou sac en aluminium ; l&#039;emballage peut \u00eatre ajust\u00e9 en fonction des conditions r\u00e9elles.<\/h4>\n<\/li>\n<li>\n<h4>\u3010Mode de transport\u3011Logistique express nationale ; le devis comprend les frais de transport.<\/h4>\n<\/li>\n<li>\n<h4>\u3010Conditions de stockage\u3011Scell\u00e9 et prot\u00e9g\u00e9 de la lumi\u00e8re, stock\u00e9 dans un endroit sec, frais et bien ventil\u00e9<\/h4>\n<\/li>\n<\/ul>","protected":false},"featured_media":10210,"comment_status":"closed","ping_status":"closed","template":"","meta":[],"product_brand":[],"product_cat":[18,20],"product_tag":[],"class_list":{"0":"post-10209","1":"product","2":"type-product","3":"status-publish","4":"has-post-thumbnail","6":"product_cat-fruit-and-vegetable-powder","7":"product_cat-fruit-powder","9":"first","10":"instock","11":"shipping-taxable","12":"product-type-simple"},"_links":{"self":[{"href":"https:\/\/www.hvbio.com\/fr\/wp-json\/wp\/v2\/product\/10209","targetHints":{"allow":["GET"]}}],"collection":[{"href":"https:\/\/www.hvbio.com\/fr\/wp-json\/wp\/v2\/product"}],"about":[{"href":"https:\/\/www.hvbio.com\/fr\/wp-json\/wp\/v2\/types\/product"}],"replies":[{"embeddable":true,"href":"https:\/\/www.hvbio.com\/fr\/wp-json\/wp\/v2\/comments?post=10209"}],"wp:featuredmedia":[{"embeddable":true,"href":"https:\/\/www.hvbio.com\/fr\/wp-json\/wp\/v2\/media\/10210"}],"wp:attachment":[{"href":"https:\/\/www.hvbio.com\/fr\/wp-json\/wp\/v2\/media?parent=10209"}],"wp:term":[{"taxonomy":"product_brand","embeddable":true,"href":"https:\/\/www.hvbio.com\/fr\/wp-json\/wp\/v2\/product_brand?post=10209"},{"taxonomy":"product_cat","embeddable":true,"href":"https:\/\/www.hvbio.com\/fr\/wp-json\/wp\/v2\/product_cat?post=10209"},{"taxonomy":"product_tag","embeddable":true,"href":"https:\/\/www.hvbio.com\/fr\/wp-json\/wp\/v2\/product_tag?post=10209"}],"curies":[{"name":"wp","href":"https:\/\/api.w.org\/{rel}","templated":true}]}}