{"id":10216,"date":"2025-09-12T14:50:45","date_gmt":"2025-09-12T06:50:45","guid":{"rendered":"https:\/\/www.hvbio.com\/?post_type=product&#038;p=10216"},"modified":"2025-09-12T14:50:45","modified_gmt":"2025-09-12T06:50:45","slug":"lutein-5","status":"publish","type":"product","link":"https:\/\/www.hvbio.com\/fr\/produit\/lutein-5\/","title":{"rendered":"Lut\u00e9ine 5%"},"content":{"rendered":"<table>\n<thead>\n<tr>\n<th><strong>Article<\/strong><\/th>\n<th><strong>D\u00e9tails<\/strong><\/th>\n<\/tr>\n<\/thead>\n<tbody>\n<tr>\n<td><strong>Nom du produit<\/strong><\/td>\n<td>Lut\u00e9ine 5%<\/td>\n<\/tr>\n<tr>\n<td><strong>Noms alternatifs<\/strong><\/td>\n<td>Plant Lutein, Carotenoids<\/td>\n<\/tr>\n<tr>\n<td><strong>Nom latin<\/strong><\/td>\n<td>Lutein<\/td>\n<\/tr>\n<tr>\n<td><strong>Source v\u00e9g\u00e9tale<\/strong><\/td>\n<td>Mainly found in vegetables, such as rape, spinach, lettuce, etc.<\/td>\n<\/tr>\n<tr>\n<td><strong>Ingr\u00e9dients actifs<\/strong><\/td>\n<td>Lutein, Zeaxanthin, Lutein Fatty Acid Esters<\/td>\n<\/tr>\n<tr>\n<td><strong>Sp\u00e9cification<\/strong><\/td>\n<td>Lutein 5%. For other specifications, please contact customer service for consultation.<\/td>\n<\/tr>\n<tr>\n<td><strong>Caract\u00e9ristiques<\/strong><\/td>\n<td>Orange-yellow powder, easy to absorb moisture, soluble in water, tested by HPLC (High Performance Liquid Chromatography).<\/td>\n<\/tr>\n<tr>\n<td><strong>Taille des mailles du produit<\/strong><\/td>\n<td>98% du produit passe \u00e0 travers un tamis de 80 mesh.<\/td>\n<\/tr>\n<tr>\n<td><strong>M\u00e9thode d&#039;emballage<\/strong><\/td>\n<td>25 kg par f\u00fbt en papier ou sac en aluminium.<\/td>\n<\/tr>\n<tr>\n<td><strong>Conditions de stockage<\/strong><\/td>\n<td>Doit \u00eatre ferm\u00e9 herm\u00e9tiquement et prot\u00e9g\u00e9 de la lumi\u00e8re, conserv\u00e9 dans un endroit sec, frais et bien ventil\u00e9.<\/td>\n<\/tr>\n<tr>\n<td><strong>Dur\u00e9e de conservation<\/strong><\/td>\n<td>24 mois<\/td>\n<\/tr>\n<tr>\n<td><strong>Express et logistique<\/strong><\/td>\n<td>Livraison par express ou logistique. Le d\u00e9lai de livraison est g\u00e9n\u00e9ralement de 3 jours pour les livraisons express nationales et de 5 jours pour les livraisons logistiques. Les devis incluent g\u00e9n\u00e9ralement les frais de transport nationaux.<\/td>\n<\/tr>\n<tr>\n<td><strong>Exemple de disposition<\/strong><\/td>\n<td>En g\u00e9n\u00e9ral, des \u00e9chantillons de 5 \u00e0 20 g sont fournis pour les produits ; des frais d&#039;\u00e9chantillonnage sont factur\u00e9s pour certains produits.<\/td>\n<\/tr>\n<\/tbody>\n<\/table>","protected":false},"excerpt":{"rendered":"<ul class=\"auto-hide-last-sibling-br\">\n<li><strong>Nom du produit<\/strong>: Lutein 5%<\/li>\n<li><strong>Noms alternatifs<\/strong>: Plant Lutein, Carotenoids<\/li>\n<li><strong>Nom latin<\/strong>: Lutein<\/li>\n<li><strong>Source v\u00e9g\u00e9tale<\/strong>: Mainly found in vegetables, such as rapeseed, spinach, lettuce, etc.<\/li>\n<li><strong>Ingr\u00e9dients actifs<\/strong>: Lutein, Zeaxanthin, Lutein Fatty Acid Esters<\/li>\n<li><strong>Sp\u00e9cification<\/strong>: Lutein 5%. For other specifications, please contact customer service for consultation.<\/li>\n<li><strong>Caract\u00e9ristiques<\/strong>: Orange-yellow powder, easy to absorb moisture, soluble in water, tested by HPLC.<\/li>\n<li><strong>Taille des mailles du produit<\/strong>: 98% passes through 80-mesh sieve<\/li>\n<li><strong>M\u00e9thode d&#039;emballage<\/strong>: 25 kg par f\u00fbt en papier ou sac en aluminium<\/li>\n<li><strong>Conditions de stockage<\/strong>:Doit \u00eatre scell\u00e9 et prot\u00e9g\u00e9 de la lumi\u00e8re, stock\u00e9 dans un endroit sec, frais et bien ventil\u00e9<\/li>\n<li><strong>Dur\u00e9e de conservation<\/strong>: 24 mois<\/li>\n<li><strong>Express et logistique<\/strong>: Express delivery or logistics. Domestic express delivery usually arrives within 3 days, and logistics usually arrives within 5 days. Quotations generally include domestic transportation costs.<\/li>\n<li><strong>Disponibilit\u00e9 des \u00e9chantillons<\/strong>: Generally, 5-20g samples are provided for products; sample fees are charged for some products.<\/li>\n<\/ul>","protected":false},"featured_media":10217,"comment_status":"closed","ping_status":"closed","template":"","meta":[],"product_brand":[],"product_cat":[17,23],"product_tag":[],"class_list":{"0":"post-10216","1":"product","2":"type-product","3":"status-publish","4":"has-post-thumbnail","6":"product_cat-plant-extract","7":"product_cat-standard-extract","9":"first","10":"instock","11":"shipping-taxable","12":"product-type-simple"},"_links":{"self":[{"href":"https:\/\/www.hvbio.com\/fr\/wp-json\/wp\/v2\/product\/10216","targetHints":{"allow":["GET"]}}],"collection":[{"href":"https:\/\/www.hvbio.com\/fr\/wp-json\/wp\/v2\/product"}],"about":[{"href":"https:\/\/www.hvbio.com\/fr\/wp-json\/wp\/v2\/types\/product"}],"replies":[{"embeddable":true,"href":"https:\/\/www.hvbio.com\/fr\/wp-json\/wp\/v2\/comments?post=10216"}],"wp:featuredmedia":[{"embeddable":true,"href":"https:\/\/www.hvbio.com\/fr\/wp-json\/wp\/v2\/media\/10217"}],"wp:attachment":[{"href":"https:\/\/www.hvbio.com\/fr\/wp-json\/wp\/v2\/media?parent=10216"}],"wp:term":[{"taxonomy":"product_brand","embeddable":true,"href":"https:\/\/www.hvbio.com\/fr\/wp-json\/wp\/v2\/product_brand?post=10216"},{"taxonomy":"product_cat","embeddable":true,"href":"https:\/\/www.hvbio.com\/fr\/wp-json\/wp\/v2\/product_cat?post=10216"},{"taxonomy":"product_tag","embeddable":true,"href":"https:\/\/www.hvbio.com\/fr\/wp-json\/wp\/v2\/product_tag?post=10216"}],"curies":[{"name":"wp","href":"https:\/\/api.w.org\/{rel}","templated":true}]}}