{"id":10235,"date":"2025-09-12T15:08:59","date_gmt":"2025-09-12T07:08:59","guid":{"rendered":"https:\/\/www.hvbio.com\/?post_type=product&#038;p=10235"},"modified":"2025-09-12T15:08:59","modified_gmt":"2025-09-12T07:08:59","slug":"functional-red-yeast-rice-powder","status":"publish","type":"product","link":"https:\/\/www.hvbio.com\/fr\/produit\/functional-red-yeast-rice-powder\/","title":{"rendered":"Poudre de levure de riz rouge fonctionnelle"},"content":{"rendered":"<table>\n<thead>\n<tr>\n<th><strong>Article<\/strong><\/th>\n<th><strong>Description<\/strong><\/th>\n<\/tr>\n<\/thead>\n<tbody>\n<tr>\n<td>Nom du produit<\/td>\n<td>Poudre de levure de riz rouge fonctionnelle<\/td>\n<\/tr>\n<tr>\n<td>Ingr\u00e9dients principaux<\/td>\n<td>Composants nutritionnels et pigmentaires de base, micronutriments et autres ingr\u00e9dients actifs<\/td>\n<\/tr>\n<tr>\n<td>Source d&#039;extraction<\/td>\n<td>Du riz de haute qualit\u00e9 (g\u00e9n\u00e9ralement du riz indica, du riz gluant ou du riz japonica, riche en amidon et pauvre en impuret\u00e9s, fournissant ainsi des sources de carbone suffisantes pour la fermentation microbienne) est utilis\u00e9 comme seul support de fermentation. Aucun autre grain ni additif n&#039;est ajout\u00e9 afin de garantir la puret\u00e9 des produits de fermentation et l&#039;accumulation des principes actifs.<\/td>\n<\/tr>\n<tr>\n<td>Apparence<\/td>\n<td>Poudre rouge fonc\u00e9 ; libre, sans agglom\u00e9ration et sans impuret\u00e9s visibles \u00e0 l&#039;\u0153il nu<\/td>\n<\/tr>\n<tr>\n<td>M\u00e9thode de d\u00e9tection<\/td>\n<td>CCM (chromatographie sur couche mince)<\/td>\n<\/tr>\n<tr>\n<td>Formes posologiques d&#039;application<\/td>\n<td>Largement applicable<\/td>\n<\/tr>\n<tr>\n<td>D\u00e9lai d&#039;approvisionnement<\/td>\n<td>Toute l&#039;ann\u00e9e<\/td>\n<\/tr>\n<tr>\n<td>Conditions de stockage<\/td>\n<td>Conserver dans un r\u00e9cipient herm\u00e9tiquement ferm\u00e9 ; conserver dans un endroit frais, sec et \u00e0 l&#039;abri de la lumi\u00e8re, \u00e0 l&#039;abri des sources de chaleur et des environnements humides.<\/td>\n<\/tr>\n<tr>\n<td>Dur\u00e9e de conservation<\/td>\n<td>2 ans<\/td>\n<\/tr>\n<\/tbody>\n<\/table>","protected":false},"excerpt":{"rendered":"<h1 class=\"header-vfC6AV auto-hide-last-sibling-br\">Nom du produit : Poudre de levure de riz rouge fonctionnelle<\/h1>\n<h2 class=\"header-vfC6AV auto-hide-last-sibling-br\">Ingr\u00e9dients principaux :<\/h2>\n<div class=\"auto-hide-last-sibling-br paragraph-JOTKXA paragraph-element br-paragraph-space\">Composants nutritionnels et pigmentaires de base, micronutriments et autres ingr\u00e9dients actifs<\/div>\n<h2 class=\"header-vfC6AV auto-hide-last-sibling-br\">Source d&#039;extraction :<\/h2>\n<div class=\"auto-hide-last-sibling-br paragraph-JOTKXA paragraph-element br-paragraph-space\">Du riz de haute qualit\u00e9 (g\u00e9n\u00e9ralement du riz indica, du riz gluant ou du riz japonica, riche en amidon et pauvre en impuret\u00e9s, et capable de fournir suffisamment de carbone pour la fermentation microbienne) est utilis\u00e9 comme seul support de fermentation. Aucun autre grain ni additif n&#039;est ajout\u00e9 afin de garantir la puret\u00e9 des produits de fermentation et l&#039;accumulation des principes actifs.<\/div>\n<h2 class=\"header-vfC6AV auto-hide-last-sibling-br\">Apparence:<\/h2>\n<div class=\"auto-hide-last-sibling-br paragraph-JOTKXA paragraph-element br-paragraph-space\">Poudre rouge fonc\u00e9, libre sans agglom\u00e9ration, aucune impuret\u00e9 visible \u00e0 l&#039;\u0153il nu<\/div>\n<h2 class=\"header-vfC6AV auto-hide-last-sibling-br\">M\u00e9thode de d\u00e9tection :<\/h2>\n<div class=\"auto-hide-last-sibling-br paragraph-JOTKXA paragraph-element br-paragraph-space\">CCM (chromatographie sur couche mince)<\/div>\n<h2 class=\"header-vfC6AV auto-hide-last-sibling-br\">Formes posologiques d&#039;application :<\/h2>\n<div class=\"auto-hide-last-sibling-br paragraph-JOTKXA paragraph-element br-paragraph-space\">Largement applicable<\/div>\n<h2 class=\"header-vfC6AV auto-hide-last-sibling-br\">D\u00e9lai de livraison :<\/h2>\n<div class=\"auto-hide-last-sibling-br paragraph-JOTKXA paragraph-element br-paragraph-space\">Toute l&#039;ann\u00e9e<\/div>\n<h2 class=\"header-vfC6AV auto-hide-last-sibling-br\">Instructions d&#039;achat<\/h2>\n<ul class=\"auto-hide-last-sibling-br\">\n<li>\u3010M\u00e9thode d&#039;emballage\u301125 kg par f\u00fbt en papier ou sac en aluminium<\/li>\n<li>\u3010Conditions de stockage\u3011Doit \u00eatre scell\u00e9 et prot\u00e9g\u00e9 de la lumi\u00e8re, et stock\u00e9 dans un endroit sec, frais et bien ventil\u00e9<\/li>\n<li>\u3010Dur\u00e9e de conservation\u30112 ans<\/li>\n<li>\u3010Fourniture d&#039;\u00e9chantillons\u3011En g\u00e9n\u00e9ral, des \u00e9chantillons de 5 \u00e0 20 g sont fournis pour le produit ; des frais d&#039;\u00e9chantillon sont factur\u00e9s pour certains produits.<\/li>\n<li>\u3010Emballage du produit\u3011Emball\u00e9 dans des f\u00fbts en papier ou des sacs en aluminium (emballage personnalis\u00e9 disponible sur demande du client)<\/li>\n<li>\u3010D\u00e9lai de livraison\u3011Les produits non personnalis\u00e9s seront exp\u00e9di\u00e9s dans les 48 heures ; le d\u00e9lai de livraison des produits personnalis\u00e9s sera ajust\u00e9 en fonction des besoins r\u00e9els.<\/li>\n<li>\u3010M\u00e9thode d&#039;emballage\u301125 kg par f\u00fbt en papier ou sac en aluminium ; l&#039;emballage peut \u00eatre ajust\u00e9 en fonction des conditions r\u00e9elles.<\/li>\n<li>\u3010Mode de transport\u3011Logistique express nationale ; le devis comprend les frais de transport.<\/li>\n<li>\u3010Conditions de stockage\u3011Scell\u00e9 et prot\u00e9g\u00e9 de la lumi\u00e8re, conserv\u00e9 dans un endroit sec, frais et bien ventil\u00e9<\/li>\n<\/ul>","protected":false},"featured_media":10236,"comment_status":"closed","ping_status":"closed","template":"","meta":[],"product_brand":[],"product_cat":[18,20],"product_tag":[],"class_list":{"0":"post-10235","1":"product","2":"type-product","3":"status-publish","4":"has-post-thumbnail","6":"product_cat-fruit-and-vegetable-powder","7":"product_cat-fruit-powder","9":"first","10":"instock","11":"shipping-taxable","12":"product-type-simple"},"_links":{"self":[{"href":"https:\/\/www.hvbio.com\/fr\/wp-json\/wp\/v2\/product\/10235","targetHints":{"allow":["GET"]}}],"collection":[{"href":"https:\/\/www.hvbio.com\/fr\/wp-json\/wp\/v2\/product"}],"about":[{"href":"https:\/\/www.hvbio.com\/fr\/wp-json\/wp\/v2\/types\/product"}],"replies":[{"embeddable":true,"href":"https:\/\/www.hvbio.com\/fr\/wp-json\/wp\/v2\/comments?post=10235"}],"wp:featuredmedia":[{"embeddable":true,"href":"https:\/\/www.hvbio.com\/fr\/wp-json\/wp\/v2\/media\/10236"}],"wp:attachment":[{"href":"https:\/\/www.hvbio.com\/fr\/wp-json\/wp\/v2\/media?parent=10235"}],"wp:term":[{"taxonomy":"product_brand","embeddable":true,"href":"https:\/\/www.hvbio.com\/fr\/wp-json\/wp\/v2\/product_brand?post=10235"},{"taxonomy":"product_cat","embeddable":true,"href":"https:\/\/www.hvbio.com\/fr\/wp-json\/wp\/v2\/product_cat?post=10235"},{"taxonomy":"product_tag","embeddable":true,"href":"https:\/\/www.hvbio.com\/fr\/wp-json\/wp\/v2\/product_tag?post=10235"}],"curies":[{"name":"wp","href":"https:\/\/api.w.org\/{rel}","templated":true}]}}