{"id":10240,"date":"2025-09-12T15:46:13","date_gmt":"2025-09-12T07:46:13","guid":{"rendered":"https:\/\/www.hvbio.com\/?post_type=product&#038;p=10240"},"modified":"2025-09-12T16:22:24","modified_gmt":"2025-09-12T08:22:24","slug":"ginseng-fruit-powder","status":"publish","type":"product","link":"https:\/\/www.hvbio.com\/fr\/produit\/ginseng-fruit-powder\/","title":{"rendered":"Poudre de fruit de ginseng"},"content":{"rendered":"<table>\n<thead>\n<tr>\n<th>Article<\/th>\n<th>D\u00e9tails<\/th>\n<\/tr>\n<\/thead>\n<tbody>\n<tr>\n<td><strong>Nom du produit<\/strong><\/td>\n<td>Poudre de fruit de ginseng<\/td>\n<\/tr>\n<tr>\n<td><strong>Alias de produit<\/strong><\/td>\n<td>Fruit immortel, poire parfum\u00e9e et magnifique, fruit magnifique, Cao Huan Dan (\u00e9lixir \u00e0 base de plantes de renaissance)<\/td>\n<\/tr>\n<tr>\n<td><strong>Nom anglais<\/strong><\/td>\n<td>Fruit du ginseng<\/td>\n<\/tr>\n<tr>\n<td><strong>Source d&#039;extraction<\/strong><\/td>\n<td>Baies de\u00a0<em>Panax ginseng<\/em>\u00a0CA Meyer (une plante appartenant \u00e0 la famille des Araliac\u00e9es)<\/td>\n<\/tr>\n<tr>\n<td><strong>Apparence du produit<\/strong><\/td>\n<td>Poudre fine<\/td>\n<\/tr>\n<tr>\n<td><strong>Sp\u00e9cifications du produit<\/strong><\/td>\n<td>10:1, 20:1<\/td>\n<\/tr>\n<tr>\n<td><strong>Processus de production<\/strong><\/td>\n<td>1. S\u00e9lectionner des mati\u00e8res premi\u00e8res de haute qualit\u00e9\u00a0; 2. Nettoyer les mati\u00e8res premi\u00e8res\u00a0; 3. Extraire 3 fois\u00a0; 4. Concentrer\u00a0; 5. S\u00e9cher par atomisation en poudre\u00a0; 6. Tamiser et st\u00e9riliser\u00a0; 7. Emballer<\/td>\n<\/tr>\n<tr>\n<td><strong>Taille des mailles du produit<\/strong><\/td>\n<td>80 mesh \u2013 100 mesh<\/td>\n<\/tr>\n<tr>\n<td><strong>M\u00e9thode de stockage<\/strong><\/td>\n<td>Conserver dans un endroit bien a\u00e9r\u00e9, sec, frais et \u00e0 l&#039;abri des mites, \u00e0 l&#039;abri de la lumi\u00e8re<\/td>\n<\/tr>\n<tr>\n<td><strong>Sp\u00e9cifications d&#039;emballage<\/strong><\/td>\n<td>1-5 kg\/sac en aluminium + carton rigide ; 25 kg\/f\u00fbt en papier<\/td>\n<\/tr>\n<tr>\n<td><strong>Dur\u00e9e de conservation<\/strong><\/td>\n<td>24 mois<\/td>\n<\/tr>\n<\/tbody>\n<\/table>","protected":false},"excerpt":{"rendered":"<div class=\"auto-hide-last-sibling-br paragraph-JOTKXA paragraph-element br-paragraph-space\"><strong>Nom du produit<\/strong>: Poudre de fruit de ginseng<br class=\"container-utlnW2 wrapper-d0Cc1k undefined\" \/><strong>Noms alternatifs<\/strong>: Fruit immortel, poire parfum\u00e9e et magnifique, fruit magnifique, Caohuandan<br class=\"container-utlnW2 wrapper-d0Cc1k undefined\" \/><strong>Nom anglais<\/strong>: Fruit du ginseng<\/div>\n<div class=\"auto-hide-last-sibling-br paragraph-JOTKXA paragraph-element br-paragraph-space\"><strong>Source d&#039;extraction<\/strong>: Baies de\u00a0<em>Panax ginseng<\/em>\u00a0CA Mey. (une plante appartenant \u00e0 la famille des Araliac\u00e9es)<\/div>\n<div class=\"auto-hide-last-sibling-br paragraph-JOTKXA paragraph-element br-paragraph-space\"><strong>Apparence du produit<\/strong>: Poudre fine<\/div>\n<div class=\"auto-hide-last-sibling-br paragraph-JOTKXA paragraph-element br-paragraph-space\"><strong>Sp\u00e9cifications du produit<\/strong>: 10:1, 20:1<\/div>\n<div class=\"auto-hide-last-sibling-br paragraph-JOTKXA paragraph-element br-paragraph-space\"><strong>Processus de production<\/strong>:<\/div>\n<ol class=\"auto-hide-last-sibling-br\">\n<li>S\u00e9lection de mati\u00e8res premi\u00e8res de haute qualit\u00e9<\/li>\n<li>Nettoyage des mati\u00e8res premi\u00e8res<\/li>\n<li>Triple extraction<\/li>\n<li>Concentration<\/li>\n<li>S\u00e9chage par atomisation en poudre<\/li>\n<li>Tamisage et st\u00e9rilisation<\/li>\n<li>Conditionnement<\/li>\n<\/ol>\n<div class=\"auto-hide-last-sibling-br paragraph-JOTKXA paragraph-element br-paragraph-space\"><strong>Taille des mailles du produit<\/strong>: 80-100 mesh<\/div>\n<div class=\"auto-hide-last-sibling-br paragraph-JOTKXA paragraph-element br-paragraph-space\"><strong>M\u00e9thode de stockage<\/strong>:Conserver dans un endroit a\u00e9r\u00e9, sec, frais et \u00e0 l&#039;abri des mites, \u00e0 l&#039;abri de la lumi\u00e8re<\/div>\n<div class=\"auto-hide-last-sibling-br paragraph-JOTKXA paragraph-element br-paragraph-space\"><strong>Sp\u00e9cifications d&#039;emballage<\/strong>:<\/div>\n<ul class=\"auto-hide-last-sibling-br\">\n<li>Sac en aluminium de 1 \u00e0 5 kg (emball\u00e9 dans un carton rigide)<\/li>\n<li>25 kg\/f\u00fbt de papier<\/li>\n<\/ul>\n<div class=\"auto-hide-last-sibling-br paragraph-JOTKXA paragraph-element br-paragraph-space\"><strong>Dur\u00e9e de conservation<\/strong>: 24 mois<\/div>","protected":false},"featured_media":10241,"comment_status":"closed","ping_status":"closed","template":"","meta":[],"product_brand":[],"product_cat":[18,20],"product_tag":[],"class_list":{"0":"post-10240","1":"product","2":"type-product","3":"status-publish","4":"has-post-thumbnail","6":"product_cat-fruit-and-vegetable-powder","7":"product_cat-fruit-powder","9":"first","10":"instock","11":"shipping-taxable","12":"product-type-simple"},"_links":{"self":[{"href":"https:\/\/www.hvbio.com\/fr\/wp-json\/wp\/v2\/product\/10240","targetHints":{"allow":["GET"]}}],"collection":[{"href":"https:\/\/www.hvbio.com\/fr\/wp-json\/wp\/v2\/product"}],"about":[{"href":"https:\/\/www.hvbio.com\/fr\/wp-json\/wp\/v2\/types\/product"}],"replies":[{"embeddable":true,"href":"https:\/\/www.hvbio.com\/fr\/wp-json\/wp\/v2\/comments?post=10240"}],"wp:featuredmedia":[{"embeddable":true,"href":"https:\/\/www.hvbio.com\/fr\/wp-json\/wp\/v2\/media\/10241"}],"wp:attachment":[{"href":"https:\/\/www.hvbio.com\/fr\/wp-json\/wp\/v2\/media?parent=10240"}],"wp:term":[{"taxonomy":"product_brand","embeddable":true,"href":"https:\/\/www.hvbio.com\/fr\/wp-json\/wp\/v2\/product_brand?post=10240"},{"taxonomy":"product_cat","embeddable":true,"href":"https:\/\/www.hvbio.com\/fr\/wp-json\/wp\/v2\/product_cat?post=10240"},{"taxonomy":"product_tag","embeddable":true,"href":"https:\/\/www.hvbio.com\/fr\/wp-json\/wp\/v2\/product_tag?post=10240"}],"curies":[{"name":"wp","href":"https:\/\/api.w.org\/{rel}","templated":true}]}}