{"id":10247,"date":"2025-09-12T15:34:48","date_gmt":"2025-09-12T07:34:48","guid":{"rendered":"https:\/\/www.hvbio.com\/?post_type=product&#038;p=10247"},"modified":"2025-09-12T15:34:48","modified_gmt":"2025-09-12T07:34:48","slug":"konjac-powder","status":"publish","type":"product","link":"https:\/\/www.hvbio.com\/fr\/produit\/konjac-powder\/","title":{"rendered":"Poudre de konjac"},"content":{"rendered":"<table>\n<thead>\n<tr>\n<th><strong>Article<\/strong><\/th>\n<th><strong>Description<\/strong><\/th>\n<\/tr>\n<\/thead>\n<tbody>\n<tr>\n<td>Nom du produit<\/td>\n<td>Poudre de konjac<\/td>\n<\/tr>\n<tr>\n<td>Ingr\u00e9dients principaux<\/td>\n<td>Ingr\u00e9dients actifs de base, ingr\u00e9dients nutritionnels de base, oligo-\u00e9l\u00e9ments et autres ingr\u00e9dients actifs<\/td>\n<\/tr>\n<tr>\n<td>Source d&#039;extraction<\/td>\n<td>Tubercules de la plante de konjac (nom scientifique :\u00a0<em>Amorphophallus<\/em>\u00a0spp.)<\/td>\n<\/tr>\n<tr>\n<td>Taille des mailles du produit<\/td>\n<td>98% passe \u00e0 travers un tamis de 80 mesh<\/td>\n<\/tr>\n<tr>\n<td>Apparence<\/td>\n<td>Poudre blanche ; libre, sans agglom\u00e9ration<\/td>\n<\/tr>\n<tr>\n<td>M\u00e9thode de d\u00e9tection<\/td>\n<td>CCM (chromatographie sur couche mince)<\/td>\n<\/tr>\n<tr>\n<td>Formes posologiques d&#039;application<\/td>\n<td>Largement applicable<\/td>\n<\/tr>\n<tr>\n<td>D\u00e9lai d&#039;approvisionnement<\/td>\n<td>Toute l&#039;ann\u00e9e<\/td>\n<\/tr>\n<tr>\n<td>Conditions de stockage<\/td>\n<td>Conserver dans un r\u00e9cipient herm\u00e9tiquement ferm\u00e9 ; conserver dans un endroit frais, sec et \u00e0 l&#039;abri de la lumi\u00e8re, \u00e0 l&#039;abri des sources de chaleur et des environnements humides.<\/td>\n<\/tr>\n<tr>\n<td>Dur\u00e9e de conservation<\/td>\n<td>2 ans<\/td>\n<\/tr>\n<\/tbody>\n<\/table>","protected":false},"excerpt":{"rendered":"<h4 class=\"header-vfC6AV auto-hide-last-sibling-br\">Nom du produit : Poudre de konjac<\/h4>\n<h4 class=\"header-vfC6AV auto-hide-last-sibling-br\">Ingr\u00e9dients principaux :<\/h4>\n<h4 class=\"auto-hide-last-sibling-br paragraph-JOTKXA paragraph-element br-paragraph-space\">Ingr\u00e9dients actifs de base, ingr\u00e9dients nutritionnels de base, oligo-\u00e9l\u00e9ments et autres ingr\u00e9dients actifs<\/h4>\n<h4 class=\"header-vfC6AV auto-hide-last-sibling-br\">Source d&#039;extraction :<\/h4>\n<h4 class=\"auto-hide-last-sibling-br paragraph-JOTKXA paragraph-element br-paragraph-space\">Tubercules de la plante de konjac (nom scientifique :\u00a0<em>Amorphophallus<\/em>\u00a0spp.)<\/h4>\n<h4 class=\"header-vfC6AV auto-hide-last-sibling-br\">Taille des mailles du produit :<\/h4>\n<h4 class=\"auto-hide-last-sibling-br paragraph-JOTKXA paragraph-element br-paragraph-space\">98% passe \u00e0 travers un tamis de 80 mesh<\/h4>\n<h4 class=\"header-vfC6AV auto-hide-last-sibling-br\">Apparence:<\/h4>\n<h4 class=\"auto-hide-last-sibling-br paragraph-JOTKXA paragraph-element br-paragraph-space\">Poudre blanche, libre sans agglom\u00e9ration<\/h4>\n<h4 class=\"header-vfC6AV auto-hide-last-sibling-br\">M\u00e9thode de d\u00e9tection :<\/h4>\n<h4 class=\"auto-hide-last-sibling-br paragraph-JOTKXA paragraph-element br-paragraph-space\">CCM (chromatographie sur couche mince)<\/h4>\n<h4 class=\"header-vfC6AV auto-hide-last-sibling-br\">Formes posologiques d&#039;application :<\/h4>\n<h4 class=\"auto-hide-last-sibling-br paragraph-JOTKXA paragraph-element br-paragraph-space\">Largement applicable<\/h4>\n<h4 class=\"header-vfC6AV auto-hide-last-sibling-br\">D\u00e9lai de livraison :<\/h4>\n<h4 class=\"auto-hide-last-sibling-br paragraph-JOTKXA paragraph-element br-paragraph-space\">Toute l&#039;ann\u00e9e<\/h4>\n<h4 class=\"header-vfC6AV auto-hide-last-sibling-br\">Instructions d&#039;achat<\/h4>\n<ul class=\"auto-hide-last-sibling-br\">\n<li>\n<h4>\u3010M\u00e9thode d&#039;emballage\u301125 kg par f\u00fbt en papier ou sac en aluminium<\/h4>\n<\/li>\n<li>\n<h4>\u3010Conditions de stockage\u3011Doit \u00eatre scell\u00e9 et prot\u00e9g\u00e9 de la lumi\u00e8re, et stock\u00e9 dans un endroit sec, frais et bien ventil\u00e9<\/h4>\n<\/li>\n<li>\n<h4>\u3010Dur\u00e9e de conservation\u30112 ans<\/h4>\n<\/li>\n<li>\n<h4>\u3010Fourniture d&#039;\u00e9chantillons\u3011En g\u00e9n\u00e9ral, des \u00e9chantillons de 5 \u00e0 20 g sont fournis pour le produit ; des frais d&#039;\u00e9chantillon sont factur\u00e9s pour certains produits.<\/h4>\n<\/li>\n<li>\n<h4>\u3010Emballage du produit\u3011Emball\u00e9 dans des f\u00fbts en papier ou des sacs en aluminium (emballage personnalis\u00e9 disponible sur demande du client)<\/h4>\n<\/li>\n<li>\n<h4>\u3010D\u00e9lai de livraison\u3011Les produits non personnalis\u00e9s seront exp\u00e9di\u00e9s dans les 48 heures ; le d\u00e9lai de livraison des produits personnalis\u00e9s sera ajust\u00e9 en fonction des besoins r\u00e9els.<\/h4>\n<\/li>\n<li>\n<h4>\u3010M\u00e9thode d&#039;emballage\u301125 kg par f\u00fbt en papier ou sac en aluminium ; l&#039;emballage peut \u00eatre ajust\u00e9 en fonction des conditions r\u00e9elles.<\/h4>\n<\/li>\n<li>\n<h4>\u3010Mode de transport\u3011Logistique express nationale ; le devis comprend les frais de transport.<\/h4>\n<\/li>\n<li>\n<h4>\u3010Conditions de stockage\u3011Scell\u00e9 et prot\u00e9g\u00e9 de la lumi\u00e8re, conserv\u00e9 dans un endroit sec, frais et bien ventil\u00e9<\/h4>\n<\/li>\n<\/ul>","protected":false},"featured_media":10248,"comment_status":"closed","ping_status":"closed","template":"","meta":[],"product_brand":[],"product_cat":[18,20],"product_tag":[],"class_list":{"0":"post-10247","1":"product","2":"type-product","3":"status-publish","4":"has-post-thumbnail","6":"product_cat-fruit-and-vegetable-powder","7":"product_cat-fruit-powder","9":"first","10":"instock","11":"shipping-taxable","12":"product-type-simple"},"_links":{"self":[{"href":"https:\/\/www.hvbio.com\/fr\/wp-json\/wp\/v2\/product\/10247","targetHints":{"allow":["GET"]}}],"collection":[{"href":"https:\/\/www.hvbio.com\/fr\/wp-json\/wp\/v2\/product"}],"about":[{"href":"https:\/\/www.hvbio.com\/fr\/wp-json\/wp\/v2\/types\/product"}],"replies":[{"embeddable":true,"href":"https:\/\/www.hvbio.com\/fr\/wp-json\/wp\/v2\/comments?post=10247"}],"wp:featuredmedia":[{"embeddable":true,"href":"https:\/\/www.hvbio.com\/fr\/wp-json\/wp\/v2\/media\/10248"}],"wp:attachment":[{"href":"https:\/\/www.hvbio.com\/fr\/wp-json\/wp\/v2\/media?parent=10247"}],"wp:term":[{"taxonomy":"product_brand","embeddable":true,"href":"https:\/\/www.hvbio.com\/fr\/wp-json\/wp\/v2\/product_brand?post=10247"},{"taxonomy":"product_cat","embeddable":true,"href":"https:\/\/www.hvbio.com\/fr\/wp-json\/wp\/v2\/product_cat?post=10247"},{"taxonomy":"product_tag","embeddable":true,"href":"https:\/\/www.hvbio.com\/fr\/wp-json\/wp\/v2\/product_tag?post=10247"}],"curies":[{"name":"wp","href":"https:\/\/api.w.org\/{rel}","templated":true}]}}