{"id":10265,"date":"2025-09-23T11:49:40","date_gmt":"2025-09-23T03:49:40","guid":{"rendered":"https:\/\/www.hvbio.com\/?post_type=product&#038;p=10265"},"modified":"2025-09-23T11:57:31","modified_gmt":"2025-09-23T03:57:31","slug":"tea-polyphenols-75","status":"publish","type":"product","link":"https:\/\/www.hvbio.com\/fr\/produit\/tea-polyphenols-75\/","title":{"rendered":"Polyph\u00e9nols du th\u00e9 75%"},"content":{"rendered":"<div class=\"inter-jQQQ8P\">\n<div class=\"container-PrUkKo\">\n<div class=\"item-hGGxLi\">\n<div class=\"container-arOxqB chrome70-container\">\n<div class=\"inner-FyM8gE inner-item-f8P6nx\" data-target-id=\"message-box-target-id\" data-testid=\"union_message\">\n<div class=\"message-block-container-aFugD6\" data-testid=\"message-block-container\" data-ui-version=\"samantha\">\n<div class=\"flex flex-row w-full w-full max-w-full s-font-base text-s-color-text-secondary p-0 rounded-s-radius-s bg-transparent group data-[attr=select-mode]:-mt-10 data-[attr=select-mode]:py-10 data-[attr=select-mode]:px-16 data-[attr=select-mode]:sm:p-10 data-[attr=select-mode]:hover:bg-s-color-bg-base data-[attr=select-mode]:hover:rounded-s-radius-xs data-[attr=select-mode]:has-[:checked]:bg-s-color-bg-trans data-[attr=select-mode]:has-[:checked]:rounded-s-radius-xs data-[attr=select-mode]:pointer-events-none\" data-testid=\"receive_message\">\n<div class=\"flex flex-col flex-grow max-w-full min-w-0\">\n<div class=\"flex flex-row w-full\" data-testid=\"message_content\" data-message-id=\"21498697290219522\">\n<div class=\"w-full\" data-plugin-identifier=\"Symbol(infra:receive-message-box:text)\">\n<div class=\"container-ZYIsnH flow-markdown-body mdbox-theme-next theme-samantha-Nbr9UN\" dir=\"ltr\" data-testid=\"message_text_content\" data-show-indicator=\"false\">\n<div class=\"auto-hide-last-sibling-br mdbox-table-root table-container-GhL7Lo\" data-scroll-inline-overflow=\"false\" data-scroll-inline-at-start=\"true\" data-scroll-inline-start-overflow=\"false\" data-scroll-inline-at-end=\"true\" data-scroll-inline-end-overflow=\"false\">\n<div class=\"table-scroll-container-hgHkfW mdbox-table-scroll-container\">\n<table>\n<thead>\n<tr>\n<th>Article<\/th>\n<th>Description<\/th>\n<\/tr>\n<\/thead>\n<tbody>\n<tr>\n<td>Nom du produit<\/td>\n<td>Polyph\u00e9nols de th\u00e9 75% Extrait de th\u00e9 vert<\/td>\n<\/tr>\n<tr>\n<td>Noms alternatifs<\/td>\n<td>Tanin du th\u00e9<\/td>\n<\/tr>\n<tr>\n<td>Nom anglais<\/td>\n<td>Th\u00e9 vert PE<\/td>\n<\/tr>\n<tr>\n<td>Source<\/td>\n<td>Jeunes feuilles s\u00e9ch\u00e9es de\u00a0<em>Camellia sinensis<\/em>\u00a0O. Ktze. (famille des Th\u00e9ac\u00e9es)<\/td>\n<\/tr>\n<tr>\n<td>Composants principaux<\/td>\n<td>Polyph\u00e9nols du th\u00e9 (GTP), huile aromatique, humidit\u00e9, min\u00e9raux, pigments, glucides, prot\u00e9ines, acides amin\u00e9s, vitamines, etc.<\/td>\n<\/tr>\n<tr>\n<td>Ingr\u00e9dient actif<\/td>\n<td>Polyph\u00e9nols du th\u00e9<\/td>\n<\/tr>\n<tr>\n<td>Sp\u00e9cification<\/td>\n<td>75%<\/td>\n<\/tr>\n<tr>\n<td>M\u00e9thode de d\u00e9tection<\/td>\n<td>UV<\/td>\n<\/tr>\n<tr>\n<td>Personnage<\/td>\n<td>Poudre brune<\/td>\n<\/tr>\n<tr>\n<td>Emballage du produit<\/td>\n<td>Conditionnement en vrac\u00a0: sac de 1\u00a0kg, f\u00fbt de 25\u00a0kg. Doubl\u00e9 dans un double sac plastique et emball\u00e9 dans un f\u00fbt en carton.<\/td>\n<\/tr>\n<tr>\n<td>Dur\u00e9e de conservation<\/td>\n<td>Deux ans<\/td>\n<\/tr>\n<tr>\n<td>Conditions de stockage<\/td>\n<td>\u00c0 conserver herm\u00e9tiquement ferm\u00e9, \u00e0 l&#039;abri de la lumi\u00e8re et dans un endroit sec, frais et bien ventil\u00e9. La dur\u00e9e de conservation est de deux ans.<\/td>\n<\/tr>\n<\/tbody>\n<\/table>\n<\/div>\n<\/div>\n<\/div>\n<\/div>\n<\/div>\n<\/div>\n<\/div>\n<\/div>\n<\/div>\n<\/div>\n<\/div>\n<\/div>\n<\/div>","protected":false},"excerpt":{"rendered":"<p>Polyph\u00e9nols de th\u00e9 75%, \u3010Ingr\u00e9dients principaux\u3011 : Polyph\u00e9nols de th\u00e9 vert (GTP), caf\u00e9ine, huiles aromatiques, humidit\u00e9, min\u00e9raux, pigments, glucides, prot\u00e9ines, acides amin\u00e9s, vitamines, etc.<\/p>","protected":false},"featured_media":10266,"comment_status":"closed","ping_status":"closed","template":"","meta":[],"product_brand":[],"product_cat":[17,23],"product_tag":[42],"class_list":{"0":"post-10265","1":"product","2":"type-product","3":"status-publish","4":"has-post-thumbnail","6":"product_cat-plant-extract","7":"product_cat-standard-extract","8":"product_tag-tea-polyphenols-75","10":"first","11":"instock","12":"shipping-taxable","13":"product-type-simple"},"_links":{"self":[{"href":"https:\/\/www.hvbio.com\/fr\/wp-json\/wp\/v2\/product\/10265","targetHints":{"allow":["GET"]}}],"collection":[{"href":"https:\/\/www.hvbio.com\/fr\/wp-json\/wp\/v2\/product"}],"about":[{"href":"https:\/\/www.hvbio.com\/fr\/wp-json\/wp\/v2\/types\/product"}],"replies":[{"embeddable":true,"href":"https:\/\/www.hvbio.com\/fr\/wp-json\/wp\/v2\/comments?post=10265"}],"wp:featuredmedia":[{"embeddable":true,"href":"https:\/\/www.hvbio.com\/fr\/wp-json\/wp\/v2\/media\/10266"}],"wp:attachment":[{"href":"https:\/\/www.hvbio.com\/fr\/wp-json\/wp\/v2\/media?parent=10265"}],"wp:term":[{"taxonomy":"product_brand","embeddable":true,"href":"https:\/\/www.hvbio.com\/fr\/wp-json\/wp\/v2\/product_brand?post=10265"},{"taxonomy":"product_cat","embeddable":true,"href":"https:\/\/www.hvbio.com\/fr\/wp-json\/wp\/v2\/product_cat?post=10265"},{"taxonomy":"product_tag","embeddable":true,"href":"https:\/\/www.hvbio.com\/fr\/wp-json\/wp\/v2\/product_tag?post=10265"}],"curies":[{"name":"wp","href":"https:\/\/api.w.org\/{rel}","templated":true}]}}