{"id":10271,"date":"2025-09-23T11:59:37","date_gmt":"2025-09-23T03:59:37","guid":{"rendered":"https:\/\/www.hvbio.com\/?post_type=product&#038;p=10271"},"modified":"2025-09-23T11:59:37","modified_gmt":"2025-09-23T03:59:37","slug":"saw-palmetto-extract","status":"publish","type":"product","link":"https:\/\/www.hvbio.com\/fr\/produit\/saw-palmetto-extract\/","title":{"rendered":"Extrait de palmier nain"},"content":{"rendered":"<table>\n<thead>\n<tr>\n<th><strong>Article<\/strong><\/th>\n<th><strong>Description<\/strong><\/th>\n<\/tr>\n<\/thead>\n<tbody>\n<tr>\n<td>Nom du produit<\/td>\n<td>Extrait de palmier nain<\/td>\n<\/tr>\n<tr>\n<td>Sp\u00e9cifications du produit<\/td>\n<td>10:1 (Indicates the ratio of raw material to extract; 10 parts of raw fruit are used to produce 1 part of extract)<\/td>\n<\/tr>\n<tr>\n<td>Partie d&#039;extraction<\/td>\n<td>Fruit<\/td>\n<\/tr>\n<tr>\n<td>Personnage<\/td>\n<td>Poudre blanche<\/td>\n<\/tr>\n<tr>\n<td>M\u00e9thode de d\u00e9tection<\/td>\n<td>TLC (Thin Layer Chromatography, a common analytical technique for identifying components)<\/td>\n<\/tr>\n<tr>\n<td>M\u00e9thode d&#039;emballage<\/td>\n<td>25kg paper drum \/ aluminum foil bag<\/td>\n<\/tr>\n<tr>\n<td>Conditions de stockage<\/td>\n<td>Doit \u00eatre scell\u00e9 et prot\u00e9g\u00e9 de la lumi\u00e8re ; conserv\u00e9 dans un endroit sec, frais et bien ventil\u00e9<\/td>\n<\/tr>\n<tr>\n<td>Dur\u00e9e de conservation<\/td>\n<td>24 mois<\/td>\n<\/tr>\n<\/tbody>\n<\/table>","protected":false},"excerpt":{"rendered":"<p>Extrait de palmier nain<\/p>","protected":false},"featured_media":10276,"comment_status":"closed","ping_status":"closed","template":"","meta":[],"product_brand":[],"product_cat":[18],"product_tag":[43],"class_list":{"0":"post-10271","1":"product","2":"type-product","3":"status-publish","4":"has-post-thumbnail","6":"product_cat-fruit-and-vegetable-powder","7":"product_tag-saw-palmetto-extract","9":"first","10":"instock","11":"shipping-taxable","12":"product-type-simple"},"_links":{"self":[{"href":"https:\/\/www.hvbio.com\/fr\/wp-json\/wp\/v2\/product\/10271","targetHints":{"allow":["GET"]}}],"collection":[{"href":"https:\/\/www.hvbio.com\/fr\/wp-json\/wp\/v2\/product"}],"about":[{"href":"https:\/\/www.hvbio.com\/fr\/wp-json\/wp\/v2\/types\/product"}],"replies":[{"embeddable":true,"href":"https:\/\/www.hvbio.com\/fr\/wp-json\/wp\/v2\/comments?post=10271"}],"wp:featuredmedia":[{"embeddable":true,"href":"https:\/\/www.hvbio.com\/fr\/wp-json\/wp\/v2\/media\/10276"}],"wp:attachment":[{"href":"https:\/\/www.hvbio.com\/fr\/wp-json\/wp\/v2\/media?parent=10271"}],"wp:term":[{"taxonomy":"product_brand","embeddable":true,"href":"https:\/\/www.hvbio.com\/fr\/wp-json\/wp\/v2\/product_brand?post=10271"},{"taxonomy":"product_cat","embeddable":true,"href":"https:\/\/www.hvbio.com\/fr\/wp-json\/wp\/v2\/product_cat?post=10271"},{"taxonomy":"product_tag","embeddable":true,"href":"https:\/\/www.hvbio.com\/fr\/wp-json\/wp\/v2\/product_tag?post=10271"}],"curies":[{"name":"wp","href":"https:\/\/api.w.org\/{rel}","templated":true}]}}