{"id":10313,"date":"2025-09-23T14:45:03","date_gmt":"2025-09-23T06:45:03","guid":{"rendered":"https:\/\/www.hvbio.com\/?post_type=product&#038;p=10313"},"modified":"2025-09-23T14:45:04","modified_gmt":"2025-09-23T06:45:04","slug":"gynostemma-pentaphyllum-extract","status":"publish","type":"product","link":"https:\/\/www.hvbio.com\/fr\/produit\/gynostemma-pentaphyllum-extract\/","title":{"rendered":"Extrait de Gynostemma Pentaphyllum"},"content":{"rendered":"<table>\n<thead>\n<tr>\n<th>Article<\/th>\n<th>Contenu<\/th>\n<\/tr>\n<\/thead>\n<tbody>\n<tr>\n<td><strong>Nom du produit<\/strong><\/td>\n<td>Extrait de Gynostemma Pentaphyllum<\/td>\n<\/tr>\n<tr>\n<td><strong>Nom anglais<\/strong><\/td>\n<td>Gynostemma PE<\/td>\n<\/tr>\n<tr>\n<td><strong>Nom latin<\/strong><\/td>\n<td>Gynostemma pentaphyllum (Thunb.) Makino<\/td>\n<\/tr>\n<tr>\n<td><strong>Alias<\/strong><\/td>\n<td>Qiyedan (ginseng \u00e0 sept feuilles), Xiaokuyao (petite herbe am\u00e8re), Gongluoguodi (base de radis m\u00e2le)<\/td>\n<\/tr>\n<tr>\n<td><strong>Source<\/strong><\/td>\n<td>L&#039;herbe enti\u00e8re de\u00a0<em>Gynostemma pentaphyllum<\/em>\u00a0(Thunb.) Le makino appartient \u00e0 la famille des cucurbitac\u00e9es. Il est r\u00e9colt\u00e9 en automne et s\u00e9ch\u00e9 au soleil.<\/td>\n<\/tr>\n<tr>\n<td><strong>Apparence<\/strong><\/td>\n<td>Poudre jaune brun\u00e2tre<\/td>\n<\/tr>\n<tr>\n<td><strong>M\u00e9thode de d\u00e9tection<\/strong><\/td>\n<td>CCM (chromatographie sur couche mince)<\/td>\n<\/tr>\n<tr>\n<td><strong>Sp\u00e9cifications du produit<\/strong><\/td>\n<td>10:1. Pour d&#039;autres sp\u00e9cifications telles que la saponine 20:1, veuillez contacter le service client.<\/td>\n<\/tr>\n<tr>\n<td><strong>Stockage des produits<\/strong><\/td>\n<td>Conserver dans un endroit frais et sec, \u00e0 l&#039;abri de la lumi\u00e8re et des temp\u00e9ratures \u00e9lev\u00e9es.<\/td>\n<\/tr>\n<tr>\n<td><strong>Emballage du produit<\/strong><\/td>\n<td>1 \u00e0 5 kg : emballage en feuille d&#039;aluminium ; plus de 25 kg : emballage en f\u00fbt de papier<\/td>\n<\/tr>\n<tr>\n<td><strong>Dur\u00e9e de conservation<\/strong><\/td>\n<td>Deux ans<\/td>\n<\/tr>\n<\/tbody>\n<\/table>","protected":false},"excerpt":{"rendered":"<p>Item Content Product Name Gynostemma Pentaphyllum Extract English Name Gynostemma P.E. Latin Name Gynostemma pentaphyllum (Thunb.) Makino Alias Qiyedan (Seven-leaf<\/p>","protected":false},"featured_media":10316,"comment_status":"closed","ping_status":"closed","template":"","meta":[],"product_brand":[],"product_cat":[17,24],"product_tag":[],"class_list":{"0":"post-10313","1":"product","2":"type-product","3":"status-publish","4":"has-post-thumbnail","6":"product_cat-plant-extract","7":"product_cat-ratio-extract","9":"first","10":"instock","11":"shipping-taxable","12":"product-type-simple"},"_links":{"self":[{"href":"https:\/\/www.hvbio.com\/fr\/wp-json\/wp\/v2\/product\/10313","targetHints":{"allow":["GET"]}}],"collection":[{"href":"https:\/\/www.hvbio.com\/fr\/wp-json\/wp\/v2\/product"}],"about":[{"href":"https:\/\/www.hvbio.com\/fr\/wp-json\/wp\/v2\/types\/product"}],"replies":[{"embeddable":true,"href":"https:\/\/www.hvbio.com\/fr\/wp-json\/wp\/v2\/comments?post=10313"}],"wp:featuredmedia":[{"embeddable":true,"href":"https:\/\/www.hvbio.com\/fr\/wp-json\/wp\/v2\/media\/10316"}],"wp:attachment":[{"href":"https:\/\/www.hvbio.com\/fr\/wp-json\/wp\/v2\/media?parent=10313"}],"wp:term":[{"taxonomy":"product_brand","embeddable":true,"href":"https:\/\/www.hvbio.com\/fr\/wp-json\/wp\/v2\/product_brand?post=10313"},{"taxonomy":"product_cat","embeddable":true,"href":"https:\/\/www.hvbio.com\/fr\/wp-json\/wp\/v2\/product_cat?post=10313"},{"taxonomy":"product_tag","embeddable":true,"href":"https:\/\/www.hvbio.com\/fr\/wp-json\/wp\/v2\/product_tag?post=10313"}],"curies":[{"name":"wp","href":"https:\/\/api.w.org\/{rel}","templated":true}]}}