{"id":10345,"date":"2025-09-23T15:40:03","date_gmt":"2025-09-23T07:40:03","guid":{"rendered":"https:\/\/www.hvbio.com\/?post_type=product&#038;p=10345"},"modified":"2025-09-26T10:06:31","modified_gmt":"2025-09-26T02:06:31","slug":"garcinia-cambogia-50","status":"publish","type":"product","link":"https:\/\/www.hvbio.com\/fr\/produit\/garcinia-cambogia-50\/","title":{"rendered":"Garcinia Cambogia 50%"},"content":{"rendered":"<table style=\"height: 420px;\" width=\"1641\">\n<thead>\n<tr>\n<th><strong>Article<\/strong><\/th>\n<th><strong>Description<\/strong><\/th>\n<\/tr>\n<\/thead>\n<tbody>\n<tr>\n<td><strong>Nom du produit<\/strong><\/td>\n<td>Garcinia Cambogia 50%<\/td>\n<\/tr>\n<tr>\n<td><strong>Ingr\u00e9dient principal<\/strong><\/td>\n<td>Hydroxycitric Acid (HCA). It is the core and most extensively studied active component of Garcinia Cambogia extract, and also the key substance for its application in the field of dietary supplements.<\/td>\n<\/tr>\n<tr>\n<td><strong>Source d&#039;extraction<\/strong><\/td>\n<td>The extraction raw material is mainly the dried aerial parts of the above-mentioned\u00a0<em>\u00c9pim\u00e8de<\/em>\u00a0plants, with leaves as the main part and low content in stems.<\/td>\n<\/tr>\n<tr>\n<td><strong>Taille des mailles du produit<\/strong><\/td>\n<td>98% passe \u00e0 travers un tamis de 80 mesh<\/td>\n<\/tr>\n<tr>\n<td><strong>Apparence<\/strong><\/td>\n<td>White fine powder<\/td>\n<\/tr>\n<tr>\n<td><strong>M\u00e9thode d&#039;essai<\/strong><\/td>\n<td>HPLC (Chromatographie liquide haute performance)<\/td>\n<\/tr>\n<tr>\n<td><strong>Formes posologiques d&#039;application<\/strong><\/td>\n<td>Wide range of applications (e.g., capsules, tablets, powders, functional beverages, etc.)<\/td>\n<\/tr>\n<tr>\n<td><strong>D\u00e9lai d&#039;approvisionnement<\/strong><\/td>\n<td>Annual supply<\/td>\n<\/tr>\n<tr>\n<td><strong>Stockage<\/strong><\/td>\n<td>Store in a sealed container, place in a cool, dry and light-proof place, and keep away from heat sources and humid environments.<\/td>\n<\/tr>\n<tr>\n<td><strong>Dur\u00e9e de conservation<\/strong><\/td>\n<td>2 ans<\/td>\n<\/tr>\n<\/tbody>\n<\/table>","protected":false},"excerpt":{"rendered":"<h4 class=\"header-vfC6AV auto-hide-last-sibling-br\">Nom du produit : Garcinia Cambogia 50%<\/h4>\n<h4 class=\"header-vfC6AV auto-hide-last-sibling-br\">Source d&#039;extraction :<\/h4>\n<h4 class=\"auto-hide-last-sibling-br paragraph-JOTKXA paragraph-element br-paragraph-space\">La mati\u00e8re premi\u00e8re pour l&#039;extraction est principalement constitu\u00e9e des parties a\u00e9riennes s\u00e9ch\u00e9es des plantes susmentionn\u00e9es.\u00a0<em>\u00c9pim\u00e8de<\/em>\u00a0plantes, dont les feuilles sont le composant principal et dont la teneur est plus faible dans les tiges.<\/h4>\n<h4 class=\"header-vfC6AV auto-hide-last-sibling-br\">Taille des mailles du produit :<\/h4>\n<h4 class=\"auto-hide-last-sibling-br paragraph-JOTKXA paragraph-element br-paragraph-space\">Le 98% passe \u00e0 travers un tamis de 80 mesh.<\/h4>\n<h4 class=\"header-vfC6AV auto-hide-last-sibling-br\">Apparence:<\/h4>\n<h4 class=\"auto-hide-last-sibling-br paragraph-JOTKXA paragraph-element br-paragraph-space\">Poudre fine blanche.<\/h4>\n<h4 class=\"header-vfC6AV auto-hide-last-sibling-br\">M\u00e9thode de test :<\/h4>\n<h4 class=\"auto-hide-last-sibling-br paragraph-JOTKXA paragraph-element br-paragraph-space\">HPLC (Chromatographie liquide haute performance)<\/h4>","protected":false},"featured_media":10346,"comment_status":"closed","ping_status":"closed","template":"","meta":[],"product_brand":[],"product_cat":[17,23],"product_tag":[],"class_list":{"0":"post-10345","1":"product","2":"type-product","3":"status-publish","4":"has-post-thumbnail","6":"product_cat-plant-extract","7":"product_cat-standard-extract","9":"first","10":"instock","11":"shipping-taxable","12":"product-type-simple"},"_links":{"self":[{"href":"https:\/\/www.hvbio.com\/fr\/wp-json\/wp\/v2\/product\/10345","targetHints":{"allow":["GET"]}}],"collection":[{"href":"https:\/\/www.hvbio.com\/fr\/wp-json\/wp\/v2\/product"}],"about":[{"href":"https:\/\/www.hvbio.com\/fr\/wp-json\/wp\/v2\/types\/product"}],"replies":[{"embeddable":true,"href":"https:\/\/www.hvbio.com\/fr\/wp-json\/wp\/v2\/comments?post=10345"}],"wp:featuredmedia":[{"embeddable":true,"href":"https:\/\/www.hvbio.com\/fr\/wp-json\/wp\/v2\/media\/10346"}],"wp:attachment":[{"href":"https:\/\/www.hvbio.com\/fr\/wp-json\/wp\/v2\/media?parent=10345"}],"wp:term":[{"taxonomy":"product_brand","embeddable":true,"href":"https:\/\/www.hvbio.com\/fr\/wp-json\/wp\/v2\/product_brand?post=10345"},{"taxonomy":"product_cat","embeddable":true,"href":"https:\/\/www.hvbio.com\/fr\/wp-json\/wp\/v2\/product_cat?post=10345"},{"taxonomy":"product_tag","embeddable":true,"href":"https:\/\/www.hvbio.com\/fr\/wp-json\/wp\/v2\/product_tag?post=10345"}],"curies":[{"name":"wp","href":"https:\/\/api.w.org\/{rel}","templated":true}]}}