{"id":10352,"date":"2025-10-14T10:35:59","date_gmt":"2025-10-14T02:35:59","guid":{"rendered":"https:\/\/www.hvbio.com\/?post_type=product&#038;p=10352"},"modified":"2025-10-14T10:36:00","modified_gmt":"2025-10-14T02:36:00","slug":"horsetail-extract","status":"publish","type":"product","link":"https:\/\/www.hvbio.com\/fr\/produit\/horsetail-extract\/","title":{"rendered":"Extrait de pr\u00eale"},"content":{"rendered":"<div class=\"inter-jQQQ8P\">\n<div class=\"container-PrUkKo\">\n<div class=\"item-hGGxLi\">\n<div class=\"container-arOxqB chrome70-container\">\n<div class=\"inner-FyM8gE inner-item-f8P6nx\" data-target-id=\"message-box-target-id\" data-testid=\"union_message\">\n<div class=\"message-block-container-aFugD6\" data-testid=\"message-block-container\" data-ui-version=\"samantha\">\n<div class=\"flex flex-row w-full w-full max-w-full s-font-base text-s-color-text-secondary p-0 rounded-s-radius-s bg-transparent group data-[attr=select-mode]:-mt-10 data-[attr=select-mode]:py-10 data-[attr=select-mode]:px-16 data-[attr=select-mode]:sm:p-10 data-[attr=select-mode]:hover:bg-s-color-bg-base data-[attr=select-mode]:hover:rounded-s-radius-xs data-[attr=select-mode]:has-[:checked]:bg-s-color-bg-trans data-[attr=select-mode]:has-[:checked]:rounded-s-radius-xs data-[attr=select-mode]:pointer-events-none\" data-testid=\"receive_message\">\n<div class=\"flex flex-col flex-grow max-w-full min-w-0\">\n<div class=\"flex flex-row w-full\" data-testid=\"message_content\" data-message-id=\"21510823919947778\">\n<div class=\"w-full\" data-plugin-identifier=\"Symbol(infra:receive-message-box:text)\">\n<div class=\"container-ZYIsnH flow-markdown-body mdbox-theme-next theme-samantha-Nbr9UN\" dir=\"ltr\" data-testid=\"message_text_content\" data-show-indicator=\"false\">\n<div class=\"auto-hide-last-sibling-br mdbox-table-root table-container-GhL7Lo\" data-scroll-inline-overflow=\"false\" data-scroll-inline-at-start=\"true\" data-scroll-inline-start-overflow=\"false\" data-scroll-inline-at-end=\"true\" data-scroll-inline-end-overflow=\"false\">\n<div class=\"table-scroll-container-hgHkfW mdbox-table-scroll-container\">\n<table>\n<thead>\n<tr>\n<th>Article<\/th>\n<th>D\u00e9tails<\/th>\n<\/tr>\n<\/thead>\n<tbody>\n<tr>\n<td>Nom du produit<\/td>\n<td>Extrait de pr\u00eale<\/td>\n<\/tr>\n<tr>\n<td>Noms alternatifs<\/td>\n<td>Ch\u00e8vrefeuille japonais, vigne de ch\u00e8vrefeuille, vigne argent\u00e9e<\/td>\n<\/tr>\n<tr>\n<td>Nom latin<\/td>\n<td>Lonicera Japonica<\/td>\n<\/tr>\n<tr>\n<td>Source v\u00e9g\u00e9tale<\/td>\n<td>Feuilles de\u00a0<em>Lonicera japonica<\/em>\u00a0Thunb., un arbuste \u00e0 feuilles caduques appartenant \u00e0 la famille des Caprifoliac\u00e9es, genre Lonicera<\/p>\n<div class=\"container-utlnW2 md-box-line-break wrapper-d0Cc1k undefined\"><\/div>\n<div class=\"container-utlnW2 md-box-line-break wrapper-d0Cc1k undefined\"><\/div>\n<p><em>Remarque\u00a0: Il y a une erreur dans la mention \u00ab\u00a0origine v\u00e9g\u00e9tale\u00a0\u00bb d&#039;origine (mentionnant \u00ab\u00a0feuilles d&#039;argousier\u00a0\u00bb). La source correcte de l&#039;extrait de ch\u00e8vrefeuille est les feuilles de Lonicera japonica, et non l&#039;argousier (une plante de la famille des \u00c9laeagnac\u00e9es).<\/em><\/td>\n<\/tr>\n<tr>\n<td>Ingr\u00e9dient actif<\/td>\n<td>Acide chlorog\u00e9nique du ch\u00e8vrefeuille<\/td>\n<\/tr>\n<tr>\n<td>Origine de la mati\u00e8re premi\u00e8re<\/td>\n<td>Distribu\u00e9 dans toute la Chine, \u00e0 l&#039;exception du Tibet<\/td>\n<\/tr>\n<tr>\n<td>Sp\u00e9cification<\/td>\n<td>10:1; Pour d&#039;autres sp\u00e9cifications, veuillez contacter le service client pour consultation<\/td>\n<\/tr>\n<tr>\n<td>Personnage<\/td>\n<td>Poudre brune, hygroscopique, facilement soluble dans l&#039;eau<\/td>\n<\/tr>\n<tr>\n<td>M\u00e9thode de d\u00e9tection<\/td>\n<td>CCM (chromatographie sur couche mince)<\/td>\n<\/tr>\n<tr>\n<td>Couleur et caract\u00e8re<\/td>\n<td>Poudre brune<\/td>\n<\/tr>\n<tr>\n<td>Taille des mailles<\/td>\n<td>tamis de 80 mesh<\/td>\n<\/tr>\n<tr>\n<td>M\u00e9thode d&#039;emballage<\/td>\n<td>25 kg\/f\u00fbt en carton ou sac en aluminium<\/td>\n<\/tr>\n<tr>\n<td>Conditions de stockage<\/td>\n<td>Doit \u00eatre scell\u00e9 et prot\u00e9g\u00e9 de la lumi\u00e8re ; conserv\u00e9 dans un endroit sec, frais et bien ventil\u00e9<\/td>\n<\/tr>\n<tr>\n<td>Dur\u00e9e de conservation<\/td>\n<td>24 mois<\/td>\n<\/tr>\n<tr>\n<td>Courrier et logistique<\/td>\n<td>ZTO Express (arrive g\u00e9n\u00e9ralement sous 3 jours) ; Logistique (arrive g\u00e9n\u00e9ralement sous 5 jours)<\/td>\n<\/tr>\n<\/tbody>\n<\/table>\n<\/div>\n<\/div>\n<\/div>\n<\/div>\n<\/div>\n<\/div>\n<\/div>\n<\/div>\n<\/div>\n<\/div>\n<\/div>\n<\/div>\n<\/div>","protected":false},"excerpt":{"rendered":"<p>Item Details Product Name Horsetail Extract Alternative Names Japanese Honeysuckle, Honeysuckle Vine, Silver Vine Latin Name Lonicera Japonica Plant Source<\/p>","protected":false},"featured_media":10353,"comment_status":"closed","ping_status":"closed","template":"","meta":[],"product_brand":[],"product_cat":[17,24],"product_tag":[],"class_list":{"0":"post-10352","1":"product","2":"type-product","3":"status-publish","4":"has-post-thumbnail","6":"product_cat-plant-extract","7":"product_cat-ratio-extract","9":"first","10":"instock","11":"shipping-taxable","12":"product-type-simple"},"_links":{"self":[{"href":"https:\/\/www.hvbio.com\/fr\/wp-json\/wp\/v2\/product\/10352","targetHints":{"allow":["GET"]}}],"collection":[{"href":"https:\/\/www.hvbio.com\/fr\/wp-json\/wp\/v2\/product"}],"about":[{"href":"https:\/\/www.hvbio.com\/fr\/wp-json\/wp\/v2\/types\/product"}],"replies":[{"embeddable":true,"href":"https:\/\/www.hvbio.com\/fr\/wp-json\/wp\/v2\/comments?post=10352"}],"wp:featuredmedia":[{"embeddable":true,"href":"https:\/\/www.hvbio.com\/fr\/wp-json\/wp\/v2\/media\/10353"}],"wp:attachment":[{"href":"https:\/\/www.hvbio.com\/fr\/wp-json\/wp\/v2\/media?parent=10352"}],"wp:term":[{"taxonomy":"product_brand","embeddable":true,"href":"https:\/\/www.hvbio.com\/fr\/wp-json\/wp\/v2\/product_brand?post=10352"},{"taxonomy":"product_cat","embeddable":true,"href":"https:\/\/www.hvbio.com\/fr\/wp-json\/wp\/v2\/product_cat?post=10352"},{"taxonomy":"product_tag","embeddable":true,"href":"https:\/\/www.hvbio.com\/fr\/wp-json\/wp\/v2\/product_tag?post=10352"}],"curies":[{"name":"wp","href":"https:\/\/api.w.org\/{rel}","templated":true}]}}