{"id":10413,"date":"2025-10-14T14:26:01","date_gmt":"2025-10-14T06:26:01","guid":{"rendered":"https:\/\/www.hvbio.com\/?post_type=product&#038;p=10413"},"modified":"2025-10-14T14:26:01","modified_gmt":"2025-10-14T06:26:01","slug":"basil-extract","status":"publish","type":"product","link":"https:\/\/www.hvbio.com\/fr\/produit\/basil-extract\/","title":{"rendered":"Extrait de basilic"},"content":{"rendered":"<table style=\"height: 408px;\" width=\"1090\">\n<thead>\n<tr>\n<th>Article<\/th>\n<th>Sp\u00e9cification<\/th>\n<\/tr>\n<\/thead>\n<tbody>\n<tr>\n<td>Nom du produit<\/td>\n<td>Extrait de basilic<\/td>\n<\/tr>\n<tr>\n<td>Ingr\u00e9dients principaux<\/td>\n<td>Volatile components (essential oil type), phenolic acids (core active ingredients), flavonoids<\/td>\n<\/tr>\n<tr>\n<td>Source d&#039;extraction<\/td>\n<td>Fresh or dried above-ground parts of plants of the\u00a0<em>Ocimum<\/em>\u00a0genus in the Lamiaceae family, with leaves as the core part<\/td>\n<\/tr>\n<tr>\n<td>Taille des mailles du produit<\/td>\n<td>98% passing through 80-mesh sieve<\/td>\n<\/tr>\n<tr>\n<td>Apparence<\/td>\n<td>Poudre brune<\/td>\n<\/tr>\n<tr>\n<td>M\u00e9thode de d\u00e9tection<\/td>\n<td>CCM (chromatographie sur couche mince)<\/td>\n<\/tr>\n<tr>\n<td>Formes posologiques d&#039;application<\/td>\n<td>Large gamme d&#039;applications<\/td>\n<\/tr>\n<tr>\n<td>D\u00e9lai d&#039;approvisionnement<\/td>\n<td>Toute l&#039;ann\u00e9e<\/td>\n<\/tr>\n<tr>\n<td>Stockage<\/td>\n<td>Conserver dans un r\u00e9cipient herm\u00e9tique, dans un endroit frais, sec et sombre, \u00e0 l&#039;abri de la chaleur et de l&#039;humidit\u00e9.<\/td>\n<\/tr>\n<tr>\n<td>Dur\u00e9e de conservation<\/td>\n<td>Deux ans<\/td>\n<\/tr>\n<\/tbody>\n<\/table>","protected":false},"excerpt":{"rendered":"<h4 class=\"header-vfC6AV auto-hide-last-sibling-br\">Extrait de basilic<\/h4>\n<ul class=\"auto-hide-last-sibling-br\">\n<li>\n<h4><strong>Nom du produit<\/strong>: Basil Extract<\/h4>\n<\/li>\n<li>\n<h4><strong>Ingr\u00e9dients principaux<\/strong>: Volatile components (essential oil type), phenolic acids (core active ingredients), flavonoids<\/h4>\n<\/li>\n<li>\n<h4><strong>Source d&#039;extraction<\/strong>: The extraction source is the fresh or dried above-ground parts of plants belonging to the\u00a0<em>Ocimum<\/em>\u00a0genus in the Lamiaceae family, with leaves as the core part.<\/h4>\n<\/li>\n<li>\n<h4><strong>Taille des mailles du produit<\/strong>: 98% passing through 80-mesh sieve<\/h4>\n<\/li>\n<li>\n<h4><strong>Apparence<\/strong>:Poudre brune<\/h4>\n<\/li>\n<li>\n<h4><strong>M\u00e9thode de d\u00e9tection<\/strong>: CCM (chromatographie sur couche mince)<\/h4>\n<\/li>\n<li>\n<h4><strong>Formes posologiques d&#039;application<\/strong>: Large gamme d&#039;applications<\/h4>\n<\/li>\n<li>\n<h4><strong>D\u00e9lai d&#039;approvisionnement<\/strong>: Whole year<\/h4>\n<\/li>\n<\/ul>\n<h4 class=\"header-vfC6AV auto-hide-last-sibling-br\">Notes d&#039;achat<\/h4>\n<ul class=\"auto-hide-last-sibling-br\">\n<li>\n<h4><strong>M\u00e9thode d&#039;emballage<\/strong>: 25kg per paper drum or aluminum foil bag; packaging can be adjusted according to actual conditions or customer requirements.<\/h4>\n<\/li>\n<li>\n<h4><strong>Conditions de stockage<\/strong>: Should be sealed and protected from light, and stored in a dry, cool and well-ventilated place.<\/h4>\n<\/li>\n<li>\n<h4><strong>Dur\u00e9e de conservation<\/strong>:Deux ans<\/h4>\n<\/li>\n<li>\n<h4><strong>Exemple de disposition<\/strong>: G\u00e9n\u00e9ralement, des petits \u00e9chantillons de 5 \u00e0 20 g sont fournis pour les produits ; des frais d&#039;\u00e9chantillonnage sont factur\u00e9s pour certains produits.<\/h4>\n<\/li>\n<li>\n<h4><strong>D\u00e9lai de livraison<\/strong>: Les produits non personnalis\u00e9s seront exp\u00e9di\u00e9s dans les 48 heures ; le d\u00e9lai de livraison des produits personnalis\u00e9s sera ajust\u00e9 en fonction des besoins r\u00e9els.<\/h4>\n<\/li>\n<li>\n<h4><strong>Mode de transport<\/strong>:Logistique express nationale ; le devis comprend les frais de transport.<\/h4>\n<\/li>\n<\/ul>","protected":false},"featured_media":10414,"comment_status":"closed","ping_status":"closed","template":"","meta":[],"product_brand":[],"product_cat":[17,24],"product_tag":[],"class_list":{"0":"post-10413","1":"product","2":"type-product","3":"status-publish","4":"has-post-thumbnail","6":"product_cat-plant-extract","7":"product_cat-ratio-extract","9":"first","10":"instock","11":"shipping-taxable","12":"product-type-simple"},"_links":{"self":[{"href":"https:\/\/www.hvbio.com\/fr\/wp-json\/wp\/v2\/product\/10413","targetHints":{"allow":["GET"]}}],"collection":[{"href":"https:\/\/www.hvbio.com\/fr\/wp-json\/wp\/v2\/product"}],"about":[{"href":"https:\/\/www.hvbio.com\/fr\/wp-json\/wp\/v2\/types\/product"}],"replies":[{"embeddable":true,"href":"https:\/\/www.hvbio.com\/fr\/wp-json\/wp\/v2\/comments?post=10413"}],"wp:featuredmedia":[{"embeddable":true,"href":"https:\/\/www.hvbio.com\/fr\/wp-json\/wp\/v2\/media\/10414"}],"wp:attachment":[{"href":"https:\/\/www.hvbio.com\/fr\/wp-json\/wp\/v2\/media?parent=10413"}],"wp:term":[{"taxonomy":"product_brand","embeddable":true,"href":"https:\/\/www.hvbio.com\/fr\/wp-json\/wp\/v2\/product_brand?post=10413"},{"taxonomy":"product_cat","embeddable":true,"href":"https:\/\/www.hvbio.com\/fr\/wp-json\/wp\/v2\/product_cat?post=10413"},{"taxonomy":"product_tag","embeddable":true,"href":"https:\/\/www.hvbio.com\/fr\/wp-json\/wp\/v2\/product_tag?post=10413"}],"curies":[{"name":"wp","href":"https:\/\/api.w.org\/{rel}","templated":true}]}}