{"id":10428,"date":"2025-10-14T15:05:56","date_gmt":"2025-10-14T07:05:56","guid":{"rendered":"https:\/\/www.hvbio.com\/?post_type=product&#038;p=10428"},"modified":"2025-10-14T15:05:57","modified_gmt":"2025-10-14T07:05:57","slug":"chlorella-powder","status":"publish","type":"product","link":"https:\/\/www.hvbio.com\/fr\/produit\/chlorella-powder\/","title":{"rendered":"Poudre de chlorella"},"content":{"rendered":"<table style=\"height: 436px;\" width=\"1834\">\n<thead>\n<tr>\n<th>Article<\/th>\n<th>Description<\/th>\n<\/tr>\n<\/thead>\n<tbody>\n<tr>\n<td>Nom du produit<\/td>\n<td>Poudre de chlorella<\/td>\n<\/tr>\n<tr>\n<td>Ingr\u00e9dients principaux<\/td>\n<td>Protein, Chlorophyll, Vitamins, Minerals, Polysaccharides, Fatty Acids<\/td>\n<\/tr>\n<tr>\n<td>Source d&#039;extraction<\/td>\n<td>Extrait de\u00a0<em>Chlorella pyrenoidosa<\/em>, a spherical unicellular green alga with a diameter of 3 &#8211; 5 \u03bcm, widely distributed, fast &#8211; reproducing, and high in nutrients such as protein, being the mainstream raw material for extracting chlorella powder<\/td>\n<\/tr>\n<tr>\n<td>Taille des mailles du produit<\/td>\n<td>98% passes through 80 &#8211; mesh sieve<\/td>\n<\/tr>\n<tr>\n<td>Apparence<\/td>\n<td>Dark green fine powder<\/td>\n<\/tr>\n<tr>\n<td>M\u00e9thode de d\u00e9tection<\/td>\n<td>CCM (chromatographie sur couche mince)<\/td>\n<\/tr>\n<tr>\n<td>Formes posologiques d&#039;application<\/td>\n<td>Extensive<\/td>\n<\/tr>\n<tr>\n<td>D\u00e9lai d&#039;approvisionnement<\/td>\n<td>Toute l&#039;ann\u00e9e<\/td>\n<\/tr>\n<tr>\n<td>Stockage<\/td>\n<td>Store in a sealed container, keep in a cool, dry, and light &#8211; proof place, away from heat sources and humid environments<\/td>\n<\/tr>\n<tr>\n<td>Dur\u00e9e de conservation<\/td>\n<td>Deux ans<\/td>\n<\/tr>\n<\/tbody>\n<\/table>","protected":false},"excerpt":{"rendered":"<h4 class=\"header-vfC6AV auto-hide-last-sibling-br\">Product Name: Chlorella Powder<\/h4>\n<h4 class=\"header-vfC6AV auto-hide-last-sibling-br\">Ingr\u00e9dients principaux :<\/h4>\n<h4 class=\"auto-hide-last-sibling-br paragraph-JOTKXA paragraph-element br-paragraph-space\">Protein, Chlorophyll, Vitamins, Minerals, Polysaccharides, Fatty Acids<\/h4>\n<h4 class=\"header-vfC6AV auto-hide-last-sibling-br\">Source d&#039;extraction :<\/h4>\n<h4 class=\"auto-hide-last-sibling-br paragraph-JOTKXA paragraph-element br-paragraph-space\">Extrait de\u00a0<em>Chlorella pyrenoidosa<\/em>\u00a0\u2014 a spherical unicellular green alga with a diameter of 3-5 \u03bcm. It is widely distributed, reproduces rapidly, and has a high content of nutrients such as protein, making it the mainstream raw material for extracting chlorella powder.<\/h4>\n<h4 class=\"header-vfC6AV auto-hide-last-sibling-br\">Taille des mailles du produit :<\/h4>\n<h4 class=\"auto-hide-last-sibling-br paragraph-JOTKXA paragraph-element br-paragraph-space\">98% passe \u00e0 travers un tamis de 80 mesh<\/h4>\n<h4 class=\"header-vfC6AV auto-hide-last-sibling-br\">Apparence:<\/h4>\n<h4 class=\"auto-hide-last-sibling-br paragraph-JOTKXA paragraph-element br-paragraph-space\">Dark green fine powder<\/h4>\n<h4 class=\"header-vfC6AV auto-hide-last-sibling-br\">M\u00e9thode de d\u00e9tection :<\/h4>\n<h4 class=\"auto-hide-last-sibling-br paragraph-JOTKXA paragraph-element br-paragraph-space\">CCM (chromatographie sur couche mince)<\/h4>\n<h4 class=\"header-vfC6AV auto-hide-last-sibling-br\">Formes posologiques d&#039;application :<\/h4>\n<h4 class=\"auto-hide-last-sibling-br paragraph-JOTKXA paragraph-element br-paragraph-space\">Largement applicable<\/h4>\n<h4 class=\"header-vfC6AV auto-hide-last-sibling-br\">D\u00e9lai de livraison :<\/h4>\n<h4 class=\"auto-hide-last-sibling-br paragraph-JOTKXA paragraph-element br-paragraph-space\">Toute l&#039;ann\u00e9e<\/h4>\n<h4 class=\"header-vfC6AV auto-hide-last-sibling-br\">Notes d&#039;achat<\/h4>\n<ul class=\"auto-hide-last-sibling-br\">\n<li>\n<h4><strong>M\u00e9thode d&#039;emballage<\/strong>: 25 kg par f\u00fbt en fibre ou sac en aluminium ; l&#039;emballage peut \u00eatre ajust\u00e9 en fonction des conditions r\u00e9elles.<\/h4>\n<\/li>\n<li>\n<h4><strong>Conditions de stockage<\/strong>:Doit \u00eatre scell\u00e9 et prot\u00e9g\u00e9 de la lumi\u00e8re, stock\u00e9 dans un endroit sec, frais et bien ventil\u00e9.<\/h4>\n<\/li>\n<li>\n<h4><strong>Dur\u00e9e de conservation<\/strong>: 2 ans<\/h4>\n<\/li>\n<li>\n<h4><strong>Exemple de disposition<\/strong>:En g\u00e9n\u00e9ral, 5 \u00e0 20 g de petits \u00e9chantillons sont fournis pour la plupart des produits\u00a0; des frais d&#039;\u00e9chantillon sont factur\u00e9s pour certains produits.<\/h4>\n<\/li>\n<li>\n<h4><strong>Emballage du produit<\/strong>:Emball\u00e9 dans des f\u00fbts en fibre ou des sacs en aluminium (emballage personnalisable disponible sur demande du client).<\/h4>\n<\/li>\n<li>\n<h4><strong>D\u00e9lai de livraison<\/strong>:Les produits non personnalis\u00e9s seront exp\u00e9di\u00e9s dans les 48 heures ; le d\u00e9lai de livraison des produits personnalis\u00e9s sera ajust\u00e9 en fonction des exigences r\u00e9elles.<\/h4>\n<\/li>\n<li>\n<h4><strong>Mode de transport<\/strong>:Livraison express nationale ou logistique ; le prix indiqu\u00e9 comprend les frais de transport.<\/h4>\n<\/li>\n<\/ul>","protected":false},"featured_media":10429,"comment_status":"closed","ping_status":"closed","template":"","meta":[],"product_brand":[],"product_cat":[18,19],"product_tag":[],"class_list":{"0":"post-10428","1":"product","2":"type-product","3":"status-publish","4":"has-post-thumbnail","6":"product_cat-fruit-and-vegetable-powder","7":"product_cat-vegetable-powders","9":"first","10":"instock","11":"shipping-taxable","12":"product-type-simple"},"_links":{"self":[{"href":"https:\/\/www.hvbio.com\/fr\/wp-json\/wp\/v2\/product\/10428","targetHints":{"allow":["GET"]}}],"collection":[{"href":"https:\/\/www.hvbio.com\/fr\/wp-json\/wp\/v2\/product"}],"about":[{"href":"https:\/\/www.hvbio.com\/fr\/wp-json\/wp\/v2\/types\/product"}],"replies":[{"embeddable":true,"href":"https:\/\/www.hvbio.com\/fr\/wp-json\/wp\/v2\/comments?post=10428"}],"wp:featuredmedia":[{"embeddable":true,"href":"https:\/\/www.hvbio.com\/fr\/wp-json\/wp\/v2\/media\/10429"}],"wp:attachment":[{"href":"https:\/\/www.hvbio.com\/fr\/wp-json\/wp\/v2\/media?parent=10428"}],"wp:term":[{"taxonomy":"product_brand","embeddable":true,"href":"https:\/\/www.hvbio.com\/fr\/wp-json\/wp\/v2\/product_brand?post=10428"},{"taxonomy":"product_cat","embeddable":true,"href":"https:\/\/www.hvbio.com\/fr\/wp-json\/wp\/v2\/product_cat?post=10428"},{"taxonomy":"product_tag","embeddable":true,"href":"https:\/\/www.hvbio.com\/fr\/wp-json\/wp\/v2\/product_tag?post=10428"}],"curies":[{"name":"wp","href":"https:\/\/api.w.org\/{rel}","templated":true}]}}