{"id":10438,"date":"2025-10-14T15:25:35","date_gmt":"2025-10-14T07:25:35","guid":{"rendered":"https:\/\/www.hvbio.com\/?post_type=product&#038;p=10438"},"modified":"2025-10-14T15:25:35","modified_gmt":"2025-10-14T07:25:35","slug":"divine-comedy-extract","status":"publish","type":"product","link":"https:\/\/www.hvbio.com\/fr\/produit\/divine-comedy-extract\/","title":{"rendered":"Extrait de la Divine Com\u00e9die\u00a0"},"content":{"rendered":"<table>\n<thead>\n<tr>\n<th>Article<\/th>\n<th>Description<\/th>\n<\/tr>\n<\/thead>\n<tbody>\n<tr>\n<td>Nom du produit<\/td>\n<td>Extrait de la Divine Com\u00e9die<\/td>\n<\/tr>\n<tr>\n<td>Noms alternatifs<\/td>\n<td>Liushenqu, Liuqu<\/td>\n<\/tr>\n<tr>\n<td>Ingr\u00e9dients principaux<\/td>\n<td>Divine Comedy (Liushenqu) is a yeast preparation, whose main ingredients include yeast, amylase, B-complex vitamins, ergosterol, protein, fat, volatile oil, etc.<\/td>\n<\/tr>\n<tr>\n<td>Source d&#039;extraction<\/td>\n<td>This product is extracted from a fermented medicinal leaven, which is made by mixing herbs such as\u00a0<em>Hydropiper polygonum<\/em>\u00a0L. (Renou\u00e9e \u00e9pic\u00e9e),\u00a0<em>Artemisia annua<\/em>\u00a0L. (Sweet Wormwood), and almond with flour or wheat bran, followed by fermentation.<\/td>\n<\/tr>\n<tr>\n<td>Taille des mailles du produit<\/td>\n<td>98% passe \u00e0 travers un tamis de 80 mesh<\/td>\n<\/tr>\n<tr>\n<td>Apparence<\/td>\n<td>Poudre brune<\/td>\n<\/tr>\n<tr>\n<td>M\u00e9thode de d\u00e9tection<\/td>\n<td>CCM (chromatographie sur couche mince)<\/td>\n<\/tr>\n<tr>\n<td>Formes posologiques d&#039;application<\/td>\n<td>Largement applicable<\/td>\n<\/tr>\n<tr>\n<td>D\u00e9lai d&#039;approvisionnement<\/td>\n<td>Toute l&#039;ann\u00e9e<\/td>\n<\/tr>\n<tr>\n<td>Stockage<\/td>\n<td>Conserver dans un r\u00e9cipient herm\u00e9tiquement ferm\u00e9, dans un endroit frais, sec et \u00e0 l&#039;abri de la lumi\u00e8re, \u00e0 l&#039;abri des sources de chaleur et des environnements humides.<\/td>\n<\/tr>\n<tr>\n<td>Dur\u00e9e de conservation<\/td>\n<td>Deux ans<\/td>\n<\/tr>\n<\/tbody>\n<\/table>","protected":false},"excerpt":{"rendered":"<h4 class=\"header-vfC6AV auto-hide-last-sibling-br\">Nom du produit : (Extrait de la Divine Com\u00e9die)<\/h4>\n<h4 class=\"auto-hide-last-sibling-br paragraph-JOTKXA paragraph-element br-paragraph-space\"><em>Note: &#8220;Liushenqu Extract&#8221; is the common translation in the traditional Chinese medicine and extract industry to avoid confusion with the literary work &#8220;Divine Comedy&#8221;; &#8220;Divine Comedy Extract&#8221; is a literal translation.<\/em><\/h4>\n<h4 class=\"header-vfC6AV auto-hide-last-sibling-br\">Noms alternatifs :<\/h4>\n<h4 class=\"auto-hide-last-sibling-br paragraph-JOTKXA paragraph-element br-paragraph-space\">Liushenqu, Liuqu<\/h4>\n<h4 class=\"header-vfC6AV auto-hide-last-sibling-br\">Ingr\u00e9dients principaux :<\/h4>\n<h4 class=\"auto-hide-last-sibling-br paragraph-JOTKXA paragraph-element br-paragraph-space\">Liushenqu (Divine Com\u00e9die) est une pr\u00e9paration \u00e0 base de levure. Ses principaux ingr\u00e9dients sont la levure, l&#039;amylase, les vitamines du complexe B, l&#039;ergost\u00e9rol, les prot\u00e9ines, les lipides, les huiles volatiles, etc.<\/h4>\n<h4 class=\"header-vfC6AV auto-hide-last-sibling-br\">Source d&#039;extraction :<\/h4>\n<h4 class=\"auto-hide-last-sibling-br paragraph-JOTKXA paragraph-element br-paragraph-space\">Ce produit est extrait d&#039;un levain ferment\u00e9, fabriqu\u00e9 en m\u00e9langeant des mati\u00e8res m\u00e9dicinales telles que\u00a0<em>Hydropiper polygonum<\/em>\u00a0L. (Renou\u00e9e \u00e9pic\u00e9e),\u00a0<em>Artemisia annua<\/em>\u00a0L. (Absinthe douce) et des amandes avec de la farine ou du son de bl\u00e9, suivi d&#039;une fermentation.<\/h4>\n<h4 class=\"header-vfC6AV auto-hide-last-sibling-br\">Taille des mailles du produit :<\/h4>\n<h4 class=\"auto-hide-last-sibling-br paragraph-JOTKXA paragraph-element br-paragraph-space\">98% passe \u00e0 travers un tamis de 80 mesh<\/h4>\n<h4 class=\"header-vfC6AV auto-hide-last-sibling-br\">Apparence:<\/h4>\n<h4 class=\"auto-hide-last-sibling-br paragraph-JOTKXA paragraph-element br-paragraph-space\">Poudre brune<\/h4>\n<h4 class=\"header-vfC6AV auto-hide-last-sibling-br\">M\u00e9thode de d\u00e9tection :<\/h4>\n<h4 class=\"auto-hide-last-sibling-br paragraph-JOTKXA paragraph-element br-paragraph-space\">CCM (chromatographie sur couche mince)<\/h4>\n<h4 class=\"header-vfC6AV auto-hide-last-sibling-br\">Formes posologiques d&#039;application :<\/h4>\n<h4 class=\"auto-hide-last-sibling-br paragraph-JOTKXA paragraph-element br-paragraph-space\">Largement applicable<\/h4>\n<h4 class=\"header-vfC6AV auto-hide-last-sibling-br\">D\u00e9lai de livraison :<\/h4>\n<h4 class=\"auto-hide-last-sibling-br paragraph-JOTKXA paragraph-element br-paragraph-space\">Toute l&#039;ann\u00e9e<\/h4>\n<h4 class=\"header-vfC6AV auto-hide-last-sibling-br\">Notes d&#039;achat<\/h4>\n<ul class=\"auto-hide-last-sibling-br\">\n<li>\n<h4><strong>M\u00e9thode d&#039;emballage<\/strong>: 25 kg par f\u00fbt en fibre ou sac en aluminium ; l&#039;emballage peut \u00eatre ajust\u00e9 en fonction des conditions r\u00e9elles.<\/h4>\n<\/li>\n<li>\n<h4><strong>Conditions de stockage<\/strong>:Doit \u00eatre scell\u00e9 et prot\u00e9g\u00e9 de la lumi\u00e8re, stock\u00e9 dans un endroit sec, frais et bien ventil\u00e9.<\/h4>\n<\/li>\n<li>\n<h4><strong>Dur\u00e9e de conservation<\/strong>: 2 ans<\/h4>\n<\/li>\n<li>\n<h4><strong>Exemple de disposition<\/strong>:En g\u00e9n\u00e9ral, 5 \u00e0 20 g de petits \u00e9chantillons sont fournis pour la plupart des produits\u00a0; des frais d&#039;\u00e9chantillon sont factur\u00e9s pour certains produits.<\/h4>\n<\/li>\n<li>\n<h4><strong>Emballage du produit<\/strong>:Emball\u00e9 dans des f\u00fbts en fibre ou des sacs en aluminium (emballage personnalisable disponible sur demande du client).<\/h4>\n<\/li>\n<li>\n<h4><strong>D\u00e9lai de livraison<\/strong>:Les produits non personnalis\u00e9s seront exp\u00e9di\u00e9s dans les 48 heures ; le d\u00e9lai de livraison des produits personnalis\u00e9s sera ajust\u00e9 en fonction des exigences r\u00e9elles.<\/h4>\n<\/li>\n<li>\n<h4><strong>Mode de transport<\/strong>:Livraison express nationale ou logistique ; le prix indiqu\u00e9 comprend les frais de transport.<\/h4>\n<\/li>\n<\/ul>","protected":false},"featured_media":10439,"comment_status":"closed","ping_status":"closed","template":"","meta":[],"product_brand":[],"product_cat":[17,24],"product_tag":[],"class_list":{"0":"post-10438","1":"product","2":"type-product","3":"status-publish","4":"has-post-thumbnail","6":"product_cat-plant-extract","7":"product_cat-ratio-extract","9":"first","10":"instock","11":"shipping-taxable","12":"product-type-simple"},"_links":{"self":[{"href":"https:\/\/www.hvbio.com\/fr\/wp-json\/wp\/v2\/product\/10438","targetHints":{"allow":["GET"]}}],"collection":[{"href":"https:\/\/www.hvbio.com\/fr\/wp-json\/wp\/v2\/product"}],"about":[{"href":"https:\/\/www.hvbio.com\/fr\/wp-json\/wp\/v2\/types\/product"}],"replies":[{"embeddable":true,"href":"https:\/\/www.hvbio.com\/fr\/wp-json\/wp\/v2\/comments?post=10438"}],"wp:featuredmedia":[{"embeddable":true,"href":"https:\/\/www.hvbio.com\/fr\/wp-json\/wp\/v2\/media\/10439"}],"wp:attachment":[{"href":"https:\/\/www.hvbio.com\/fr\/wp-json\/wp\/v2\/media?parent=10438"}],"wp:term":[{"taxonomy":"product_brand","embeddable":true,"href":"https:\/\/www.hvbio.com\/fr\/wp-json\/wp\/v2\/product_brand?post=10438"},{"taxonomy":"product_cat","embeddable":true,"href":"https:\/\/www.hvbio.com\/fr\/wp-json\/wp\/v2\/product_cat?post=10438"},{"taxonomy":"product_tag","embeddable":true,"href":"https:\/\/www.hvbio.com\/fr\/wp-json\/wp\/v2\/product_tag?post=10438"}],"curies":[{"name":"wp","href":"https:\/\/api.w.org\/{rel}","templated":true}]}}