{"id":10468,"date":"2025-10-15T16:58:52","date_gmt":"2025-10-15T08:58:52","guid":{"rendered":"https:\/\/www.hvbio.com\/?post_type=product&#038;p=10468"},"modified":"2025-10-15T16:58:52","modified_gmt":"2025-10-15T08:58:52","slug":"fucoxanthin-10","status":"publish","type":"product","link":"https:\/\/www.hvbio.com\/fr\/produit\/fucoxanthin-10\/","title":{"rendered":"Fucoxanthin 10%"},"content":{"rendered":"<table style=\"height: 461px;\" width=\"1832\">\n<thead>\n<tr>\n<th><strong>Article<\/strong><\/th>\n<th><strong>Description<\/strong><\/th>\n<\/tr>\n<\/thead>\n<tbody>\n<tr>\n<td>Nom du produit<\/td>\n<td>Fucoxanthin 10%<\/td>\n<\/tr>\n<tr>\n<td>Synonyms<\/td>\n<td>Fucoxanthin; Brown Algae Pigment; Fucoxanthine<\/td>\n<\/tr>\n<tr>\n<td>Composant principal<\/td>\n<td>Fucoxanthin, an orange-yellow carotenoid belonging to the xanthophyll class.<\/td>\n<\/tr>\n<tr>\n<td>Source d&#039;extraction<\/td>\n<td>Mainly derived from brown algae such as kelp, wakame, and Sargassum fusiforme, as well as algae like diatoms, chrysophytes, and yellow-green algae. It is also partially sourced from marine phytoplankton and aquatic shellfish. In actual production, common raw materials include kelp fronds and Sargassum pallidum thalli (from the Sargassaceae family).<\/td>\n<\/tr>\n<tr>\n<td>Taille des particules<\/td>\n<td>98% through 80-mesh sieve<\/td>\n<\/tr>\n<tr>\n<td>Apparence<\/td>\n<td>Poudre brune<\/td>\n<\/tr>\n<tr>\n<td>M\u00e9thode de d\u00e9tection<\/td>\n<td>CCM (chromatographie sur couche mince)<\/td>\n<\/tr>\n<tr>\n<td>Formes posologiques d&#039;application<\/td>\n<td>Large gamme d&#039;applications<\/td>\n<\/tr>\n<tr>\n<td>D\u00e9lai d&#039;approvisionnement<\/td>\n<td>Disponible toute l&#039;ann\u00e9e<\/td>\n<\/tr>\n<tr>\n<td>Conditions de stockage<\/td>\n<td>Store in a sealed container, in a cool, dry, and light-proof place, away from heat sources and humid environments.<\/td>\n<\/tr>\n<tr>\n<td>Dur\u00e9e de conservation<\/td>\n<td>Deux ans<\/td>\n<\/tr>\n<\/tbody>\n<\/table>","protected":false},"excerpt":{"rendered":"<h4 class=\"header-vfC6AV auto-hide-last-sibling-br\">Fucoxanthin 10%<\/h4>\n<h4 class=\"auto-hide-last-sibling-br paragraph-JOTKXA paragraph-element br-paragraph-space\"><strong>Noms alternatifs<\/strong>: Fucoxanthin (also known as Phaeophycean xanthin, Fucoxanthine)<\/h4>\n<div class=\"container-utlnW2 md-box-line-break wrapper-d0Cc1k undefined\"><\/div>\n<h4 class=\"auto-hide-last-sibling-br paragraph-JOTKXA paragraph-element br-paragraph-space\"><strong>Composant principal<\/strong>: Fucoxanthin, an orange-yellow carotenoid belonging to the xanthophyll class.<\/h4>\n<div class=\"container-utlnW2 md-box-line-break wrapper-d0Cc1k undefined\"><\/div>\n<h4 class=\"auto-hide-last-sibling-br paragraph-JOTKXA paragraph-element br-paragraph-space\"><strong>Source d&#039;extraction<\/strong>: Primarily derived from brown algae such as kelp, wakame, and sargassum fusiforme, as well as algae like diatoms, golden algae, and yellow-green algae. It is also partially sourced from marine phytoplankton and aquatic shellfish. In actual production, common extraction raw materials include the fronds of kelp and the thalli of\u00a0<em>Sargassum pallidum<\/em>\u00a0(a species of the Sargassaceae family).<\/h4>\n<div class=\"container-utlnW2 md-box-line-break wrapper-d0Cc1k undefined\"><\/div>\n<h4 class=\"auto-hide-last-sibling-br paragraph-JOTKXA paragraph-element br-paragraph-space\"><strong>Taille des particules<\/strong>: 98% passes through an 80-mesh sieve.<\/h4>\n<div class=\"container-utlnW2 md-box-line-break wrapper-d0Cc1k undefined\"><\/div>\n<h4 class=\"auto-hide-last-sibling-br paragraph-JOTKXA paragraph-element br-paragraph-space\"><strong>Apparence<\/strong>: Brown powder.<\/h4>\n<div class=\"container-utlnW2 md-box-line-break wrapper-d0Cc1k undefined\"><\/div>\n<h4 class=\"auto-hide-last-sibling-br paragraph-JOTKXA paragraph-element br-paragraph-space\"><strong>M\u00e9thode d&#039;essai<\/strong>: TLC (Thin Layer Chromatography).<\/h4>\n<div class=\"container-utlnW2 md-box-line-break wrapper-d0Cc1k undefined\"><\/div>\n<h4 class=\"auto-hide-last-sibling-br paragraph-JOTKXA paragraph-element br-paragraph-space\"><strong>Formes posologiques d&#039;application<\/strong>: Wide range of applications.<\/h4>\n<div class=\"container-utlnW2 md-box-line-break wrapper-d0Cc1k undefined\"><\/div>\n<h4 class=\"auto-hide-last-sibling-br paragraph-JOTKXA paragraph-element br-paragraph-space\"><strong>D\u00e9lai d&#039;approvisionnement<\/strong>: Available year-round.<\/h4>\n<h4 class=\"header-vfC6AV auto-hide-last-sibling-br\">Instructions d&#039;achat<\/h4>\n<ul class=\"auto-hide-last-sibling-br\">\n<li>\n<h4><strong>M\u00e9thode d&#039;emballage<\/strong>: 25kg per fiber drum or aluminum foil bag.<\/h4>\n<\/li>\n<li>\n<h4><strong>Conditions de stockage<\/strong>:Doit \u00eatre scell\u00e9 et prot\u00e9g\u00e9 de la lumi\u00e8re, stock\u00e9 dans un endroit sec, frais et bien ventil\u00e9.<\/h4>\n<\/li>\n<li>\n<h4><strong>Dur\u00e9e de conservation<\/strong>: 2 ans.<\/h4>\n<\/li>\n<li>\n<h4><strong>Exemple de disposition<\/strong>: Generally, 5-20g samples are provided for most products; some products may charge a sample fee.<\/h4>\n<\/li>\n<li>\n<h4><strong>Emballage du produit<\/strong>: Packaged in fiber drums or aluminum foil bags (custom packaging available upon customer request).<\/h4>\n<\/li>\n<li>\n<h4><strong>D\u00e9lai de livraison<\/strong>: Non-customized products are shipped within 48 hours; delivery time for customized products is adjusted based on actual requirements.<\/h4>\n<\/li>\n<li>\n<h4><strong>Mode de transport<\/strong>:Logistique express nationale ; le prix indiqu\u00e9 comprend les frais de transport.<\/h4>\n<\/li>\n<\/ul>\n<h4 class=\"container-utlnW2 md-box-line-break wrapper-d0Cc1k undefined\"><\/h4>\n<h4 class=\"auto-hide-last-sibling-br paragraph-JOTKXA paragraph-element br-paragraph-space\">If you need this English product information formatted into a\u00a0<strong>standard product specification document<\/strong>\u00a0(with clearer section divisions and professional terminology optimization), let me know and I can organize it for you.<\/h4>","protected":false},"featured_media":10469,"comment_status":"closed","ping_status":"closed","template":"","meta":[],"product_brand":[],"product_cat":[17,23],"product_tag":[],"class_list":{"0":"post-10468","1":"product","2":"type-product","3":"status-publish","4":"has-post-thumbnail","6":"product_cat-plant-extract","7":"product_cat-standard-extract","9":"first","10":"instock","11":"shipping-taxable","12":"product-type-simple"},"_links":{"self":[{"href":"https:\/\/www.hvbio.com\/fr\/wp-json\/wp\/v2\/product\/10468","targetHints":{"allow":["GET"]}}],"collection":[{"href":"https:\/\/www.hvbio.com\/fr\/wp-json\/wp\/v2\/product"}],"about":[{"href":"https:\/\/www.hvbio.com\/fr\/wp-json\/wp\/v2\/types\/product"}],"replies":[{"embeddable":true,"href":"https:\/\/www.hvbio.com\/fr\/wp-json\/wp\/v2\/comments?post=10468"}],"wp:featuredmedia":[{"embeddable":true,"href":"https:\/\/www.hvbio.com\/fr\/wp-json\/wp\/v2\/media\/10469"}],"wp:attachment":[{"href":"https:\/\/www.hvbio.com\/fr\/wp-json\/wp\/v2\/media?parent=10468"}],"wp:term":[{"taxonomy":"product_brand","embeddable":true,"href":"https:\/\/www.hvbio.com\/fr\/wp-json\/wp\/v2\/product_brand?post=10468"},{"taxonomy":"product_cat","embeddable":true,"href":"https:\/\/www.hvbio.com\/fr\/wp-json\/wp\/v2\/product_cat?post=10468"},{"taxonomy":"product_tag","embeddable":true,"href":"https:\/\/www.hvbio.com\/fr\/wp-json\/wp\/v2\/product_tag?post=10468"}],"curies":[{"name":"wp","href":"https:\/\/api.w.org\/{rel}","templated":true}]}}