{"id":10902,"date":"2026-03-26T15:34:42","date_gmt":"2026-03-26T07:34:42","guid":{"rendered":"https:\/\/www.hvbio.com\/?post_type=product&#038;p=10902"},"modified":"2026-03-26T15:40:03","modified_gmt":"2026-03-26T07:40:03","slug":"sour-cherry-powder","status":"publish","type":"product","link":"https:\/\/www.hvbio.com\/fr\/produit\/sour-cherry-powder\/","title":{"rendered":"Sour Cherry Powder"},"content":{"rendered":"<div>\n<table style=\"height: 508px;\" width=\"720\">\n<thead>\n<tr>\n<th align=\"left\">Article<\/th>\n<th align=\"left\">D\u00e9tails<\/th>\n<\/tr>\n<\/thead>\n<tbody>\n<tr>\n<td align=\"left\">Nom du produit<\/td>\n<td align=\"left\">Sour Cherry Powder<\/td>\n<\/tr>\n<tr>\n<td align=\"left\">Product Synonyms<\/td>\n<td align=\"left\">European Sour Cherry Powder, Sour Cherry Fruit Powder, Wild Sour Cherry Powder<\/td>\n<\/tr>\n<tr>\n<td align=\"left\">Nom latin<\/td>\n<td align=\"left\">Prunus cerasus L.<\/td>\n<\/tr>\n<tr>\n<td align=\"left\">Extracted From<\/td>\n<td align=\"left\">Fruit<\/td>\n<\/tr>\n<tr>\n<td align=\"left\">M\u00e9thode d&#039;essai<\/td>\n<td align=\"left\">Tested by TLC<\/td>\n<\/tr>\n<tr>\n<td align=\"left\">Apparence<\/td>\n<td align=\"left\">Purple-pink powder<\/td>\n<\/tr>\n<tr>\n<td align=\"left\">Taille des mailles<\/td>\n<td align=\"left\">98% pass through 80 mesh sieve<\/td>\n<\/tr>\n<tr>\n<td align=\"left\">Formulaires de demande<\/td>\n<td align=\"left\">Large gamme d&#039;applications<\/td>\n<\/tr>\n<tr>\n<td align=\"left\">D\u00e9lai d&#039;approvisionnement<\/td>\n<td align=\"left\">All year round<\/td>\n<\/tr>\n<tr>\n<td align=\"left\">Stockage<\/td>\n<td align=\"left\">Store in a sealed container in a cool, dry and dark place away from heat and moisture<\/td>\n<\/tr>\n<tr>\n<td align=\"left\">Dur\u00e9e de conservation<\/td>\n<td align=\"left\">Deux ans<\/td>\n<\/tr>\n<\/tbody>\n<\/table>\n<\/div>","protected":false},"excerpt":{"rendered":"<h4>Sour Cherry Powder<\/h4>\n<div><\/div>\n<h4><strong>Product Synonyms<\/strong>: European Sour Cherry Powder, Sour Cherry Powder, Wild Sour Cherry Powder<\/h4>\n<div><\/div>\n<h4><strong>Nom latin<\/strong>: Prunus cerasus L.<\/h4>\n<div><\/div>\n<h4><strong>Extracted From<\/strong>: Fruit<\/h4>\n<div><\/div>\n<h4><strong>M\u00e9thode d&#039;essai<\/strong>: Tested by TLC<\/h4>\n<div><\/div>\n<h4><strong>Apparence<\/strong>: Purple-pink powder<\/h4>\n<div><\/div>\n<h4><strong>Taille des mailles<\/strong>: 98% pass through 80-mesh sieve<\/h4>\n<div><\/div>\n<h4><strong>Formulaires de demande<\/strong>: Large gamme d&#039;applications<\/h4>\n<div><\/div>\n<h4><strong>D\u00e9lai d&#039;approvisionnement<\/strong>: All year round<\/h4>\n<h4>Notes for Purchase<\/h4>\n<h4><strong>M\u00e9thode d&#039;emballage<\/strong>: 25 kg par f\u00fbt en carton ou sac en aluminium<\/h4>\n<div><\/div>\n<h4><strong>Conditions de stockage<\/strong>: Sealed and protected from light, stored in a dry, cool and well-ventilated place<\/h4>\n<div><\/div>\n<h4><strong>P\u00e9riode de validit\u00e9<\/strong>:Deux ans<\/h4>\n<div><\/div>\n<h4><strong>Disponibilit\u00e9 des \u00e9chantillons<\/strong>: 5\u201320 g small samples are available for general products, and sample fees may apply for some products.<\/h4>\n<div><\/div>\n<h4><strong>Emballage du produit<\/strong>: Packed in cardboard drums or aluminum foil bags (packaging can be customized according to customer requirements)<\/h4>\n<div><\/div>\n<h4><strong>D\u00e9lai de livraison<\/strong>: Non-customized products will be shipped within 48 hours; customized products will be adjusted according to actual needs.<\/h4>\n<div><\/div>\n<h4><strong>M\u00e9thode d&#039;emballage<\/strong>: 25 kg per cardboard drum or aluminum foil bag; packaging can be adjusted according to actual conditions.<\/h4>\n<div><\/div>\n<h4><strong>Mode de transport<\/strong>: Domestic express delivery and logistics; the quoted price includes transportation cost.<\/h4>\n<div><\/div>\n<h4><strong>Conditions de stockage<\/strong>:Ferm\u00e9 et \u00e0 l&#039;abri de la lumi\u00e8re, \u00e0 conserver dans un endroit sec, frais et bien ventil\u00e9.<\/h4>","protected":false},"featured_media":10903,"comment_status":"closed","ping_status":"closed","template":"","meta":[],"product_brand":[],"product_cat":[18,20],"product_tag":[],"class_list":{"0":"post-10902","1":"product","2":"type-product","3":"status-publish","4":"has-post-thumbnail","6":"product_cat-fruit-and-vegetable-powder","7":"product_cat-fruit-powder","9":"first","10":"instock","11":"shipping-taxable","12":"product-type-simple"},"_links":{"self":[{"href":"https:\/\/www.hvbio.com\/fr\/wp-json\/wp\/v2\/product\/10902","targetHints":{"allow":["GET"]}}],"collection":[{"href":"https:\/\/www.hvbio.com\/fr\/wp-json\/wp\/v2\/product"}],"about":[{"href":"https:\/\/www.hvbio.com\/fr\/wp-json\/wp\/v2\/types\/product"}],"replies":[{"embeddable":true,"href":"https:\/\/www.hvbio.com\/fr\/wp-json\/wp\/v2\/comments?post=10902"}],"wp:featuredmedia":[{"embeddable":true,"href":"https:\/\/www.hvbio.com\/fr\/wp-json\/wp\/v2\/media\/10903"}],"wp:attachment":[{"href":"https:\/\/www.hvbio.com\/fr\/wp-json\/wp\/v2\/media?parent=10902"}],"wp:term":[{"taxonomy":"product_brand","embeddable":true,"href":"https:\/\/www.hvbio.com\/fr\/wp-json\/wp\/v2\/product_brand?post=10902"},{"taxonomy":"product_cat","embeddable":true,"href":"https:\/\/www.hvbio.com\/fr\/wp-json\/wp\/v2\/product_cat?post=10902"},{"taxonomy":"product_tag","embeddable":true,"href":"https:\/\/www.hvbio.com\/fr\/wp-json\/wp\/v2\/product_tag?post=10902"}],"curies":[{"name":"wp","href":"https:\/\/api.w.org\/{rel}","templated":true}]}}