{"id":10919,"date":"2026-04-02T15:41:16","date_gmt":"2026-04-02T07:41:16","guid":{"rendered":"https:\/\/www.hvbio.com\/?post_type=product&#038;p=10919"},"modified":"2026-04-02T15:41:17","modified_gmt":"2026-04-02T07:41:17","slug":"hawthorn-leaf-extract","status":"publish","type":"product","link":"https:\/\/www.hvbio.com\/fr\/produit\/hawthorn-leaf-extract\/","title":{"rendered":"Hawthorn Leaf Extract"},"content":{"rendered":"<div>\n<table style=\"height: 555px;\" width=\"768\">\n<thead>\n<tr>\n<th>Article<\/th>\n<th>Contenu<\/th>\n<\/tr>\n<\/thead>\n<tbody>\n<tr>\n<td>Nom du produit<\/td>\n<td>Hawthorn Leaf Extract<\/td>\n<\/tr>\n<tr>\n<td>Alias de produit<\/td>\n<td>Chinese Hawthorn Leaf Extract, Red Fruit Tree Leaf Extract<\/td>\n<\/tr>\n<tr>\n<td>Latin Scientific Name<\/td>\n<td><em>Crataegus pinnatifida Bge.<\/em><\/td>\n<\/tr>\n<tr>\n<td>Source d&#039;extraction<\/td>\n<td>Leaf<\/td>\n<\/tr>\n<tr>\n<td>M\u00e9thode d&#039;essai<\/td>\n<td>CCM (chromatographie sur couche mince)<\/td>\n<\/tr>\n<tr>\n<td>Sp\u00e9cifications du produit<\/td>\n<td>10:1<\/td>\n<\/tr>\n<tr>\n<td>Apparence du produit<\/td>\n<td>Poudre brune<\/td>\n<\/tr>\n<tr>\n<td>Taille des mailles<\/td>\n<td>98% pass through 80-mesh sieve<\/td>\n<\/tr>\n<tr>\n<td>Forme posologique d&#039;application<\/td>\n<td>Largement applicable<\/td>\n<\/tr>\n<tr>\n<td>P\u00e9riode d&#039;approvisionnement<\/td>\n<td>All year round<\/td>\n<\/tr>\n<tr>\n<td>Stockage<\/td>\n<td>Conserver dans un r\u00e9cipient herm\u00e9tique, dans un endroit frais, sec et sombre, \u00e0 l&#039;abri de la chaleur et de l&#039;humidit\u00e9.<\/td>\n<\/tr>\n<tr>\n<td>Dur\u00e9e de conservation<\/td>\n<td>Deux ans<\/td>\n<\/tr>\n<\/tbody>\n<\/table>\n<\/div>","protected":false},"excerpt":{"rendered":"<h1>D\u00e9tails du produit<\/h1>\n<div><\/div>\n<div>Product Name: Hawthorn Leaf Extract<\/p>\n<div><\/div>\n<p>Product Aliases: Mountain Hawthorn Leaf Extract, Red Fruit Tree Leaf Extract<\/p>\n<div><\/div>\n<p>Latin Scientific Name: Crataegus pinnatifida Bge.<\/p>\n<div><\/div>\n<p>Extraction Source: Leaves<\/p>\n<div><\/div>\n<p>Test Method: TLC (Thin Layer Chromatography)<\/p>\n<div><\/div>\n<p>Product Specification: 10:1<\/p>\n<div><\/div>\n<p>Product Appearance: Brown powder<\/p>\n<div><\/div>\n<p>Mesh Size: 98% pass through 80-mesh sieve<\/p>\n<div><\/div>\n<p>Application Dosage Form: Widely applicable<\/p>\n<div><\/div>\n<p>Supply Period: Available all year round<\/p><\/div>\n<div><\/div>\n<h1>Instructions d&#039;achat<\/h1>\n<div><\/div>\n<div>Packaging: 25 kilograms per cardboard drum or aluminum foil bag.<\/p>\n<div><\/div>\n<p>Storage Conditions: Keep sealed and away from light, store in a dry, cool and well\u2011ventilated place.<\/p>\n<div><\/div>\n<p>Validity Period: Two years.<\/p>\n<div><\/div>\n<p>Sample Service: 5 to 20 grams of sample are generally provided for most products; sample fees may be charged for some products.<\/p>\n<div><\/div>\n<p>Product Packaging: Packed in cardboard drums or aluminum foil bags, and customized packaging is available according to customers\u2019 requirements.<\/p>\n<div><\/div>\n<p>Delivery Time: Non-customized products will be shipped within 48 hours; the delivery time for customized products can be adjusted according to actual situations.<\/p>\n<div><\/div>\n<p>Packaging Specification: 25 kg per cardboard drum or aluminum foil bag, adjustable as required.<\/p>\n<div><\/div>\n<p>Transportation Mode: Domestic express delivery and logistics are provided; the quotation includes transportation fees.<\/p>\n<div><\/div>\n<p>Storage Requirements: Keep sealed and shaded, and store in a dry, cool and well\u2011ventilated environment.<\/p><\/div>","protected":false},"featured_media":10920,"comment_status":"closed","ping_status":"closed","template":"","meta":[],"product_brand":[],"product_cat":[17,23],"product_tag":[],"class_list":{"0":"post-10919","1":"product","2":"type-product","3":"status-publish","4":"has-post-thumbnail","6":"product_cat-plant-extract","7":"product_cat-standard-extract","9":"first","10":"instock","11":"shipping-taxable","12":"product-type-simple"},"_links":{"self":[{"href":"https:\/\/www.hvbio.com\/fr\/wp-json\/wp\/v2\/product\/10919","targetHints":{"allow":["GET"]}}],"collection":[{"href":"https:\/\/www.hvbio.com\/fr\/wp-json\/wp\/v2\/product"}],"about":[{"href":"https:\/\/www.hvbio.com\/fr\/wp-json\/wp\/v2\/types\/product"}],"replies":[{"embeddable":true,"href":"https:\/\/www.hvbio.com\/fr\/wp-json\/wp\/v2\/comments?post=10919"}],"wp:featuredmedia":[{"embeddable":true,"href":"https:\/\/www.hvbio.com\/fr\/wp-json\/wp\/v2\/media\/10920"}],"wp:attachment":[{"href":"https:\/\/www.hvbio.com\/fr\/wp-json\/wp\/v2\/media?parent=10919"}],"wp:term":[{"taxonomy":"product_brand","embeddable":true,"href":"https:\/\/www.hvbio.com\/fr\/wp-json\/wp\/v2\/product_brand?post=10919"},{"taxonomy":"product_cat","embeddable":true,"href":"https:\/\/www.hvbio.com\/fr\/wp-json\/wp\/v2\/product_cat?post=10919"},{"taxonomy":"product_tag","embeddable":true,"href":"https:\/\/www.hvbio.com\/fr\/wp-json\/wp\/v2\/product_tag?post=10919"}],"curies":[{"name":"wp","href":"https:\/\/api.w.org\/{rel}","templated":true}]}}