{"id":17,"date":"2025-07-24T09:32:39","date_gmt":"2025-07-24T01:32:39","guid":{"rendered":"https:\/\/hvbio.com\/?post_type=product&#038;p=17"},"modified":"2025-08-13T14:51:36","modified_gmt":"2025-08-13T06:51:36","slug":"beetroot-powder","status":"publish","type":"product","link":"https:\/\/www.hvbio.com\/fr\/produit\/beetroot-powder\/","title":{"rendered":"Poudre de betterave"},"content":{"rendered":"<table class=\"wp-block-table\">\n<thead>\n<tr>\n<th colspan=\"2\">Informations sur le produit Poudre de betterave rouge<\/th>\n<\/tr>\n<\/thead>\n<tbody>\n<tr>\n<td><strong>Nom du produit<\/strong><\/td>\n<td>Poudre de betterave rouge<\/td>\n<\/tr>\n<tr>\n<td><strong>Alias<\/strong><\/td>\n<td>Poudre de betterave, poudre de betterave rouge<\/td>\n<\/tr>\n<tr>\n<td><strong>Solvant d&#039;extraction et pi\u00e8ce utilis\u00e9e<\/strong><\/td>\n<td>Le solvant d&#039;extraction est g\u00e9n\u00e9ralement de l&#039;eau ; la partie utilis\u00e9e est la racine de la betterave rouge<\/td>\n<\/tr>\n<tr>\n<td><strong>Apparence<\/strong><\/td>\n<td>Il s&#039;agit g\u00e9n\u00e9ralement d&#039;une poudre rouge-violet \u00e0 rouge fonc\u00e9 avec une odeur distinctive de betterave et un go\u00fbt l\u00e9g\u00e8rement sucr\u00e9<\/td>\n<\/tr>\n<tr>\n<td><strong>M\u00e9thode de d\u00e9tection<\/strong><\/td>\n<td>TLC<\/td>\n<\/tr>\n<tr>\n<td><strong>Conditions de stockage<\/strong><\/td>\n<td>Conserver dans un r\u00e9cipient herm\u00e9tique dans un endroit frais, sec et ombrag\u00e9, en \u00e9vitant les temp\u00e9ratures \u00e9lev\u00e9es et l&#039;humidit\u00e9.<\/td>\n<\/tr>\n<tr>\n<td><strong>Dur\u00e9e de conservation<\/strong><\/td>\n<td>Deux ans<\/td>\n<\/tr>\n<\/tbody>\n<\/table>","protected":false},"excerpt":{"rendered":"<p>Red Beetroot Powder Product Information Product Name Red Beetroot Powder Alias Beetroot powder, Red beet powder Extraction Solvent &amp; Part<\/p>","protected":false},"featured_media":9377,"comment_status":"open","ping_status":"closed","template":"","meta":[],"product_brand":[],"product_cat":[18,19],"product_tag":[],"class_list":{"0":"post-17","1":"product","2":"type-product","3":"status-publish","4":"has-post-thumbnail","6":"product_cat-fruit-and-vegetable-powder","7":"product_cat-vegetable-powders","9":"first","10":"instock","11":"shipping-taxable","12":"product-type-simple"},"_links":{"self":[{"href":"https:\/\/www.hvbio.com\/fr\/wp-json\/wp\/v2\/product\/17","targetHints":{"allow":["GET"]}}],"collection":[{"href":"https:\/\/www.hvbio.com\/fr\/wp-json\/wp\/v2\/product"}],"about":[{"href":"https:\/\/www.hvbio.com\/fr\/wp-json\/wp\/v2\/types\/product"}],"replies":[{"embeddable":true,"href":"https:\/\/www.hvbio.com\/fr\/wp-json\/wp\/v2\/comments?post=17"}],"wp:featuredmedia":[{"embeddable":true,"href":"https:\/\/www.hvbio.com\/fr\/wp-json\/wp\/v2\/media\/9377"}],"wp:attachment":[{"href":"https:\/\/www.hvbio.com\/fr\/wp-json\/wp\/v2\/media?parent=17"}],"wp:term":[{"taxonomy":"product_brand","embeddable":true,"href":"https:\/\/www.hvbio.com\/fr\/wp-json\/wp\/v2\/product_brand?post=17"},{"taxonomy":"product_cat","embeddable":true,"href":"https:\/\/www.hvbio.com\/fr\/wp-json\/wp\/v2\/product_cat?post=17"},{"taxonomy":"product_tag","embeddable":true,"href":"https:\/\/www.hvbio.com\/fr\/wp-json\/wp\/v2\/product_tag?post=17"}],"curies":[{"name":"wp","href":"https:\/\/api.w.org\/{rel}","templated":true}]}}