{"id":24,"date":"2025-07-24T09:44:04","date_gmt":"2025-07-24T01:44:04","guid":{"rendered":"https:\/\/hvbio.com\/?post_type=product&#038;p=24"},"modified":"2025-08-13T14:52:45","modified_gmt":"2025-08-13T06:52:45","slug":"broccoli-pollen","status":"publish","type":"product","link":"https:\/\/www.hvbio.com\/fr\/produit\/broccoli-pollen\/","title":{"rendered":"pollen de brocoli"},"content":{"rendered":"<table class=\"wp-block-table\">\n<thead>\n<tr>\n<th colspan=\"2\">Informations sur le produit \u00e0 base d&#039;extrait de brocoli<\/th>\n<\/tr>\n<\/thead>\n<tbody>\n<tr>\n<td><strong>Nom du produit<\/strong><\/td>\n<td>Extrait de brocoli<\/td>\n<\/tr>\n<tr>\n<td><strong>Ingr\u00e9dient actif<\/strong><\/td>\n<td>Sulforaphane<\/td>\n<\/tr>\n<tr>\n<td><strong>Nom chimique<\/strong><\/td>\n<td>1-isothiocyanato-4-m\u00e9thylsulfinylbutane<\/td>\n<\/tr>\n<tr>\n<td><strong>Source d&#039;extraction<\/strong><\/td>\n<td>Capitule<\/td>\n<\/tr>\n<tr>\n<td><strong>Indicateurs physiques et chimiques<\/strong><\/td>\n<td>Poudre jaune brun\u00e2tre, facilement soluble dans l&#039;eau<\/td>\n<\/tr>\n<tr>\n<td><strong>M\u00e9thode de d\u00e9tection<\/strong><\/td>\n<td>D\u00e9tection TLC<\/td>\n<\/tr>\n<tr>\n<td><strong>Sp\u00e9cifications du produit<\/strong><\/td>\n<td>Extrait de brocoli 10:1, d&#039;autres sp\u00e9cifications telles que 20:1, 30:1 peuvent \u00eatre personnalis\u00e9es selon les besoins du client<\/td>\n<\/tr>\n<tr>\n<td><strong>Formule mol\u00e9culaire<\/strong><\/td>\n<td>C<sub>6<\/sub>H<sub>11<\/sub>S<sub>2<\/sub>NON<\/td>\n<\/tr>\n<tr>\n<td><strong>Num\u00e9ro CAS<\/strong><\/td>\n<td>142825-10-3<\/td>\n<\/tr>\n<tr>\n<td><strong>Poids mol\u00e9culaire<\/strong><\/td>\n<td>177.29<\/td>\n<\/tr>\n<tr>\n<td><strong>Conditionnement<\/strong><\/td>\n<td>1 kg \u00e0 5 kg\/sac en aluminium, plus de 25 kg\/f\u00fbt en carton (sac int\u00e9rieur en plastique double couche, f\u00fbt ext\u00e9rieur en carton)<\/td>\n<\/tr>\n<tr>\n<td><strong>Dur\u00e9e de conservation<\/strong><\/td>\n<td>24 mois<\/td>\n<\/tr>\n<\/tbody>\n<\/table>","protected":false},"excerpt":{"rendered":"<p>Broccoli Extract Product Information Product Name Broccoli Extract Active Ingredient Sulforaphane Chemical Name 1-Isothiocyanato-4-methylsulfinylbutane Extraction Source Flower Head Physical and<\/p>","protected":false},"featured_media":9381,"comment_status":"open","ping_status":"closed","template":"","meta":[],"product_brand":[],"product_cat":[18,19],"product_tag":[],"class_list":{"0":"post-24","1":"product","2":"type-product","3":"status-publish","4":"has-post-thumbnail","6":"product_cat-fruit-and-vegetable-powder","7":"product_cat-vegetable-powders","9":"first","10":"instock","11":"shipping-taxable","12":"product-type-simple"},"_links":{"self":[{"href":"https:\/\/www.hvbio.com\/fr\/wp-json\/wp\/v2\/product\/24","targetHints":{"allow":["GET"]}}],"collection":[{"href":"https:\/\/www.hvbio.com\/fr\/wp-json\/wp\/v2\/product"}],"about":[{"href":"https:\/\/www.hvbio.com\/fr\/wp-json\/wp\/v2\/types\/product"}],"replies":[{"embeddable":true,"href":"https:\/\/www.hvbio.com\/fr\/wp-json\/wp\/v2\/comments?post=24"}],"wp:featuredmedia":[{"embeddable":true,"href":"https:\/\/www.hvbio.com\/fr\/wp-json\/wp\/v2\/media\/9381"}],"wp:attachment":[{"href":"https:\/\/www.hvbio.com\/fr\/wp-json\/wp\/v2\/media?parent=24"}],"wp:term":[{"taxonomy":"product_brand","embeddable":true,"href":"https:\/\/www.hvbio.com\/fr\/wp-json\/wp\/v2\/product_brand?post=24"},{"taxonomy":"product_cat","embeddable":true,"href":"https:\/\/www.hvbio.com\/fr\/wp-json\/wp\/v2\/product_cat?post=24"},{"taxonomy":"product_tag","embeddable":true,"href":"https:\/\/www.hvbio.com\/fr\/wp-json\/wp\/v2\/product_tag?post=24"}],"curies":[{"name":"wp","href":"https:\/\/api.w.org\/{rel}","templated":true}]}}