{"id":46,"date":"2025-07-24T09:51:07","date_gmt":"2025-07-24T01:51:07","guid":{"rendered":"https:\/\/hvbio.com\/?post_type=product&#038;p=46"},"modified":"2025-08-13T14:47:53","modified_gmt":"2025-08-13T06:47:53","slug":"spinach-freeze-dried-powder","status":"publish","type":"product","link":"https:\/\/www.hvbio.com\/fr\/produit\/spinach-freeze-dried-powder\/","title":{"rendered":"Poudre lyophilis\u00e9e d&#039;\u00e9pinards"},"content":{"rendered":"<table class=\"wp-block-table\">\n<thead>\n<tr>\n<th colspan=\"2\">Informations sur le produit Poudre lyophilis\u00e9e d&#039;\u00e9pinards<\/th>\n<\/tr>\n<\/thead>\n<tbody>\n<tr>\n<td><strong>Nom du produit<\/strong><\/td>\n<td>Poudre lyophilis\u00e9e d&#039;\u00e9pinards<\/td>\n<\/tr>\n<tr>\n<td><strong>Alias<\/strong><\/td>\n<td>Poudre d&#039;\u00e9pinards lyophilis\u00e9s<\/td>\n<\/tr>\n<tr>\n<td><strong>Solvant d&#039;extraction et partie utilisation<\/strong><\/td>\n<td>Utilise g\u00e9n\u00e9ralement des feuilles d&#039;\u00e9pinards fra\u00eeches et des tiges tendres, le processus d&#039;extraction utilisant principalement la technologie de lyophilisation<\/td>\n<\/tr>\n<tr>\n<td><strong>Apparence<\/strong><\/td>\n<td>Poudre principalement verte \u00e0 vert fonc\u00e9, avec une odeur caract\u00e9ristique d&#039;\u00e9pinards, texture l\u00e2che<\/td>\n<\/tr>\n<tr>\n<td><strong>M\u00e9thode de d\u00e9tection<\/strong><\/td>\n<td>TLC<\/td>\n<\/tr>\n<tr>\n<td><strong>Conditions de stockage<\/strong><\/td>\n<td>Conserver herm\u00e9tiquement ferm\u00e9 dans un endroit frais, sec et ombrag\u00e9, en \u00e9vitant les temp\u00e9ratures \u00e9lev\u00e9es et l&#039;humidit\u00e9.<\/td>\n<\/tr>\n<tr>\n<td><strong>Dur\u00e9e de conservation<\/strong><\/td>\n<td>Deux ans<\/td>\n<\/tr>\n<\/tbody>\n<\/table>","protected":false},"excerpt":{"rendered":"<p>Spinach Freeze-dried Powder Product Information Product Name Spinach Freeze-dried Powder Alias Freeze-dried Spinach Powder Extraction Solvent &amp; Usage Part Typically<\/p>","protected":false},"featured_media":9252,"comment_status":"open","ping_status":"closed","template":"","meta":[],"product_brand":[],"product_cat":[18,21],"product_tag":[],"class_list":{"0":"post-46","1":"product","2":"type-product","3":"status-publish","4":"has-post-thumbnail","6":"product_cat-fruit-and-vegetable-powder","7":"product_cat-lyophilized-powder","9":"first","10":"instock","11":"shipping-taxable","12":"product-type-simple"},"_links":{"self":[{"href":"https:\/\/www.hvbio.com\/fr\/wp-json\/wp\/v2\/product\/46","targetHints":{"allow":["GET"]}}],"collection":[{"href":"https:\/\/www.hvbio.com\/fr\/wp-json\/wp\/v2\/product"}],"about":[{"href":"https:\/\/www.hvbio.com\/fr\/wp-json\/wp\/v2\/types\/product"}],"replies":[{"embeddable":true,"href":"https:\/\/www.hvbio.com\/fr\/wp-json\/wp\/v2\/comments?post=46"}],"wp:featuredmedia":[{"embeddable":true,"href":"https:\/\/www.hvbio.com\/fr\/wp-json\/wp\/v2\/media\/9252"}],"wp:attachment":[{"href":"https:\/\/www.hvbio.com\/fr\/wp-json\/wp\/v2\/media?parent=46"}],"wp:term":[{"taxonomy":"product_brand","embeddable":true,"href":"https:\/\/www.hvbio.com\/fr\/wp-json\/wp\/v2\/product_brand?post=46"},{"taxonomy":"product_cat","embeddable":true,"href":"https:\/\/www.hvbio.com\/fr\/wp-json\/wp\/v2\/product_cat?post=46"},{"taxonomy":"product_tag","embeddable":true,"href":"https:\/\/www.hvbio.com\/fr\/wp-json\/wp\/v2\/product_tag?post=46"}],"curies":[{"name":"wp","href":"https:\/\/api.w.org\/{rel}","templated":true}]}}