{"id":48,"date":"2025-07-24T09:52:43","date_gmt":"2025-07-24T01:52:43","guid":{"rendered":"https:\/\/hvbio.com\/?post_type=product&#038;p=48"},"modified":"2025-08-13T14:39:59","modified_gmt":"2025-08-13T06:39:59","slug":"corn-freeze-dried-powder","status":"publish","type":"product","link":"https:\/\/www.hvbio.com\/fr\/produit\/corn-freeze-dried-powder\/","title":{"rendered":"Poudre lyophilis\u00e9e de ma\u00efs"},"content":{"rendered":"<table class=\"wp-block-table\">\n<thead>\n<tr>\n<th colspan=\"2\">Informations sur le produit en poudre de ma\u00efs lyophilis\u00e9e<\/th>\n<\/tr>\n<\/thead>\n<tbody>\n<tr>\n<td><strong>Nom du produit<\/strong><\/td>\n<td>Poudre de ma\u00efs lyophilis\u00e9e<\/td>\n<\/tr>\n<tr>\n<td><strong>Noms alternatifs<\/strong><\/td>\n<td>Ma\u00efs, \u00e9pi de ma\u00efs, millet, riz perl\u00e9<\/td>\n<\/tr>\n<tr>\n<td><strong>Caract\u00e9ristiques du produit<\/strong><\/td>\n<td>Poudre jaune<\/td>\n<\/tr>\n<tr>\n<td><strong>Caract\u00e9ristiques<\/strong><\/td>\n<td>Poudre de ma\u00efs lyophilis\u00e9e. Pour d&#039;autres sp\u00e9cifications, telles que la poudre de jus de ma\u00efs ou l&#039;extrait de ma\u00efs 4:1, 10:1 ou 20:1, veuillez contacter le service client.<\/td>\n<\/tr>\n<tr>\n<td><strong>Source<\/strong><\/td>\n<td>Graines<\/td>\n<\/tr>\n<tr>\n<td><strong>M\u00e9thode d&#039;analyse<\/strong><\/td>\n<td>Analyse TLC<\/td>\n<\/tr>\n<tr>\n<td><strong>Nombre de produits<\/strong><\/td>\n<td>98% passe \u00e0 travers un tamis de 80 mesh<\/td>\n<\/tr>\n<tr>\n<td><strong>M\u00e9thode d&#039;emballage<\/strong><\/td>\n<td>25 kg\/baril en carton ou sac en aluminium<\/td>\n<\/tr>\n<tr>\n<td><strong>Conditions de stockage<\/strong><\/td>\n<td>Doit \u00eatre scell\u00e9 et ombrag\u00e9, stock\u00e9 dans un endroit sec, frais et bien ventil\u00e9<\/td>\n<\/tr>\n<tr>\n<td><strong>Dur\u00e9e de conservation<\/strong><\/td>\n<td>24 mois<\/td>\n<\/tr>\n<\/tbody>\n<\/table>","protected":false},"excerpt":{"rendered":"<p>Freeze-dried Corn Powder Product Information Product Name Freeze-dried Corn Powder Alternative Names Corn, corn cob, millet, pearl rice Product Characteristics<\/p>","protected":false},"featured_media":9356,"comment_status":"open","ping_status":"closed","template":"","meta":[],"product_brand":[],"product_cat":[18,21],"product_tag":[],"class_list":{"0":"post-48","1":"product","2":"type-product","3":"status-publish","4":"has-post-thumbnail","6":"product_cat-fruit-and-vegetable-powder","7":"product_cat-lyophilized-powder","9":"first","10":"instock","11":"shipping-taxable","12":"product-type-simple"},"_links":{"self":[{"href":"https:\/\/www.hvbio.com\/fr\/wp-json\/wp\/v2\/product\/48","targetHints":{"allow":["GET"]}}],"collection":[{"href":"https:\/\/www.hvbio.com\/fr\/wp-json\/wp\/v2\/product"}],"about":[{"href":"https:\/\/www.hvbio.com\/fr\/wp-json\/wp\/v2\/types\/product"}],"replies":[{"embeddable":true,"href":"https:\/\/www.hvbio.com\/fr\/wp-json\/wp\/v2\/comments?post=48"}],"wp:featuredmedia":[{"embeddable":true,"href":"https:\/\/www.hvbio.com\/fr\/wp-json\/wp\/v2\/media\/9356"}],"wp:attachment":[{"href":"https:\/\/www.hvbio.com\/fr\/wp-json\/wp\/v2\/media?parent=48"}],"wp:term":[{"taxonomy":"product_brand","embeddable":true,"href":"https:\/\/www.hvbio.com\/fr\/wp-json\/wp\/v2\/product_brand?post=48"},{"taxonomy":"product_cat","embeddable":true,"href":"https:\/\/www.hvbio.com\/fr\/wp-json\/wp\/v2\/product_cat?post=48"},{"taxonomy":"product_tag","embeddable":true,"href":"https:\/\/www.hvbio.com\/fr\/wp-json\/wp\/v2\/product_tag?post=48"}],"curies":[{"name":"wp","href":"https:\/\/api.w.org\/{rel}","templated":true}]}}