{"id":49,"date":"2025-07-24T09:53:27","date_gmt":"2025-07-24T01:53:27","guid":{"rendered":"https:\/\/hvbio.com\/?post_type=product&#038;p=49"},"modified":"2025-08-13T14:36:21","modified_gmt":"2025-08-13T06:36:21","slug":"blueberry-freeze-dried-powder","status":"publish","type":"product","link":"https:\/\/www.hvbio.com\/fr\/produit\/blueberry-freeze-dried-powder\/","title":{"rendered":"Poudre lyophilis\u00e9e de myrtille"},"content":{"rendered":"<table class=\"wp-block-table\">\n<thead>\n<tr>\n<th colspan=\"2\">Informations sur la poudre lyophilis\u00e9e de myrtille<\/th>\n<\/tr>\n<\/thead>\n<tbody>\n<tr>\n<td><strong>Nom du produit<\/strong><\/td>\n<td>Poudre lyophilis\u00e9e de myrtille<\/td>\n<\/tr>\n<tr>\n<td><strong>Noms alternatifs<\/strong><\/td>\n<td>Dudu, haricot noir, Doushi, Dianguo, Diguo<\/td>\n<\/tr>\n<tr>\n<td><strong>Nom latin<\/strong><\/td>\n<td>Vaccinium spp.<\/td>\n<\/tr>\n<tr>\n<td><strong>R\u00e9partition g\u00e9ographique<\/strong><\/td>\n<td>Chine (Heilongjiang), Am\u00e9rique du Nord, Europe, Russie<\/td>\n<\/tr>\n<tr>\n<td><strong>Apparence<\/strong><\/td>\n<td>Poudre violette<\/td>\n<\/tr>\n<tr>\n<td><strong>Sp\u00e9cification<\/strong><\/td>\n<td>Ce produit est de la poudre lyophilis\u00e9e de myrtille. Pour d&#039;autres sp\u00e9cifications, comme la poudre de jus de myrtille ou l&#039;extrait de myrtille, veuillez contacter le service client.<\/td>\n<\/tr>\n<tr>\n<td><strong>Partie d&#039;extraction<\/strong><\/td>\n<td>pulpe de fruit<\/td>\n<\/tr>\n<tr>\n<td><strong>Taille des particules<\/strong><\/td>\n<td>Passe \u00e0 travers un tamis de 80 mesh<\/td>\n<\/tr>\n<tr>\n<td><strong>Conditions de stockage<\/strong><\/td>\n<td>\u00c0 conserver dans un endroit frais, sec, ombrag\u00e9 et \u00e0 l&#039;abri des temp\u00e9ratures \u00e9lev\u00e9es. Dur\u00e9e de conservation\u00a0: 2\u00a0ans.<\/td>\n<\/tr>\n<\/tbody>\n<\/table>","protected":false},"excerpt":{"rendered":"<p>Blueberry Freeze-Dried Powder Product Information Product Name Blueberry Freeze-Dried Powder Alternative Names Dudu, Black Bean Tree, Doushi, Dianguo, Diguo Latin<\/p>","protected":false},"featured_media":9340,"comment_status":"open","ping_status":"closed","template":"","meta":[],"product_brand":[],"product_cat":[18,21],"product_tag":[],"class_list":{"0":"post-49","1":"product","2":"type-product","3":"status-publish","4":"has-post-thumbnail","6":"product_cat-fruit-and-vegetable-powder","7":"product_cat-lyophilized-powder","9":"first","10":"instock","11":"shipping-taxable","12":"product-type-simple"},"_links":{"self":[{"href":"https:\/\/www.hvbio.com\/fr\/wp-json\/wp\/v2\/product\/49","targetHints":{"allow":["GET"]}}],"collection":[{"href":"https:\/\/www.hvbio.com\/fr\/wp-json\/wp\/v2\/product"}],"about":[{"href":"https:\/\/www.hvbio.com\/fr\/wp-json\/wp\/v2\/types\/product"}],"replies":[{"embeddable":true,"href":"https:\/\/www.hvbio.com\/fr\/wp-json\/wp\/v2\/comments?post=49"}],"wp:featuredmedia":[{"embeddable":true,"href":"https:\/\/www.hvbio.com\/fr\/wp-json\/wp\/v2\/media\/9340"}],"wp:attachment":[{"href":"https:\/\/www.hvbio.com\/fr\/wp-json\/wp\/v2\/media?parent=49"}],"wp:term":[{"taxonomy":"product_brand","embeddable":true,"href":"https:\/\/www.hvbio.com\/fr\/wp-json\/wp\/v2\/product_brand?post=49"},{"taxonomy":"product_cat","embeddable":true,"href":"https:\/\/www.hvbio.com\/fr\/wp-json\/wp\/v2\/product_cat?post=49"},{"taxonomy":"product_tag","embeddable":true,"href":"https:\/\/www.hvbio.com\/fr\/wp-json\/wp\/v2\/product_tag?post=49"}],"curies":[{"name":"wp","href":"https:\/\/api.w.org\/{rel}","templated":true}]}}