{"id":51,"date":"2025-07-24T09:58:44","date_gmt":"2025-07-24T01:58:44","guid":{"rendered":"https:\/\/hvbio.com\/?post_type=product&#038;p=51"},"modified":"2025-08-13T14:43:07","modified_gmt":"2025-08-13T06:43:07","slug":"shilajit-fulvic-acid-50","status":"publish","type":"product","link":"https:\/\/www.hvbio.com\/fr\/produit\/shilajit-fulvic-acid-50\/","title":{"rendered":"Acide fulvique Shilajit 50%"},"content":{"rendered":"<table class=\"wp-block-table\">\n<thead>\n<tr>\n<th colspan=\"2\">Informations sur l&#039;acide fulvique Shilajit 50%<\/th>\n<\/tr>\n<\/thead>\n<tbody>\n<tr>\n<td><strong>Nom du produit<\/strong><\/td>\n<td>Acide fulvique Shilajit 50%<\/td>\n<\/tr>\n<tr>\n<td><strong>Alias<\/strong><\/td>\n<td>Acide fulvique (issu de Xilai Zhi), extrait de Xilai Zhi (teneur en acide fulvique 50%)<\/td>\n<\/tr>\n<tr>\n<td><strong>Solvant d&#039;extraction<\/strong><\/td>\n<td>Solvants polaires tels que l&#039;eau et l&#039;alcool dilu\u00e9 (solution d&#039;\u00e9thanol)<\/td>\n<\/tr>\n<tr>\n<td><strong>Source<\/strong><\/td>\n<td>Shilajit (complexe min\u00e9ral-v\u00e9g\u00e9tal naturel, principalement issu d&#039;exsudats de roches himalayennes)<\/td>\n<\/tr>\n<tr>\n<td><strong>Propri\u00e9t\u00e9s<\/strong><\/td>\n<td>\n<ul>\n<li>Poudre ou liquide brun \u00e0 brun fonc\u00e9<\/li>\n<li>Hygroscopique<\/li>\n<li>Facilement soluble dans l&#039;eau ou dans l&#039;alcool dilu\u00e9<\/li>\n<\/ul>\n<\/td>\n<\/tr>\n<tr>\n<td><strong>M\u00e9thode de d\u00e9tection<\/strong><\/td>\n<td>d\u00e9tection UV<\/td>\n<\/tr>\n<tr>\n<td><strong>Conditions de stockage<\/strong><\/td>\n<td>Scell\u00e9, conserv\u00e9 dans un endroit frais, sec et \u00e0 l&#039;abri de la lumi\u00e8re<\/td>\n<\/tr>\n<\/tbody>\n<\/table>","protected":false},"excerpt":{"rendered":"<p>Shilajit Fulvic Acid 50% Product Information Product Name Shilajit Fulvic Acid 50% Alias Fulvic acid (from Xilai Zhi), Xilai Zhi<\/p>","protected":false},"featured_media":9349,"comment_status":"open","ping_status":"closed","template":"","meta":[],"product_brand":[],"product_cat":[17,23],"product_tag":[],"class_list":{"0":"post-51","1":"product","2":"type-product","3":"status-publish","4":"has-post-thumbnail","6":"product_cat-plant-extract","7":"product_cat-standard-extract","9":"first","10":"instock","11":"shipping-taxable","12":"product-type-simple"},"_links":{"self":[{"href":"https:\/\/www.hvbio.com\/fr\/wp-json\/wp\/v2\/product\/51","targetHints":{"allow":["GET"]}}],"collection":[{"href":"https:\/\/www.hvbio.com\/fr\/wp-json\/wp\/v2\/product"}],"about":[{"href":"https:\/\/www.hvbio.com\/fr\/wp-json\/wp\/v2\/types\/product"}],"replies":[{"embeddable":true,"href":"https:\/\/www.hvbio.com\/fr\/wp-json\/wp\/v2\/comments?post=51"}],"wp:featuredmedia":[{"embeddable":true,"href":"https:\/\/www.hvbio.com\/fr\/wp-json\/wp\/v2\/media\/9349"}],"wp:attachment":[{"href":"https:\/\/www.hvbio.com\/fr\/wp-json\/wp\/v2\/media?parent=51"}],"wp:term":[{"taxonomy":"product_brand","embeddable":true,"href":"https:\/\/www.hvbio.com\/fr\/wp-json\/wp\/v2\/product_brand?post=51"},{"taxonomy":"product_cat","embeddable":true,"href":"https:\/\/www.hvbio.com\/fr\/wp-json\/wp\/v2\/product_cat?post=51"},{"taxonomy":"product_tag","embeddable":true,"href":"https:\/\/www.hvbio.com\/fr\/wp-json\/wp\/v2\/product_tag?post=51"}],"curies":[{"name":"wp","href":"https:\/\/api.w.org\/{rel}","templated":true}]}}