{"id":64,"date":"2025-07-24T10:10:30","date_gmt":"2025-07-24T02:10:30","guid":{"rendered":"https:\/\/hvbio.com\/?post_type=product&#038;p=64"},"modified":"2025-08-13T14:34:03","modified_gmt":"2025-08-13T06:34:03","slug":"boswellic-acid-65","status":"publish","type":"product","link":"https:\/\/www.hvbio.com\/fr\/produit\/boswellic-acid-65\/","title":{"rendered":"Acide boswellique 65%"},"content":{"rendered":"<table class=\"wp-block-table\">\n<thead>\n<tr>\n<th colspan=\"2\">Informations sur l&#039;acide boswellique 65%<\/th>\n<\/tr>\n<\/thead>\n<tbody>\n<tr>\n<td><strong>Nom du produit<\/strong><\/td>\n<td>Acide boswellique 65%<\/td>\n<\/tr>\n<tr>\n<td><strong>Sp\u00e9cification<\/strong><\/td>\n<td>65% Teneur en acide de l&#039;encens (autres sp\u00e9cifications disponibles sur demande)<\/td>\n<\/tr>\n<tr>\n<td><strong>Apparence<\/strong><\/td>\n<td>Poudre blanc cass\u00e9<\/td>\n<\/tr>\n<tr>\n<td><strong>Odeur<\/strong><\/td>\n<td>Odeur particuli\u00e8re<\/td>\n<\/tr>\n<tr>\n<td><strong>Formule mol\u00e9culaire<\/strong><\/td>\n<td>C<sub>30<\/sub>H<sub>48<\/sub>O<sub>3<\/sub><\/td>\n<\/tr>\n<tr>\n<td><strong>Poids mol\u00e9culaire<\/strong><\/td>\n<td>456.7<\/td>\n<\/tr>\n<tr>\n<td><strong>Num\u00e9ro CAS<\/strong><\/td>\n<td>471-66-9<\/td>\n<\/tr>\n<tr>\n<td><strong>Origine des mati\u00e8res premi\u00e8res<\/strong><\/td>\n<td>\n<ul>\n<li>Encens somalien (perles et brut)<\/li>\n<li>Encens \u00e9thiopien (perles et brut)<\/li>\n<\/ul>\n<\/td>\n<\/tr>\n<tr>\n<td><strong>Emballage<\/strong><\/td>\n<td>\n<ul>\n<li>Sac en aluminium de 1 kg<\/li>\n<li>25 kg\/f\u00fbt en carton (sac int\u00e9rieur en plastique double couche, f\u00fbt ext\u00e9rieur en carton)<\/li>\n<\/ul>\n<\/td>\n<\/tr>\n<tr>\n<td><strong>Stockage<\/strong><\/td>\n<td>Conserver dans un endroit frais, sec et \u00e0 l&#039;abri de la lumi\u00e8re<\/td>\n<\/tr>\n<tr>\n<td><strong>Dur\u00e9e de conservation<\/strong><\/td>\n<td>2 ans<\/td>\n<\/tr>\n<\/tbody>\n<\/table>","protected":false},"excerpt":{"rendered":"<p>Boswellic Acid 65% Product Information Product Name Boswellic Acid 65% Specification 65% Frankincense acid content (other specifications available upon request)<\/p>","protected":false},"featured_media":9336,"comment_status":"open","ping_status":"closed","template":"","meta":[],"product_brand":[],"product_cat":[17,23],"product_tag":[],"class_list":{"0":"post-64","1":"product","2":"type-product","3":"status-publish","4":"has-post-thumbnail","6":"product_cat-plant-extract","7":"product_cat-standard-extract","9":"first","10":"instock","11":"shipping-taxable","12":"product-type-simple"},"_links":{"self":[{"href":"https:\/\/www.hvbio.com\/fr\/wp-json\/wp\/v2\/product\/64","targetHints":{"allow":["GET"]}}],"collection":[{"href":"https:\/\/www.hvbio.com\/fr\/wp-json\/wp\/v2\/product"}],"about":[{"href":"https:\/\/www.hvbio.com\/fr\/wp-json\/wp\/v2\/types\/product"}],"replies":[{"embeddable":true,"href":"https:\/\/www.hvbio.com\/fr\/wp-json\/wp\/v2\/comments?post=64"}],"wp:featuredmedia":[{"embeddable":true,"href":"https:\/\/www.hvbio.com\/fr\/wp-json\/wp\/v2\/media\/9336"}],"wp:attachment":[{"href":"https:\/\/www.hvbio.com\/fr\/wp-json\/wp\/v2\/media?parent=64"}],"wp:term":[{"taxonomy":"product_brand","embeddable":true,"href":"https:\/\/www.hvbio.com\/fr\/wp-json\/wp\/v2\/product_brand?post=64"},{"taxonomy":"product_cat","embeddable":true,"href":"https:\/\/www.hvbio.com\/fr\/wp-json\/wp\/v2\/product_cat?post=64"},{"taxonomy":"product_tag","embeddable":true,"href":"https:\/\/www.hvbio.com\/fr\/wp-json\/wp\/v2\/product_tag?post=64"}],"curies":[{"name":"wp","href":"https:\/\/api.w.org\/{rel}","templated":true}]}}