{"id":67,"date":"2025-07-24T10:12:18","date_gmt":"2025-07-24T02:12:18","guid":{"rendered":"https:\/\/hvbio.com\/?post_type=product&#038;p=67"},"modified":"2025-08-13T14:32:13","modified_gmt":"2025-08-13T06:32:13","slug":"ganoderma-triterpenes-2-5","status":"publish","type":"product","link":"https:\/\/www.hvbio.com\/fr\/produit\/ganoderma-triterpenes-2-5\/","title":{"rendered":"Triterp\u00e8nes de Ganoderma 2.5%"},"content":{"rendered":"<table class=\"wp-block-table\">\n<thead>\n<tr>\n<th colspan=\"2\">Informations sur le produit\u00a0: Triterp\u00e8nes de Ganoderma 2.5%<\/th>\n<\/tr>\n<\/thead>\n<tbody>\n<tr>\n<td><strong>Nom du produit<\/strong><\/td>\n<td>Triterp\u00e8nes de Ganoderma 2.5%<\/td>\n<\/tr>\n<tr>\n<td><strong>M\u00e9thode de d\u00e9tection<\/strong><\/td>\n<td>Chromatographie liquide \u00e0 haute performance (HPLC)<\/td>\n<\/tr>\n<tr>\n<td><strong>Solvant d&#039;extraction<\/strong><\/td>\n<td>Solvants organiques tels que l&#039;\u00e9thanol (selon le proc\u00e9d\u00e9 d&#039;extraction)<\/td>\n<\/tr>\n<tr>\n<td><strong>Usage<\/strong><\/td>\n<td>Le corps du fruit de Ganoderma lucidum<\/td>\n<\/tr>\n<tr>\n<td><strong>Propri\u00e9t\u00e9s<\/strong><\/td>\n<td>\n<ul>\n<li>Poudre jaune brun\u00e2tre \u00e0 brune<\/li>\n<li>Odeur particuli\u00e8re<\/li>\n<\/ul>\n<\/td>\n<\/tr>\n<tr>\n<td><strong>Conditions de stockage<\/strong><\/td>\n<td>Bien refermer, conserver dans un endroit frais, sec et \u00e0 l&#039;abri de la lumi\u00e8re, \u00e9viter de m\u00e9langer avec des substances odorantes.<\/td>\n<\/tr>\n<tr>\n<td><strong>Dur\u00e9e de conservation<\/strong><\/td>\n<td>Deux ans<\/td>\n<\/tr>\n<\/tbody>\n<\/table>","protected":false},"excerpt":{"rendered":"<p>Ganoderma Triterpenes 2.5% Product Information Product Name Ganoderma Triterpenes 2.5% Detection Method High Performance Liquid Chromatography (HPLC) Extraction Solvent Organic<\/p>","protected":false},"featured_media":9332,"comment_status":"open","ping_status":"closed","template":"","meta":[],"product_brand":[],"product_cat":[17,23],"product_tag":[],"class_list":{"0":"post-67","1":"product","2":"type-product","3":"status-publish","4":"has-post-thumbnail","6":"product_cat-plant-extract","7":"product_cat-standard-extract","9":"first","10":"instock","11":"shipping-taxable","12":"product-type-simple"},"_links":{"self":[{"href":"https:\/\/www.hvbio.com\/fr\/wp-json\/wp\/v2\/product\/67","targetHints":{"allow":["GET"]}}],"collection":[{"href":"https:\/\/www.hvbio.com\/fr\/wp-json\/wp\/v2\/product"}],"about":[{"href":"https:\/\/www.hvbio.com\/fr\/wp-json\/wp\/v2\/types\/product"}],"replies":[{"embeddable":true,"href":"https:\/\/www.hvbio.com\/fr\/wp-json\/wp\/v2\/comments?post=67"}],"wp:featuredmedia":[{"embeddable":true,"href":"https:\/\/www.hvbio.com\/fr\/wp-json\/wp\/v2\/media\/9332"}],"wp:attachment":[{"href":"https:\/\/www.hvbio.com\/fr\/wp-json\/wp\/v2\/media?parent=67"}],"wp:term":[{"taxonomy":"product_brand","embeddable":true,"href":"https:\/\/www.hvbio.com\/fr\/wp-json\/wp\/v2\/product_brand?post=67"},{"taxonomy":"product_cat","embeddable":true,"href":"https:\/\/www.hvbio.com\/fr\/wp-json\/wp\/v2\/product_cat?post=67"},{"taxonomy":"product_tag","embeddable":true,"href":"https:\/\/www.hvbio.com\/fr\/wp-json\/wp\/v2\/product_tag?post=67"}],"curies":[{"name":"wp","href":"https:\/\/api.w.org\/{rel}","templated":true}]}}