{"id":68,"date":"2025-07-24T10:15:04","date_gmt":"2025-07-24T02:15:04","guid":{"rendered":"https:\/\/hvbio.com\/?post_type=product&#038;p=68"},"modified":"2025-08-13T14:29:04","modified_gmt":"2025-08-13T06:29:04","slug":"white-kidney-bean-extract-10%ef%bc%9a1","status":"publish","type":"product","link":"https:\/\/www.hvbio.com\/fr\/produit\/white-kidney-bean-extract-10%ef%bc%9a1\/","title":{"rendered":"Extrait de haricot blanc 10:1"},"content":{"rendered":"<table class=\"wp-block-table\">\n<thead>\n<tr>\n<th colspan=\"2\">Informations sur l&#039;extrait de haricot blanc<\/th>\n<\/tr>\n<\/thead>\n<tbody>\n<tr>\n<td><strong>Nom du produit<\/strong><\/td>\n<td>Extrait de haricot blanc<\/td>\n<\/tr>\n<tr>\n<td><strong>Noms alternatifs<\/strong><\/td>\n<td>Haricot brocoli, haricot de jardin, petite lentille<\/td>\n<\/tr>\n<tr>\n<td><strong>Nom latin<\/strong><\/td>\n<td>Phaseolus coccineus L.<\/td>\n<\/tr>\n<tr>\n<td><strong>Apparence physique<\/strong><\/td>\n<td>Poudre jaune clair \u00e0 blanc cass\u00e9<\/td>\n<\/tr>\n<tr>\n<td><strong>M\u00e9thode d&#039;essai<\/strong><\/td>\n<td>TLC<\/td>\n<\/tr>\n<tr>\n<td><strong>Ingr\u00e9dients actifs<\/strong><\/td>\n<td>\n<ul>\n<li>Convicine<\/li>\n<li>Saponines de haricot blanc<\/li>\n<li>Teneur \u00e9lev\u00e9e en prot\u00e9ines<\/li>\n<li>Teneur \u00e9lev\u00e9e en oligo-\u00e9l\u00e9ments<\/li>\n<li>Acides amin\u00e9s<\/li>\n<li>Calcium<\/li>\n<li>Phosphore<\/li>\n<\/ul>\n<\/td>\n<\/tr>\n<tr>\n<td><strong>Conditionnement<\/strong><\/td>\n<td>\n<ul>\n<li>1 kg\/sac en aluminium<\/li>\n<li>5 kg\/carton<\/li>\n<li>Options de 10 kg disponibles<\/li>\n<\/ul>\n<\/td>\n<\/tr>\n<tr>\n<td><strong>Conditions de stockage<\/strong><\/td>\n<td>Conserver dans un endroit sec et frais, \u00e0 l&#039;abri du soleil et des temp\u00e9ratures \u00e9lev\u00e9es<\/td>\n<\/tr>\n<tr>\n<td><strong>Dur\u00e9e de conservation<\/strong><\/td>\n<td>Deux ans<\/td>\n<\/tr>\n<\/tbody>\n<\/table>","protected":false},"excerpt":{"rendered":"<p>White Kidney Bean Extract Product Information Product Name White Kidney Bean Extract Alternative Names Broccoli Bean, Garden Bean, Small Lentil<\/p>","protected":false},"featured_media":9328,"comment_status":"open","ping_status":"closed","template":"","meta":[],"product_brand":[],"product_cat":[17,24],"product_tag":[],"class_list":{"0":"post-68","1":"product","2":"type-product","3":"status-publish","4":"has-post-thumbnail","6":"product_cat-plant-extract","7":"product_cat-ratio-extract","9":"first","10":"instock","11":"shipping-taxable","12":"product-type-simple"},"_links":{"self":[{"href":"https:\/\/www.hvbio.com\/fr\/wp-json\/wp\/v2\/product\/68","targetHints":{"allow":["GET"]}}],"collection":[{"href":"https:\/\/www.hvbio.com\/fr\/wp-json\/wp\/v2\/product"}],"about":[{"href":"https:\/\/www.hvbio.com\/fr\/wp-json\/wp\/v2\/types\/product"}],"replies":[{"embeddable":true,"href":"https:\/\/www.hvbio.com\/fr\/wp-json\/wp\/v2\/comments?post=68"}],"wp:featuredmedia":[{"embeddable":true,"href":"https:\/\/www.hvbio.com\/fr\/wp-json\/wp\/v2\/media\/9328"}],"wp:attachment":[{"href":"https:\/\/www.hvbio.com\/fr\/wp-json\/wp\/v2\/media?parent=68"}],"wp:term":[{"taxonomy":"product_brand","embeddable":true,"href":"https:\/\/www.hvbio.com\/fr\/wp-json\/wp\/v2\/product_brand?post=68"},{"taxonomy":"product_cat","embeddable":true,"href":"https:\/\/www.hvbio.com\/fr\/wp-json\/wp\/v2\/product_cat?post=68"},{"taxonomy":"product_tag","embeddable":true,"href":"https:\/\/www.hvbio.com\/fr\/wp-json\/wp\/v2\/product_tag?post=68"}],"curies":[{"name":"wp","href":"https:\/\/api.w.org\/{rel}","templated":true}]}}