{"id":78,"date":"2025-07-24T10:16:51","date_gmt":"2025-07-24T02:16:51","guid":{"rendered":"https:\/\/hvbio.com\/?post_type=product&#038;p=78"},"modified":"2025-08-13T14:21:29","modified_gmt":"2025-08-13T06:21:29","slug":"pumpkin-seed-extract-10%ef%bc%9a1","status":"publish","type":"product","link":"https:\/\/www.hvbio.com\/fr\/produit\/pumpkin-seed-extract-10%ef%bc%9a1\/","title":{"rendered":"Extrait de graines de citrouille 10:1"},"content":{"rendered":"<table class=\"wp-block-table\">\n<thead>\n<tr>\n<th colspan=\"2\">Informations sur le produit Extrait de graines de citrouille<\/th>\n<\/tr>\n<\/thead>\n<tbody>\n<tr>\n<td><strong>Nom du produit<\/strong><\/td>\n<td>Extrait de graines de citrouille<\/td>\n<\/tr>\n<tr>\n<td><strong>Alias<\/strong><\/td>\n<td>Graine de melon du Nord, graine de melon nid<\/td>\n<\/tr>\n<tr>\n<td><strong>Source<\/strong><\/td>\n<td>Graines de Cucurbita moschata Duch., une plante de la famille des Cucurbitac\u00e9es<\/td>\n<\/tr>\n<tr>\n<td><strong>Origine des mati\u00e8res premi\u00e8res<\/strong><\/td>\n<td>Largement cultiv\u00e9 dans tout le pays<\/td>\n<\/tr>\n<tr>\n<td><strong>R\u00e9sum\u00e9<\/strong><\/td>\n<td>Graine de courge, nom de la m\u00e9decine chinoise. Les graines de la plante Cucurbita moschata Duch., du genre Cucurbita, de la famille des Cucurbitac\u00e9es.<\/td>\n<\/tr>\n<tr>\n<td><strong>Propri\u00e9t\u00e9s<\/strong><\/td>\n<td>Poudre jaune brun\u00e2tre, test CCM<\/td>\n<\/tr>\n<tr>\n<td><strong>Sp\u00e9cifications du produit<\/strong><\/td>\n<td>Extrait de graines de citrouille 10:1 (autres sp\u00e9cifications disponibles sur demande)<\/td>\n<\/tr>\n<tr>\n<td><strong>Taille des particules<\/strong><\/td>\n<td>98% a pass\u00e9 le tamis de 80 mesh<\/td>\n<\/tr>\n<tr>\n<td><strong>Conditionnement<\/strong><\/td>\n<td>25 kg\/baril en carton ou sac en aluminium<\/td>\n<\/tr>\n<tr>\n<td><strong>Conditions de stockage<\/strong><\/td>\n<td>Doit \u00eatre scell\u00e9 et ombrag\u00e9, stock\u00e9 dans un endroit sec, frais et bien ventil\u00e9<\/td>\n<\/tr>\n<\/tbody>\n<\/table>","protected":false},"excerpt":{"rendered":"<p>Pumpkin Seed Extract Product Information Product Name Pumpkin Seed Extract Alias Northern melon seed, nest melon seed Source Seeds of<\/p>","protected":false},"featured_media":9322,"comment_status":"open","ping_status":"closed","template":"","meta":[],"product_brand":[],"product_cat":[17,24],"product_tag":[],"class_list":{"0":"post-78","1":"product","2":"type-product","3":"status-publish","4":"has-post-thumbnail","6":"product_cat-plant-extract","7":"product_cat-ratio-extract","9":"first","10":"instock","11":"shipping-taxable","12":"product-type-simple"},"_links":{"self":[{"href":"https:\/\/www.hvbio.com\/fr\/wp-json\/wp\/v2\/product\/78","targetHints":{"allow":["GET"]}}],"collection":[{"href":"https:\/\/www.hvbio.com\/fr\/wp-json\/wp\/v2\/product"}],"about":[{"href":"https:\/\/www.hvbio.com\/fr\/wp-json\/wp\/v2\/types\/product"}],"replies":[{"embeddable":true,"href":"https:\/\/www.hvbio.com\/fr\/wp-json\/wp\/v2\/comments?post=78"}],"wp:featuredmedia":[{"embeddable":true,"href":"https:\/\/www.hvbio.com\/fr\/wp-json\/wp\/v2\/media\/9322"}],"wp:attachment":[{"href":"https:\/\/www.hvbio.com\/fr\/wp-json\/wp\/v2\/media?parent=78"}],"wp:term":[{"taxonomy":"product_brand","embeddable":true,"href":"https:\/\/www.hvbio.com\/fr\/wp-json\/wp\/v2\/product_brand?post=78"},{"taxonomy":"product_cat","embeddable":true,"href":"https:\/\/www.hvbio.com\/fr\/wp-json\/wp\/v2\/product_cat?post=78"},{"taxonomy":"product_tag","embeddable":true,"href":"https:\/\/www.hvbio.com\/fr\/wp-json\/wp\/v2\/product_tag?post=78"}],"curies":[{"name":"wp","href":"https:\/\/api.w.org\/{rel}","templated":true}]}}