{"id":9165,"date":"2025-08-05T16:58:12","date_gmt":"2025-08-05T08:58:12","guid":{"rendered":"https:\/\/www.hvbio.com\/?post_type=product&#038;p=9165"},"modified":"2025-08-13T14:14:53","modified_gmt":"2025-08-13T06:14:53","slug":"valerenic-acid-0-8","status":"publish","type":"product","link":"https:\/\/www.hvbio.com\/fr\/produit\/valerenic-acid-0-8\/","title":{"rendered":"Acide val\u00e9r\u00e9nique 0,8%"},"content":{"rendered":"<p><strong><b>Acide val\u00e9r\u00e9nique 0,8% <\/b><\/strong><br \/>\nNom latin :<strong><b>\uff1aextrait de chrysanth\u00e8me<\/b><\/strong><\/p>\n<p>M\u00e9thode de d\u00e9tection : HPLC<br \/>\nCaract\u00e9ristiques : Poudre jaune brun\u00e2tre. Taille des particules : Passe \u00e0 travers un tamis de 80 mesh. M\u00e9thode de stockage : Conserver dans un endroit bien ventil\u00e9, sec, frais et \u00e0 l&#039;abri de la lumi\u00e8re. Sp\u00e9cifications d&#039;emballage : 1 kg par sac en aluminium, bo\u00eete en carton rigide ; 25 kg par f\u00fbt en fibre. Dur\u00e9e de conservation : L&#039;extrait de chrysanth\u00e8me Hangbai a une dur\u00e9e de conservation de deux ans.<\/p>","protected":false},"excerpt":{"rendered":"<p><strong><b>Acide val\u00e9r\u00e9nique 0,8% <\/b><\/strong><br \/>\nNom latin :<strong><b>\uff1aextrait de chrysanth\u00e8me<\/b><\/strong><\/p>\n<p>M\u00e9thode de d\u00e9tection : HPLC<br \/>\nCaract\u00e9ristiques : Poudre jaune brun\u00e2tre. Taille des particules : Passe \u00e0 travers un tamis de 80 mesh. M\u00e9thode de stockage : Conserver dans un endroit bien ventil\u00e9, sec, frais et \u00e0 l&#039;abri de la lumi\u00e8re. Sp\u00e9cifications d&#039;emballage : 1 kg par sac en aluminium, bo\u00eete en carton rigide ; 25 kg par f\u00fbt en fibre. Dur\u00e9e de conservation : L&#039;extrait de chrysanth\u00e8me Hangbai a une dur\u00e9e de conservation de deux ans.<\/p>","protected":false},"featured_media":9313,"comment_status":"closed","ping_status":"closed","template":"","meta":[],"product_brand":[],"product_cat":[23,17],"product_tag":[],"class_list":{"0":"post-9165","1":"product","2":"type-product","3":"status-publish","4":"has-post-thumbnail","6":"product_cat-standard-extract","7":"product_cat-plant-extract","9":"first","10":"instock","11":"shipping-taxable","12":"product-type-simple"},"_links":{"self":[{"href":"https:\/\/www.hvbio.com\/fr\/wp-json\/wp\/v2\/product\/9165","targetHints":{"allow":["GET"]}}],"collection":[{"href":"https:\/\/www.hvbio.com\/fr\/wp-json\/wp\/v2\/product"}],"about":[{"href":"https:\/\/www.hvbio.com\/fr\/wp-json\/wp\/v2\/types\/product"}],"replies":[{"embeddable":true,"href":"https:\/\/www.hvbio.com\/fr\/wp-json\/wp\/v2\/comments?post=9165"}],"wp:featuredmedia":[{"embeddable":true,"href":"https:\/\/www.hvbio.com\/fr\/wp-json\/wp\/v2\/media\/9313"}],"wp:attachment":[{"href":"https:\/\/www.hvbio.com\/fr\/wp-json\/wp\/v2\/media?parent=9165"}],"wp:term":[{"taxonomy":"product_brand","embeddable":true,"href":"https:\/\/www.hvbio.com\/fr\/wp-json\/wp\/v2\/product_brand?post=9165"},{"taxonomy":"product_cat","embeddable":true,"href":"https:\/\/www.hvbio.com\/fr\/wp-json\/wp\/v2\/product_cat?post=9165"},{"taxonomy":"product_tag","embeddable":true,"href":"https:\/\/www.hvbio.com\/fr\/wp-json\/wp\/v2\/product_tag?post=9165"}],"curies":[{"name":"wp","href":"https:\/\/api.w.org\/{rel}","templated":true}]}}