{"id":9216,"date":"2025-08-12T11:32:08","date_gmt":"2025-08-12T03:32:08","guid":{"rendered":"https:\/\/www.hvbio.com\/?post_type=product&#038;p=9216"},"modified":"2025-08-12T16:16:29","modified_gmt":"2025-08-12T08:16:29","slug":"freeze-dried-papaya-powder","status":"publish","type":"product","link":"https:\/\/www.hvbio.com\/fr\/produit\/freeze-dried-papaya-powder\/","title":{"rendered":"poudre de papaye lyophilis\u00e9e"},"content":{"rendered":"<p>Poudre de papaye lyophilis\u00e9e<\/p>\n<p>\u00c9galement connu sous le nom de : poudre lyophilis\u00e9e de papaye<\/p>\n<p>Solvant d&#039;extraction et partie utilis\u00e9e : Le solvant d&#039;extraction est g\u00e9n\u00e9ralement de l&#039;eau ; la partie utilis\u00e9e est le fruit de papaye m\u00fbr.<\/p>\n<p>Aspect : G\u00e9n\u00e9ralement une poudre jaune p\u00e2le \u00e0 blanc cass\u00e9 avec un ar\u00f4me caract\u00e9ristique de papaye.<\/p>\n<p>M\u00e9thode de d\u00e9tection : CCM<\/p>\n<p>Conservation : \u00c0 conserver dans un endroit frais, sec et sombre, \u00e0 l&#039;abri de la chaleur et de l&#039;humidit\u00e9.<\/p>\n<p>Dur\u00e9e de conservation : deux ans<\/p>","protected":false},"excerpt":{"rendered":"<p>Poudre de papaye lyophilis\u00e9e<\/p>\n<p>\u00c9galement connu sous le nom de : poudre lyophilis\u00e9e de papaye<\/p>\n<p>Solvant d&#039;extraction et partie utilis\u00e9e : Le solvant d&#039;extraction est g\u00e9n\u00e9ralement de l&#039;eau ; la partie utilis\u00e9e est le fruit de papaye m\u00fbr.<\/p>\n<p>Aspect : G\u00e9n\u00e9ralement une poudre jaune p\u00e2le \u00e0 blanc cass\u00e9 avec un ar\u00f4me caract\u00e9ristique de papaye.<\/p>\n<p>M\u00e9thode de d\u00e9tection : CCM<\/p>\n<p>Conservation : \u00c0 conserver dans un endroit frais, sec et sombre, \u00e0 l&#039;abri de la chaleur et de l&#039;humidit\u00e9.<\/p>\n<p>Dur\u00e9e de conservation : deux ans<\/p>","protected":false},"featured_media":9271,"comment_status":"closed","ping_status":"closed","template":"","meta":[],"product_brand":[],"product_cat":[21],"product_tag":[],"class_list":{"0":"post-9216","1":"product","2":"type-product","3":"status-publish","4":"has-post-thumbnail","6":"product_cat-lyophilized-powder","8":"first","9":"instock","10":"shipping-taxable","11":"product-type-simple"},"_links":{"self":[{"href":"https:\/\/www.hvbio.com\/fr\/wp-json\/wp\/v2\/product\/9216","targetHints":{"allow":["GET"]}}],"collection":[{"href":"https:\/\/www.hvbio.com\/fr\/wp-json\/wp\/v2\/product"}],"about":[{"href":"https:\/\/www.hvbio.com\/fr\/wp-json\/wp\/v2\/types\/product"}],"replies":[{"embeddable":true,"href":"https:\/\/www.hvbio.com\/fr\/wp-json\/wp\/v2\/comments?post=9216"}],"wp:featuredmedia":[{"embeddable":true,"href":"https:\/\/www.hvbio.com\/fr\/wp-json\/wp\/v2\/media\/9271"}],"wp:attachment":[{"href":"https:\/\/www.hvbio.com\/fr\/wp-json\/wp\/v2\/media?parent=9216"}],"wp:term":[{"taxonomy":"product_brand","embeddable":true,"href":"https:\/\/www.hvbio.com\/fr\/wp-json\/wp\/v2\/product_brand?post=9216"},{"taxonomy":"product_cat","embeddable":true,"href":"https:\/\/www.hvbio.com\/fr\/wp-json\/wp\/v2\/product_cat?post=9216"},{"taxonomy":"product_tag","embeddable":true,"href":"https:\/\/www.hvbio.com\/fr\/wp-json\/wp\/v2\/product_tag?post=9216"}],"curies":[{"name":"wp","href":"https:\/\/api.w.org\/{rel}","templated":true}]}}