{"id":9222,"date":"2025-08-12T11:48:51","date_gmt":"2025-08-12T03:48:51","guid":{"rendered":"https:\/\/www.hvbio.com\/?post_type=product&#038;p=9222"},"modified":"2025-08-12T15:51:38","modified_gmt":"2025-08-12T07:51:38","slug":"taro-powder","status":"publish","type":"product","link":"https:\/\/www.hvbio.com\/fr\/produit\/taro-powder\/","title":{"rendered":"poudre de taro"},"content":{"rendered":"<p>La poudre de taro naturelle, \u00e9galement appel\u00e9e poudre industrielle Yuan Yi ou poudre de vessie natatoire, est fabriqu\u00e9e \u00e0 partir de bulbes de taro avec de l&#039;eau ou de l&#039;\u00e9thanol comme solvants d&#039;extraction. Elle se pr\u00e9sente g\u00e9n\u00e9ralement sous forme de poudre blanche \u00e0 jaune p\u00e2le, pr\u00e9sentant une pigmentation taro unique et une l\u00e9g\u00e8re variation de teinte. La m\u00e9thode de d\u00e9tection utilis\u00e9e est la chromatographie sur couche mince (CCM). Ce produit doit \u00eatre conserv\u00e9 dans un endroit frais et sec, ferm\u00e9 herm\u00e9tiquement pour \u00e9viter les temp\u00e9ratures \u00e9lev\u00e9es et le dess\u00e8chement. Sa dur\u00e9e de conservation est de deux ans.<\/p>","protected":false},"excerpt":{"rendered":"<p>La poudre de taro naturelle, \u00e9galement appel\u00e9e poudre industrielle Yuan Yi ou poudre de vessie natatoire, est fabriqu\u00e9e \u00e0 partir de bulbes de taro avec de l&#039;eau ou de l&#039;\u00e9thanol comme solvants d&#039;extraction. Elle se pr\u00e9sente g\u00e9n\u00e9ralement sous forme de poudre blanche \u00e0 jaune p\u00e2le, pr\u00e9sentant une pigmentation taro unique et une l\u00e9g\u00e8re variation de teinte. La m\u00e9thode de d\u00e9tection utilis\u00e9e est la chromatographie sur couche mince (CCM). Ce produit doit \u00eatre conserv\u00e9 dans un endroit frais et sec, ferm\u00e9 herm\u00e9tiquement pour \u00e9viter les temp\u00e9ratures \u00e9lev\u00e9es et le dess\u00e8chement. Sa dur\u00e9e de conservation est de deux ans.<\/p>","protected":false},"featured_media":9276,"comment_status":"closed","ping_status":"closed","template":"","meta":[],"product_brand":[],"product_cat":[18,20],"product_tag":[26],"class_list":{"0":"post-9222","1":"product","2":"type-product","3":"status-publish","4":"has-post-thumbnail","6":"product_cat-fruit-and-vegetable-powder","7":"product_cat-fruit-powder","8":"product_tag-taro-powder","10":"first","11":"instock","12":"shipping-taxable","13":"product-type-simple"},"_links":{"self":[{"href":"https:\/\/www.hvbio.com\/fr\/wp-json\/wp\/v2\/product\/9222","targetHints":{"allow":["GET"]}}],"collection":[{"href":"https:\/\/www.hvbio.com\/fr\/wp-json\/wp\/v2\/product"}],"about":[{"href":"https:\/\/www.hvbio.com\/fr\/wp-json\/wp\/v2\/types\/product"}],"replies":[{"embeddable":true,"href":"https:\/\/www.hvbio.com\/fr\/wp-json\/wp\/v2\/comments?post=9222"}],"wp:featuredmedia":[{"embeddable":true,"href":"https:\/\/www.hvbio.com\/fr\/wp-json\/wp\/v2\/media\/9276"}],"wp:attachment":[{"href":"https:\/\/www.hvbio.com\/fr\/wp-json\/wp\/v2\/media?parent=9222"}],"wp:term":[{"taxonomy":"product_brand","embeddable":true,"href":"https:\/\/www.hvbio.com\/fr\/wp-json\/wp\/v2\/product_brand?post=9222"},{"taxonomy":"product_cat","embeddable":true,"href":"https:\/\/www.hvbio.com\/fr\/wp-json\/wp\/v2\/product_cat?post=9222"},{"taxonomy":"product_tag","embeddable":true,"href":"https:\/\/www.hvbio.com\/fr\/wp-json\/wp\/v2\/product_tag?post=9222"}],"curies":[{"name":"wp","href":"https:\/\/api.w.org\/{rel}","templated":true}]}}