{"id":9245,"date":"2025-08-12T12:00:31","date_gmt":"2025-08-12T04:00:31","guid":{"rendered":"https:\/\/www.hvbio.com\/?post_type=product&#038;p=9245"},"modified":"2025-08-12T16:18:49","modified_gmt":"2025-08-12T08:18:49","slug":"freeze-dried-peach-powder","status":"publish","type":"product","link":"https:\/\/www.hvbio.com\/fr\/produit\/freeze-dried-peach-powder\/","title":{"rendered":"poudre de p\u00eache lyophilis\u00e9e"},"content":{"rendered":"<p>Poudre de p\u00eache lyophilis\u00e9e<\/p>\n<p>Autres noms : Poudre de p\u00eache lyophilis\u00e9e, Poudre d&#039;extrait de p\u00eache lyophilis\u00e9e<\/p>\n<p>Solvant d&#039;extraction et composant utilis\u00e9 : Le solvant d&#039;extraction est g\u00e9n\u00e9ralement de l&#039;eau ; le composant utilis\u00e9 est le fruit de la p\u00eache.<\/p>\n<p>Aspect : G\u00e9n\u00e9ralement une poudre rose clair \u00e0 blanc cass\u00e9 avec un ar\u00f4me de p\u00eache distinctif.<\/p>\n<p>M\u00e9thode d&#039;essai : Chromatographie sur couche mince<\/p>\n<p>Conservation : Conserver herm\u00e9tiquement ferm\u00e9 dans un endroit frais, sec et sombre, \u00e0 l&#039;abri de la chaleur et de l&#039;humidit\u00e9.<\/p>\n<p>Dur\u00e9e de conservation : deux ans<\/p>","protected":false},"excerpt":{"rendered":"<p>Poudre de p\u00eache lyophilis\u00e9e<\/p>\n<p>Autres noms : Poudre de p\u00eache lyophilis\u00e9e, Poudre d&#039;extrait de p\u00eache lyophilis\u00e9e<\/p>\n<p>Solvant d&#039;extraction et composant utilis\u00e9 : Le solvant d&#039;extraction est g\u00e9n\u00e9ralement de l&#039;eau ; le composant utilis\u00e9 est le fruit de la p\u00eache.<\/p>\n<p>Aspect : G\u00e9n\u00e9ralement une poudre rose clair \u00e0 blanc cass\u00e9 avec un ar\u00f4me de p\u00eache distinctif.<\/p>\n<p>M\u00e9thode d&#039;essai : Chromatographie sur couche mince<\/p>\n<p>Conservation : Conserver herm\u00e9tiquement ferm\u00e9 dans un endroit frais, sec et sombre, \u00e0 l&#039;abri de la chaleur et de l&#039;humidit\u00e9.<\/p>\n<p>Dur\u00e9e de conservation : deux ans<\/p>","protected":false},"featured_media":9284,"comment_status":"closed","ping_status":"closed","template":"","meta":[],"product_brand":[],"product_cat":[21],"product_tag":[],"class_list":{"0":"post-9245","1":"product","2":"type-product","3":"status-publish","4":"has-post-thumbnail","6":"product_cat-lyophilized-powder","8":"first","9":"instock","10":"shipping-taxable","11":"product-type-simple"},"_links":{"self":[{"href":"https:\/\/www.hvbio.com\/fr\/wp-json\/wp\/v2\/product\/9245","targetHints":{"allow":["GET"]}}],"collection":[{"href":"https:\/\/www.hvbio.com\/fr\/wp-json\/wp\/v2\/product"}],"about":[{"href":"https:\/\/www.hvbio.com\/fr\/wp-json\/wp\/v2\/types\/product"}],"replies":[{"embeddable":true,"href":"https:\/\/www.hvbio.com\/fr\/wp-json\/wp\/v2\/comments?post=9245"}],"wp:featuredmedia":[{"embeddable":true,"href":"https:\/\/www.hvbio.com\/fr\/wp-json\/wp\/v2\/media\/9284"}],"wp:attachment":[{"href":"https:\/\/www.hvbio.com\/fr\/wp-json\/wp\/v2\/media?parent=9245"}],"wp:term":[{"taxonomy":"product_brand","embeddable":true,"href":"https:\/\/www.hvbio.com\/fr\/wp-json\/wp\/v2\/product_brand?post=9245"},{"taxonomy":"product_cat","embeddable":true,"href":"https:\/\/www.hvbio.com\/fr\/wp-json\/wp\/v2\/product_cat?post=9245"},{"taxonomy":"product_tag","embeddable":true,"href":"https:\/\/www.hvbio.com\/fr\/wp-json\/wp\/v2\/product_tag?post=9245"}],"curies":[{"name":"wp","href":"https:\/\/api.w.org\/{rel}","templated":true}]}}