{"id":9287,"date":"2025-08-12T16:30:00","date_gmt":"2025-08-12T08:30:00","guid":{"rendered":"https:\/\/www.hvbio.com\/?post_type=product&#038;p=9287"},"modified":"2025-08-12T16:56:34","modified_gmt":"2025-08-12T08:56:34","slug":"freeze-dried-beetroot-powder","status":"publish","type":"product","link":"https:\/\/www.hvbio.com\/fr\/produit\/freeze-dried-beetroot-powder\/","title":{"rendered":"poudre de betterave lyophilis\u00e9e"},"content":{"rendered":"<div class=\"inter-jQQQ8P\">\n<div class=\"container-PrUkKo\">\n<div class=\"item-hGGxLi\">\n<div class=\"container-arOxqB chrome70-container\">\n<div class=\"inner-FyM8gE inner-item-swzCut\" data-target-id=\"message-box-target-id\" data-testid=\"union_message\">\n<div class=\"message-block-container-aFugD6\" data-testid=\"message-block-container\">\n<div class=\"flex flex-row w-full w-full max-w-full s-font-base text-s-color-text-secondary p-0 rounded-s-radius-s bg-transparent group data-[attr=select-mode]:-mt-10 data-[attr=select-mode]:py-10 data-[attr=select-mode]:px-16 data-[attr=select-mode]:sm:p-10 data-[attr=select-mode]:hover:bg-s-color-bg-base data-[attr=select-mode]:hover:rounded-s-radius-xs data-[attr=select-mode]:has-[:checked]:bg-s-color-bg-trans data-[attr=select-mode]:has-[:checked]:rounded-s-radius-xs data-[attr=select-mode]:pointer-events-none\" data-testid=\"receive_message\">\n<div class=\"flex flex-col flex-grow max-w-full min-w-0\">\n<div class=\"flex flex-row w-full\" data-testid=\"message_content\" data-message-id=\"16002055251101954\">\n<div class=\"w-full\" data-plugin-identifier=\"Symbol(infra:receive-message-box:text)\">\n<div class=\"container-ZYIsnH flow-markdown-body theme-samantha-Nbr9UN\" dir=\"ltr\" data-testid=\"message_text_content\" data-show-indicator=\"false\">\n<p>Nom : Poudre de betterave lyophilis\u00e9e<\/p>\n<p>Autres noms : Poudre lyophilis\u00e9e de betterave rouge<\/p>\n<p>Solvant d&#039;extraction et partie utilis\u00e9e : L&#039;eau est utilis\u00e9e comme solvant d&#039;extraction ; la partie utilis\u00e9e est la racine charnue de la betterave.<\/p>\n<p>Aspect : Poudre rouge-violet<\/p>\n<p>M\u00e9thode d&#039;essai : Chromatographie sur couche mince (CCM)<\/p>\n<p>Conservation : Conserver dans un r\u00e9cipient herm\u00e9tique dans un endroit frais, sec et sombre, \u00e0 l&#039;abri de la chaleur et de l&#039;humidit\u00e9.<\/p>\n<p>Dur\u00e9e de conservation : deux ans<\/p>\n<\/div>\n<\/div>\n<\/div>\n<\/div>\n<\/div>\n<\/div>\n<\/div>\n<\/div>\n<\/div>\n<\/div>\n<\/div>","protected":false},"excerpt":{"rendered":"<div class=\"container-ZYIsnH flow-markdown-body theme-samantha-Nbr9UN\" dir=\"ltr\" data-testid=\"message_text_content\" data-show-indicator=\"false\">\n<div class=\"auto-hide-last-sibling-br paragraph-JOTKXA paragraph-element br-paragraph-space\">\n<p>Nom : Poudre de betterave lyophilis\u00e9e<\/p>\n<p>Autres noms : Poudre lyophilis\u00e9e de betterave rouge<\/p>\n<p>Solvant d&#039;extraction et partie utilis\u00e9e : L&#039;eau est utilis\u00e9e comme solvant d&#039;extraction ; la partie utilis\u00e9e est la racine charnue de la betterave.<\/p>\n<p>Aspect : Poudre rouge-violet<\/p>\n<p>M\u00e9thode d&#039;essai : Chromatographie sur couche mince (CCM)<\/p>\n<p>Conservation : Conserver dans un r\u00e9cipient herm\u00e9tique dans un endroit frais, sec et sombre, \u00e0 l&#039;abri de la chaleur et de l&#039;humidit\u00e9.<\/p>\n<p>Dur\u00e9e de conservation : deux ans<\/p>\n<\/div>\n<\/div>","protected":false},"featured_media":9288,"comment_status":"closed","ping_status":"closed","template":"","meta":[],"product_brand":[],"product_cat":[18,21],"product_tag":[],"class_list":{"0":"post-9287","1":"product","2":"type-product","3":"status-publish","4":"has-post-thumbnail","6":"product_cat-fruit-and-vegetable-powder","7":"product_cat-lyophilized-powder","9":"first","10":"instock","11":"shipping-taxable","12":"product-type-simple"},"_links":{"self":[{"href":"https:\/\/www.hvbio.com\/fr\/wp-json\/wp\/v2\/product\/9287","targetHints":{"allow":["GET"]}}],"collection":[{"href":"https:\/\/www.hvbio.com\/fr\/wp-json\/wp\/v2\/product"}],"about":[{"href":"https:\/\/www.hvbio.com\/fr\/wp-json\/wp\/v2\/types\/product"}],"replies":[{"embeddable":true,"href":"https:\/\/www.hvbio.com\/fr\/wp-json\/wp\/v2\/comments?post=9287"}],"wp:featuredmedia":[{"embeddable":true,"href":"https:\/\/www.hvbio.com\/fr\/wp-json\/wp\/v2\/media\/9288"}],"wp:attachment":[{"href":"https:\/\/www.hvbio.com\/fr\/wp-json\/wp\/v2\/media?parent=9287"}],"wp:term":[{"taxonomy":"product_brand","embeddable":true,"href":"https:\/\/www.hvbio.com\/fr\/wp-json\/wp\/v2\/product_brand?post=9287"},{"taxonomy":"product_cat","embeddable":true,"href":"https:\/\/www.hvbio.com\/fr\/wp-json\/wp\/v2\/product_cat?post=9287"},{"taxonomy":"product_tag","embeddable":true,"href":"https:\/\/www.hvbio.com\/fr\/wp-json\/wp\/v2\/product_tag?post=9287"}],"curies":[{"name":"wp","href":"https:\/\/api.w.org\/{rel}","templated":true}]}}