{"id":9303,"date":"2025-08-12T16:44:31","date_gmt":"2025-08-12T08:44:31","guid":{"rendered":"https:\/\/www.hvbio.com\/?post_type=product&#038;p=9303"},"modified":"2025-08-12T16:44:31","modified_gmt":"2025-08-12T08:44:31","slug":"coriander-powder","status":"publish","type":"product","link":"https:\/\/www.hvbio.com\/fr\/produit\/coriander-powder\/","title":{"rendered":"Poudre de coriandre"},"content":{"rendered":"<p>Poudre de coriandre<\/p>\n<p>nom du produit : poudre de coriandre<\/p>\n<div class=\"rich-text-component\">\n<p>Alias : Poudre de coriandre<\/p>\n<p>Solvant d&#039;extraction et partie d&#039;utilisation : En utilisant l&#039;eau ou l&#039;\u00e9thanol comme solvant d&#039;extraction, la partie d&#039;utilisation est constitu\u00e9e des parties a\u00e9riennes s\u00e9ch\u00e9es de coriandre (cilantro) (tiges et feuilles).<\/p>\n<p>Aspect : G\u00e9n\u00e9ralement une poudre vert jaun\u00e2tre clair \u00e0 vert jaune, avec un ar\u00f4me distinctif de coriandre et un go\u00fbt piquant et aromatique.<\/p>\n<p>M\u00e9thode de d\u00e9tection : CCM<\/p>\n<p>Conditions de conservation : Conserver ferm\u00e9 dans un endroit frais, sec et ombrag\u00e9, \u00e0 l&#039;abri des temp\u00e9ratures \u00e9lev\u00e9es et de l&#039;humidit\u00e9.<\/p>\n<p>Dur\u00e9e de conservation : deux ans<\/p>\n<\/div>","protected":false},"excerpt":{"rendered":"<p>Poudre de coriandre<\/p>\n<p>nom du produit : poudre de coriandre<\/p>\n<div class=\"rich-text-component\">\n<p>Alias : Poudre de coriandre<\/p>\n<p>Solvant d&#039;extraction et partie d&#039;utilisation : En utilisant l&#039;eau ou l&#039;\u00e9thanol comme solvant d&#039;extraction, la partie d&#039;utilisation est constitu\u00e9e des parties a\u00e9riennes s\u00e9ch\u00e9es de coriandre (cilantro) (tiges et feuilles).<\/p>\n<p>Aspect : G\u00e9n\u00e9ralement une poudre vert jaun\u00e2tre clair \u00e0 vert jaune, avec un ar\u00f4me distinctif de coriandre et un go\u00fbt piquant et aromatique.<\/p>\n<p>M\u00e9thode de d\u00e9tection : CCM<\/p>\n<p>Conditions de conservation : Conserver ferm\u00e9 dans un endroit frais, sec et ombrag\u00e9, \u00e0 l&#039;abri des temp\u00e9ratures \u00e9lev\u00e9es et de l&#039;humidit\u00e9.<\/p>\n<p>Dur\u00e9e de conservation : deux ans<\/p>\n<\/div>","protected":false},"featured_media":9306,"comment_status":"closed","ping_status":"closed","template":"","meta":[],"product_brand":[],"product_cat":[18,19],"product_tag":[27],"class_list":{"0":"post-9303","1":"product","2":"type-product","3":"status-publish","4":"has-post-thumbnail","6":"product_cat-fruit-and-vegetable-powder","7":"product_cat-vegetable-powders","8":"product_tag-coriander-powder","10":"first","11":"instock","12":"shipping-taxable","13":"product-type-simple"},"_links":{"self":[{"href":"https:\/\/www.hvbio.com\/fr\/wp-json\/wp\/v2\/product\/9303","targetHints":{"allow":["GET"]}}],"collection":[{"href":"https:\/\/www.hvbio.com\/fr\/wp-json\/wp\/v2\/product"}],"about":[{"href":"https:\/\/www.hvbio.com\/fr\/wp-json\/wp\/v2\/types\/product"}],"replies":[{"embeddable":true,"href":"https:\/\/www.hvbio.com\/fr\/wp-json\/wp\/v2\/comments?post=9303"}],"wp:featuredmedia":[{"embeddable":true,"href":"https:\/\/www.hvbio.com\/fr\/wp-json\/wp\/v2\/media\/9306"}],"wp:attachment":[{"href":"https:\/\/www.hvbio.com\/fr\/wp-json\/wp\/v2\/media?parent=9303"}],"wp:term":[{"taxonomy":"product_brand","embeddable":true,"href":"https:\/\/www.hvbio.com\/fr\/wp-json\/wp\/v2\/product_brand?post=9303"},{"taxonomy":"product_cat","embeddable":true,"href":"https:\/\/www.hvbio.com\/fr\/wp-json\/wp\/v2\/product_cat?post=9303"},{"taxonomy":"product_tag","embeddable":true,"href":"https:\/\/www.hvbio.com\/fr\/wp-json\/wp\/v2\/product_tag?post=9303"}],"curies":[{"name":"wp","href":"https:\/\/api.w.org\/{rel}","templated":true}]}}