{"id":9382,"date":"2025-08-13T15:06:44","date_gmt":"2025-08-13T07:06:44","guid":{"rendered":"https:\/\/www.hvbio.com\/?post_type=product&#038;p=9382"},"modified":"2025-08-13T15:06:44","modified_gmt":"2025-08-13T07:06:44","slug":"pea-powder","status":"publish","type":"product","link":"https:\/\/www.hvbio.com\/fr\/produit\/pea-powder\/","title":{"rendered":"poudre de pois"},"content":{"rendered":"<p>&nbsp;<\/p>\n<p>farine de pois<\/p>\n<p>Nom alternatif : Nouilles aux pois<\/p>\n<p>Parties d&#039;extraction et d&#039;utilisation du solvant : L&#039;eau est utilis\u00e9e comme solvant d&#039;extraction principal (ou elle peut \u00eatre ajust\u00e9e en fonction de diff\u00e9rentes techniques de traitement), et la partie d&#039;utilisation est constitu\u00e9e des graines de pois<\/p>\n<p>Aspect : Poudre g\u00e9n\u00e9ralement jaune clair \u00e0 blanche, texture fine, avec un ar\u00f4me distinctif de pois, go\u00fbt doux<\/p>\n<p>m\u00e9thode de d\u00e9tection : CCM<\/p>\n<p>Conditions de conservation : Conserver ferm\u00e9 dans un endroit frais, sec et ombrag\u00e9, \u00e0 l&#039;abri des temp\u00e9ratures \u00e9lev\u00e9es et de l&#039;humidit\u00e9.<\/p>\n<p>Dur\u00e9e de conservation : deux ans<\/p>","protected":false},"excerpt":{"rendered":"<p>&nbsp;<\/p>\n<p>Poudre de pois<\/p>\n<p>Nom alternatif : Nouilles aux pois<\/p>\n<p>Parties d&#039;extraction et d&#039;utilisation du solvant : L&#039;eau est utilis\u00e9e comme solvant d&#039;extraction principal (ou elle peut \u00eatre ajust\u00e9e en fonction de diff\u00e9rentes techniques de traitement), et la partie d&#039;utilisation est constitu\u00e9e des graines de pois<\/p>\n<p>Aspect : Poudre g\u00e9n\u00e9ralement jaune clair \u00e0 blanche, texture fine, avec un ar\u00f4me distinctif de pois, go\u00fbt doux<\/p>\n<p>m\u00e9thode de d\u00e9tection : CCM<\/p>\n<p>Conditions de conservation : Conserver ferm\u00e9 dans un endroit frais, sec et ombrag\u00e9, \u00e0 l&#039;abri des temp\u00e9ratures \u00e9lev\u00e9es et de l&#039;humidit\u00e9.<\/p>\n<p>Dur\u00e9e de conservation : deux ans<\/p>\n<p>&nbsp;<\/p>","protected":false},"featured_media":9387,"comment_status":"closed","ping_status":"closed","template":"","meta":[],"product_brand":[],"product_cat":[18],"product_tag":[],"class_list":{"0":"post-9382","1":"product","2":"type-product","3":"status-publish","4":"has-post-thumbnail","6":"product_cat-fruit-and-vegetable-powder","8":"first","9":"instock","10":"shipping-taxable","11":"product-type-simple"},"_links":{"self":[{"href":"https:\/\/www.hvbio.com\/fr\/wp-json\/wp\/v2\/product\/9382","targetHints":{"allow":["GET"]}}],"collection":[{"href":"https:\/\/www.hvbio.com\/fr\/wp-json\/wp\/v2\/product"}],"about":[{"href":"https:\/\/www.hvbio.com\/fr\/wp-json\/wp\/v2\/types\/product"}],"replies":[{"embeddable":true,"href":"https:\/\/www.hvbio.com\/fr\/wp-json\/wp\/v2\/comments?post=9382"}],"wp:featuredmedia":[{"embeddable":true,"href":"https:\/\/www.hvbio.com\/fr\/wp-json\/wp\/v2\/media\/9387"}],"wp:attachment":[{"href":"https:\/\/www.hvbio.com\/fr\/wp-json\/wp\/v2\/media?parent=9382"}],"wp:term":[{"taxonomy":"product_brand","embeddable":true,"href":"https:\/\/www.hvbio.com\/fr\/wp-json\/wp\/v2\/product_brand?post=9382"},{"taxonomy":"product_cat","embeddable":true,"href":"https:\/\/www.hvbio.com\/fr\/wp-json\/wp\/v2\/product_cat?post=9382"},{"taxonomy":"product_tag","embeddable":true,"href":"https:\/\/www.hvbio.com\/fr\/wp-json\/wp\/v2\/product_tag?post=9382"}],"curies":[{"name":"wp","href":"https:\/\/api.w.org\/{rel}","templated":true}]}}