{"id":9408,"date":"2025-08-13T15:25:59","date_gmt":"2025-08-13T07:25:59","guid":{"rendered":"https:\/\/www.hvbio.com\/?post_type=product&#038;p=9408"},"modified":"2025-09-01T11:01:54","modified_gmt":"2025-09-01T03:01:54","slug":"celery-powder","status":"publish","type":"product","link":"https:\/\/www.hvbio.com\/fr\/produit\/celery-powder\/","title":{"rendered":"poudre de c\u00e9leri"},"content":{"rendered":"<p>&nbsp;<\/p>\n<p>Poudre de c\u00e9leri<\/p>\n<p>Solvant d&#039;extraction et composants\u00a0: Le c\u00e9leri (principalement les tiges et les feuilles) est utilis\u00e9 comme mati\u00e8re premi\u00e8re, puis s\u00e9ch\u00e9 et r\u00e9duit en poudre. En g\u00e9n\u00e9ral, aucun solvant d&#039;extraction suppl\u00e9mentaire n&#039;est utilis\u00e9.<\/p>\n<p>Aspect : G\u00e9n\u00e9ralement une poudre jaune-vert p\u00e2le \u00e0 jaune-vert, avec un ar\u00f4me et une saveur distinctifs de c\u00e9leri et une texture fine.<\/p>\n<p>m\u00e9thode de d\u00e9tection : CCM<\/p>\n<p>Conditions de conservation : Conserver ferm\u00e9 dans un endroit frais, sec et ombrag\u00e9, \u00e0 l&#039;abri des temp\u00e9ratures \u00e9lev\u00e9es et de l&#039;humidit\u00e9.<\/p>\n<p>Dur\u00e9e de conservation : deux ans<\/p>","protected":false},"excerpt":{"rendered":"<p>Poudre de c\u00e9leri<\/p>\n<p>Solvant d&#039;extraction et composants\u00a0: Le c\u00e9leri (principalement les tiges et les feuilles) est utilis\u00e9 comme mati\u00e8re premi\u00e8re, puis s\u00e9ch\u00e9 et r\u00e9duit en poudre. En g\u00e9n\u00e9ral, aucun solvant d&#039;extraction suppl\u00e9mentaire n&#039;est utilis\u00e9.<\/p>\n<p>Aspect : G\u00e9n\u00e9ralement une poudre jaune-vert p\u00e2le \u00e0 jaune-vert, avec un ar\u00f4me et une saveur distinctifs de c\u00e9leri et une texture fine.<\/p>\n<p>m\u00e9thode de d\u00e9tection : CCM<\/p>\n<p>Conditions de conservation : Conserver ferm\u00e9 dans un endroit frais, sec et ombrag\u00e9, \u00e0 l&#039;abri des temp\u00e9ratures \u00e9lev\u00e9es et de l&#039;humidit\u00e9.<\/p>\n<p>Dur\u00e9e de conservation : deux ans<\/p>","protected":false},"featured_media":9932,"comment_status":"closed","ping_status":"closed","template":"","meta":[],"product_brand":[],"product_cat":[18,19],"product_tag":[28],"class_list":{"0":"post-9408","1":"product","2":"type-product","3":"status-publish","4":"has-post-thumbnail","6":"product_cat-fruit-and-vegetable-powder","7":"product_cat-vegetable-powders","8":"product_tag-celery-powder","10":"first","11":"instock","12":"shipping-taxable","13":"product-type-simple"},"_links":{"self":[{"href":"https:\/\/www.hvbio.com\/fr\/wp-json\/wp\/v2\/product\/9408","targetHints":{"allow":["GET"]}}],"collection":[{"href":"https:\/\/www.hvbio.com\/fr\/wp-json\/wp\/v2\/product"}],"about":[{"href":"https:\/\/www.hvbio.com\/fr\/wp-json\/wp\/v2\/types\/product"}],"replies":[{"embeddable":true,"href":"https:\/\/www.hvbio.com\/fr\/wp-json\/wp\/v2\/comments?post=9408"}],"wp:featuredmedia":[{"embeddable":true,"href":"https:\/\/www.hvbio.com\/fr\/wp-json\/wp\/v2\/media\/9932"}],"wp:attachment":[{"href":"https:\/\/www.hvbio.com\/fr\/wp-json\/wp\/v2\/media?parent=9408"}],"wp:term":[{"taxonomy":"product_brand","embeddable":true,"href":"https:\/\/www.hvbio.com\/fr\/wp-json\/wp\/v2\/product_brand?post=9408"},{"taxonomy":"product_cat","embeddable":true,"href":"https:\/\/www.hvbio.com\/fr\/wp-json\/wp\/v2\/product_cat?post=9408"},{"taxonomy":"product_tag","embeddable":true,"href":"https:\/\/www.hvbio.com\/fr\/wp-json\/wp\/v2\/product_tag?post=9408"}],"curies":[{"name":"wp","href":"https:\/\/api.w.org\/{rel}","templated":true}]}}