{"id":9469,"date":"2025-08-13T16:17:32","date_gmt":"2025-08-13T08:17:32","guid":{"rendered":"https:\/\/www.hvbio.com\/?post_type=product&#038;p=9469"},"modified":"2025-08-18T11:40:57","modified_gmt":"2025-08-18T03:40:57","slug":"freeze-dried-kale-powder","status":"publish","type":"product","link":"https:\/\/www.hvbio.com\/fr\/produit\/freeze-dried-kale-powder\/","title":{"rendered":"poudre de chou fris\u00e9 lyophilis\u00e9"},"content":{"rendered":"<table>\n<thead>\n<tr>\n<th><strong>Article<\/strong><\/th>\n<th><strong>D\u00e9tails<\/strong><\/th>\n<\/tr>\n<\/thead>\n<tbody>\n<tr>\n<td><strong>Nom du produit<\/strong><\/td>\n<td>Poudre de chou fris\u00e9 lyophilis\u00e9<\/td>\n<\/tr>\n<tr>\n<td><strong>Autres noms<\/strong><\/td>\n<td>Poudre de chou fris\u00e9 lyophilis\u00e9<\/td>\n<\/tr>\n<tr>\n<td><strong>Solvant d&#039;extraction et pi\u00e8ce utilis\u00e9e<\/strong><\/td>\n<td>Solvant d&#039;extraction : G\u00e9n\u00e9ralement de l&#039;eau<br class=\"container-utlnW2 wrapper-d0Cc1k undefined\" \/>Partie utilis\u00e9e : Feuilles de chou fris\u00e9<\/td>\n<\/tr>\n<tr>\n<td><strong>Apparence<\/strong><\/td>\n<td>G\u00e9n\u00e9ralement une poudre verte \u00e0 vert fonc\u00e9 avec une odeur caract\u00e9ristique de chou fris\u00e9<\/td>\n<\/tr>\n<tr>\n<td><strong>M\u00e9thode de d\u00e9tection<\/strong><\/td>\n<td>TLC<\/td>\n<\/tr>\n<tr>\n<td><strong>Stockage<\/strong><\/td>\n<td>Conserver herm\u00e9tiquement ferm\u00e9 dans un endroit frais, sec et sombre, \u00e0 l&#039;abri de la chaleur et de l&#039;humidit\u00e9<\/td>\n<\/tr>\n<tr>\n<td><strong>Dur\u00e9e de conservation<\/strong><\/td>\n<td>Deux ans<\/td>\n<\/tr>\n<\/tbody>\n<\/table>","protected":false},"excerpt":{"rendered":"<table>\n<thead>\n<tr>\n<th><strong>Article<\/strong><\/th>\n<th><strong>D\u00e9tails<\/strong><\/th>\n<\/tr>\n<\/thead>\n<tbody>\n<tr>\n<td><strong>Nom du produit<\/strong><\/td>\n<td>Poudre de chou fris\u00e9 lyophilis\u00e9<\/td>\n<\/tr>\n<tr>\n<td><strong>Autres noms<\/strong><\/td>\n<td>Poudre de chou fris\u00e9 lyophilis\u00e9<\/td>\n<\/tr>\n<tr>\n<td><strong>Solvant d&#039;extraction et pi\u00e8ce utilis\u00e9e<\/strong><\/td>\n<td>Solvant d&#039;extraction : G\u00e9n\u00e9ralement de l&#039;eau<br class=\"container-utlnW2 wrapper-d0Cc1k undefined\" \/>\u00a0Partie utilis\u00e9e : Feuilles de chou fris\u00e9<\/td>\n<\/tr>\n<tr>\n<td><strong>Apparence<\/strong><\/td>\n<td>G\u00e9n\u00e9ralement une poudre verte \u00e0 vert fonc\u00e9 avec une odeur caract\u00e9ristique de chou fris\u00e9<\/td>\n<\/tr>\n<tr>\n<td><strong>M\u00e9thode de d\u00e9tection<\/strong><\/td>\n<td>TLC<\/td>\n<\/tr>\n<tr>\n<td><strong>Stockage<\/strong><\/td>\n<td>Conserver herm\u00e9tiquement ferm\u00e9 dans un endroit frais, sec et sombre, \u00e0 l&#039;abri de la chaleur et de l&#039;humidit\u00e9<\/td>\n<\/tr>\n<tr>\n<td><strong>Dur\u00e9e de conservation<\/strong><\/td>\n<td>Deux ans<\/td>\n<\/tr>\n<\/tbody>\n<\/table>","protected":false},"featured_media":9473,"comment_status":"closed","ping_status":"closed","template":"","meta":[],"product_brand":[],"product_cat":[21],"product_tag":[],"class_list":{"0":"post-9469","1":"product","2":"type-product","3":"status-publish","4":"has-post-thumbnail","6":"product_cat-lyophilized-powder","8":"first","9":"instock","10":"shipping-taxable","11":"product-type-simple"},"_links":{"self":[{"href":"https:\/\/www.hvbio.com\/fr\/wp-json\/wp\/v2\/product\/9469","targetHints":{"allow":["GET"]}}],"collection":[{"href":"https:\/\/www.hvbio.com\/fr\/wp-json\/wp\/v2\/product"}],"about":[{"href":"https:\/\/www.hvbio.com\/fr\/wp-json\/wp\/v2\/types\/product"}],"replies":[{"embeddable":true,"href":"https:\/\/www.hvbio.com\/fr\/wp-json\/wp\/v2\/comments?post=9469"}],"wp:featuredmedia":[{"embeddable":true,"href":"https:\/\/www.hvbio.com\/fr\/wp-json\/wp\/v2\/media\/9473"}],"wp:attachment":[{"href":"https:\/\/www.hvbio.com\/fr\/wp-json\/wp\/v2\/media?parent=9469"}],"wp:term":[{"taxonomy":"product_brand","embeddable":true,"href":"https:\/\/www.hvbio.com\/fr\/wp-json\/wp\/v2\/product_brand?post=9469"},{"taxonomy":"product_cat","embeddable":true,"href":"https:\/\/www.hvbio.com\/fr\/wp-json\/wp\/v2\/product_cat?post=9469"},{"taxonomy":"product_tag","embeddable":true,"href":"https:\/\/www.hvbio.com\/fr\/wp-json\/wp\/v2\/product_tag?post=9469"}],"curies":[{"name":"wp","href":"https:\/\/api.w.org\/{rel}","templated":true}]}}