{"id":9498,"date":"2025-08-19T11:17:57","date_gmt":"2025-08-19T03:17:57","guid":{"rendered":"https:\/\/www.hvbio.com\/?post_type=product&#038;p=9498"},"modified":"2025-08-19T11:17:57","modified_gmt":"2025-08-19T03:17:57","slug":"cranberry-powder","status":"publish","type":"product","link":"https:\/\/www.hvbio.com\/fr\/produit\/cranberry-powder\/","title":{"rendered":"Poudre de canneberge"},"content":{"rendered":"<table>\n<tbody>\n<tr>\n<td><strong>Nom du produit<\/strong><\/td>\n<td>Poudre de canneberge<\/td>\n<\/tr>\n<tr>\n<td><strong>Extrait de<\/strong><\/td>\n<td>fruit de canneberge<\/td>\n<\/tr>\n<tr>\n<td><strong>Propri\u00e9t\u00e9s<\/strong><\/td>\n<td>Poudre rouge-violet, test\u00e9e par TLC<\/td>\n<\/tr>\n<tr>\n<td><strong>Taille des mailles<\/strong><\/td>\n<td>98% passant au tamis de 80 mesh<\/td>\n<\/tr>\n<tr>\n<td><strong>Conditionnement<\/strong><\/td>\n<td>25 kg\/f\u00fbt en carton ou sac en aluminium ;<br class=\"container-utlnW2 wrapper-d0Cc1k undefined\" \/>F\u00fbt en carton ou sac en aluminium (emballage sp\u00e9cifique au client disponible)<\/td>\n<\/tr>\n<tr>\n<td><strong>Stockage<\/strong><\/td>\n<td>Conserver dans un endroit ferm\u00e9, \u00e0 l&#039;abri de la lumi\u00e8re, dans un endroit sec, frais et bien ventil\u00e9.<\/td>\n<\/tr>\n<tr>\n<td><strong>Dur\u00e9e de conservation<\/strong><\/td>\n<td>24 mois<\/td>\n<\/tr>\n<tr>\n<td><strong>Livraison express<\/strong><\/td>\n<td>Disponible via express ou logistique.<br class=\"container-utlnW2 wrapper-d0Cc1k undefined\" \/>Livraison express nationale : arrive g\u00e9n\u00e9ralement sous 3 jours.<br class=\"container-utlnW2 wrapper-d0Cc1k undefined\" \/>Livraison logistique nationale : arrive g\u00e9n\u00e9ralement sous 5 jours.<br class=\"container-utlnW2 wrapper-d0Cc1k undefined\" \/>Les frais d&#039;exp\u00e9dition nationaux sont g\u00e9n\u00e9ralement inclus dans le devis.<\/td>\n<\/tr>\n<tr>\n<td><strong>\u00c9chantillon<\/strong><\/td>\n<td>Des \u00e9chantillons de 5 \u00e0 20 g sont g\u00e9n\u00e9ralement disponibles\u00a0; des frais d&#039;\u00e9chantillon s&#039;appliquent pour certains produits<\/td>\n<\/tr>\n<\/tbody>\n<\/table>","protected":false},"excerpt":{"rendered":"<table>\n<tbody>\n<tr>\n<td><strong>Nom du produit<\/strong><\/td>\n<td>Poudre de canneberge<\/td>\n<\/tr>\n<tr>\n<td><strong>Extrait de<\/strong><\/td>\n<td>fruit de canneberge<\/td>\n<\/tr>\n<tr>\n<td><strong>Propri\u00e9t\u00e9s<\/strong><\/td>\n<td>Poudre rouge-violet, test\u00e9e par TLC<\/td>\n<\/tr>\n<tr>\n<td><strong>Taille des mailles<\/strong><\/td>\n<td>98% passant au tamis de 80 mesh<\/td>\n<\/tr>\n<tr>\n<td><strong>Conditionnement<\/strong><\/td>\n<td>25 kg\/f\u00fbt en carton ou sac en aluminium ;<br class=\"container-utlnW2 wrapper-d0Cc1k undefined\" \/>F\u00fbt en carton ou sac en aluminium (emballage sp\u00e9cifique au client disponible)<\/td>\n<\/tr>\n<tr>\n<td><strong>Stockage<\/strong><\/td>\n<td>Conserver dans un endroit ferm\u00e9, \u00e0 l&#039;abri de la lumi\u00e8re, dans un endroit sec, frais et bien ventil\u00e9.<\/td>\n<\/tr>\n<tr>\n<td><strong>Dur\u00e9e de conservation<\/strong><\/td>\n<td>24 mois<\/td>\n<\/tr>\n<tr>\n<td><strong>Livraison express<\/strong><\/td>\n<td>Disponible via express ou logistique.<br class=\"container-utlnW2 wrapper-d0Cc1k undefined\" \/>Livraison express nationale : arrive g\u00e9n\u00e9ralement sous 3 jours.<br class=\"container-utlnW2 wrapper-d0Cc1k undefined\" \/>Livraison logistique nationale : arrive g\u00e9n\u00e9ralement sous 5 jours.<br class=\"container-utlnW2 wrapper-d0Cc1k undefined\" \/>Les frais d&#039;exp\u00e9dition nationaux sont g\u00e9n\u00e9ralement inclus dans le devis.<\/td>\n<\/tr>\n<tr>\n<td><strong>\u00c9chantillon<\/strong><\/td>\n<td>Des \u00e9chantillons de 5 \u00e0 20 g sont g\u00e9n\u00e9ralement disponibles\u00a0; des frais d&#039;\u00e9chantillon s&#039;appliquent pour certains produits<\/td>\n<\/tr>\n<\/tbody>\n<\/table>","protected":false},"featured_media":9502,"comment_status":"closed","ping_status":"closed","template":"","meta":[],"product_brand":[],"product_cat":[20],"product_tag":[],"class_list":{"0":"post-9498","1":"product","2":"type-product","3":"status-publish","4":"has-post-thumbnail","6":"product_cat-fruit-powder","8":"first","9":"instock","10":"shipping-taxable","11":"product-type-simple"},"_links":{"self":[{"href":"https:\/\/www.hvbio.com\/fr\/wp-json\/wp\/v2\/product\/9498","targetHints":{"allow":["GET"]}}],"collection":[{"href":"https:\/\/www.hvbio.com\/fr\/wp-json\/wp\/v2\/product"}],"about":[{"href":"https:\/\/www.hvbio.com\/fr\/wp-json\/wp\/v2\/types\/product"}],"replies":[{"embeddable":true,"href":"https:\/\/www.hvbio.com\/fr\/wp-json\/wp\/v2\/comments?post=9498"}],"wp:featuredmedia":[{"embeddable":true,"href":"https:\/\/www.hvbio.com\/fr\/wp-json\/wp\/v2\/media\/9502"}],"wp:attachment":[{"href":"https:\/\/www.hvbio.com\/fr\/wp-json\/wp\/v2\/media?parent=9498"}],"wp:term":[{"taxonomy":"product_brand","embeddable":true,"href":"https:\/\/www.hvbio.com\/fr\/wp-json\/wp\/v2\/product_brand?post=9498"},{"taxonomy":"product_cat","embeddable":true,"href":"https:\/\/www.hvbio.com\/fr\/wp-json\/wp\/v2\/product_cat?post=9498"},{"taxonomy":"product_tag","embeddable":true,"href":"https:\/\/www.hvbio.com\/fr\/wp-json\/wp\/v2\/product_tag?post=9498"}],"curies":[{"name":"wp","href":"https:\/\/api.w.org\/{rel}","templated":true}]}}