{"id":9505,"date":"2025-08-19T11:19:38","date_gmt":"2025-08-19T03:19:38","guid":{"rendered":"https:\/\/www.hvbio.com\/?post_type=product&#038;p=9505"},"modified":"2025-08-19T14:37:06","modified_gmt":"2025-08-19T06:37:06","slug":"apple-powder","status":"publish","type":"product","link":"https:\/\/www.hvbio.com\/fr\/produit\/apple-powder\/","title":{"rendered":"Poudre de pomme"},"content":{"rendered":"<table style=\"height: 336px;\" width=\"1390\">\n<thead>\n<tr>\n<th><strong>Article<\/strong><\/th>\n<th><strong>D\u00e9tails<\/strong><\/th>\n<\/tr>\n<\/thead>\n<tbody>\n<tr>\n<td><strong>Nom du produit<\/strong><\/td>\n<td>Poudre de pomme<\/td>\n<\/tr>\n<tr>\n<td><strong>Autres noms<\/strong><\/td>\n<td>Poudre de pomme originale<\/td>\n<\/tr>\n<tr>\n<td><strong>Solvant d&#039;extraction et pi\u00e8ce usag\u00e9e<\/strong><\/td>\n<td>\u2013 Partie utilis\u00e9e : Chair de pommes fra\u00eeches<br class=\"container-utlnW2 wrapper-d0Cc1k undefined\" \/>\u2013 Solvant d\u2019extraction : Les solvants chimiques sont rarement utilis\u00e9s dans le traitement de la poudre de pomme ; seule l\u2019eau peut \u00eatre impliqu\u00e9e dans le pr\u00e9traitement ou des processus sp\u00e9cifiques<\/td>\n<\/tr>\n<tr>\n<td><strong>Apparence<\/strong><\/td>\n<td>Poudre blanche<\/td>\n<\/tr>\n<tr>\n<td><strong>M\u00e9thode de d\u00e9tection<\/strong><\/td>\n<td>Chromatographie sur couche mince (CCM)<\/td>\n<\/tr>\n<tr>\n<td><strong>Stockage<\/strong><\/td>\n<td>Conserver dans un r\u00e9cipient herm\u00e9tique, placer dans un endroit frais, sec et sombre, et tenir \u00e0 l&#039;\u00e9cart des sources de chaleur et des environnements humides.<\/td>\n<\/tr>\n<tr>\n<td><strong>Dur\u00e9e de conservation<\/strong><\/td>\n<td>Deux ans<\/td>\n<\/tr>\n<\/tbody>\n<\/table>","protected":false},"excerpt":{"rendered":"<table style=\"height: 336px;\" width=\"1390\">\n<thead>\n<tr>\n<th><strong>Article<\/strong><\/th>\n<th><strong>D\u00e9tails<\/strong><\/th>\n<\/tr>\n<\/thead>\n<tbody>\n<tr>\n<td><strong>Nom du produit<\/strong><\/td>\n<td>Poudre de pomme<\/td>\n<\/tr>\n<tr>\n<td><strong>Autres noms<\/strong><\/td>\n<td>Poudre de pomme originale<\/td>\n<\/tr>\n<tr>\n<td><strong>Solvant d&#039;extraction et pi\u00e8ce usag\u00e9e<\/strong><\/td>\n<td>\u2013 Partie utilis\u00e9e : Chair de pommes fra\u00eeches<br class=\"container-utlnW2 wrapper-d0Cc1k undefined\" \/>\u2013 Solvant d\u2019extraction : Les solvants chimiques sont rarement utilis\u00e9s dans le traitement de la poudre de pomme ; seule l\u2019eau peut \u00eatre impliqu\u00e9e dans le pr\u00e9traitement ou des processus sp\u00e9cifiques<\/td>\n<\/tr>\n<tr>\n<td><strong>Apparence<\/strong><\/td>\n<td>Poudre blanche<\/td>\n<\/tr>\n<tr>\n<td><strong>M\u00e9thode de d\u00e9tection<\/strong><\/td>\n<td>Chromatographie sur couche mince (CCM)<\/td>\n<\/tr>\n<tr>\n<td><strong>Stockage<\/strong><\/td>\n<td>Conserver dans un r\u00e9cipient herm\u00e9tique, placer dans un endroit frais, sec et sombre, et tenir \u00e0 l&#039;\u00e9cart des sources de chaleur et des environnements humides.<\/td>\n<\/tr>\n<tr>\n<td><strong>Dur\u00e9e de conservation<\/strong><\/td>\n<td>Deux ans<\/td>\n<\/tr>\n<\/tbody>\n<\/table>","protected":false},"featured_media":9506,"comment_status":"closed","ping_status":"closed","template":"","meta":[],"product_brand":[],"product_cat":[18,20],"product_tag":[],"class_list":{"0":"post-9505","1":"product","2":"type-product","3":"status-publish","4":"has-post-thumbnail","6":"product_cat-fruit-and-vegetable-powder","7":"product_cat-fruit-powder","9":"first","10":"instock","11":"shipping-taxable","12":"product-type-simple"},"_links":{"self":[{"href":"https:\/\/www.hvbio.com\/fr\/wp-json\/wp\/v2\/product\/9505","targetHints":{"allow":["GET"]}}],"collection":[{"href":"https:\/\/www.hvbio.com\/fr\/wp-json\/wp\/v2\/product"}],"about":[{"href":"https:\/\/www.hvbio.com\/fr\/wp-json\/wp\/v2\/types\/product"}],"replies":[{"embeddable":true,"href":"https:\/\/www.hvbio.com\/fr\/wp-json\/wp\/v2\/comments?post=9505"}],"wp:featuredmedia":[{"embeddable":true,"href":"https:\/\/www.hvbio.com\/fr\/wp-json\/wp\/v2\/media\/9506"}],"wp:attachment":[{"href":"https:\/\/www.hvbio.com\/fr\/wp-json\/wp\/v2\/media?parent=9505"}],"wp:term":[{"taxonomy":"product_brand","embeddable":true,"href":"https:\/\/www.hvbio.com\/fr\/wp-json\/wp\/v2\/product_brand?post=9505"},{"taxonomy":"product_cat","embeddable":true,"href":"https:\/\/www.hvbio.com\/fr\/wp-json\/wp\/v2\/product_cat?post=9505"},{"taxonomy":"product_tag","embeddable":true,"href":"https:\/\/www.hvbio.com\/fr\/wp-json\/wp\/v2\/product_tag?post=9505"}],"curies":[{"name":"wp","href":"https:\/\/api.w.org\/{rel}","templated":true}]}}