{"id":9514,"date":"2025-08-19T11:37:12","date_gmt":"2025-08-19T03:37:12","guid":{"rendered":"https:\/\/www.hvbio.com\/?post_type=product&#038;p=9514"},"modified":"2025-08-19T11:37:12","modified_gmt":"2025-08-19T03:37:12","slug":"barley-grass-powder","status":"publish","type":"product","link":"https:\/\/www.hvbio.com\/fr\/produit\/barley-grass-powder\/","title":{"rendered":"Poudre d&#039;herbe d&#039;orge"},"content":{"rendered":"<table style=\"height: 339px;\" width=\"1573\">\n<thead>\n<tr>\n<th><strong>Article<\/strong><\/th>\n<th><strong>Traduction anglaise<\/strong><\/th>\n<\/tr>\n<\/thead>\n<tbody>\n<tr>\n<td><strong>Nom du produit<\/strong><\/td>\n<td>Barley Grass Powder<\/td>\n<\/tr>\n<tr>\n<td><strong>Autres noms<\/strong><\/td>\n<td>Barley Grass Powder, Barley Young Leaf Green Juice Powder, Wheatgrass Powder<\/td>\n<\/tr>\n<tr>\n<td><strong>Solvant d&#039;extraction et pi\u00e8ce usag\u00e9e<\/strong><\/td>\n<td>The raw material of wheat grass powder is usually the young leaf parts of wheat seedlings, such as the leaves of young wheat leaves and young barley seedlings. These parts have high nutrient content and are suitable for extraction and preparation of wheat grass powder. Water can be used as a solvent for wheat seedling extract; in some preparation processes of wheat grass powder, ethanol is used as the extraction solvent.<\/td>\n<\/tr>\n<tr>\n<td><strong>Apparence<\/strong><\/td>\n<td>Green powder<\/td>\n<\/tr>\n<tr>\n<td><strong>M\u00e9thode de d\u00e9tection<\/strong><\/td>\n<td>Chromatographie sur couche mince (CCM)<\/td>\n<\/tr>\n<tr>\n<td><strong>Stockage<\/strong><\/td>\n<td>Conserver dans un r\u00e9cipient herm\u00e9tique, placer dans un endroit frais, sec et sombre, et tenir \u00e0 l&#039;\u00e9cart des sources de chaleur et des environnements humides.<\/td>\n<\/tr>\n<tr>\n<td><strong>Dur\u00e9e de conservation<\/strong><\/td>\n<td>Deux ans<\/td>\n<\/tr>\n<\/tbody>\n<\/table>","protected":false},"excerpt":{"rendered":"<h3 class=\"header-vfC6AV auto-hide-last-sibling-br\">D\u00e9tails du produit<\/h3>\n<ul class=\"auto-hide-last-sibling-br\">\n<li><strong>Nom du produit<\/strong>:Barley Grass Powder<\/li>\n<li><strong>Autres noms<\/strong>: Barley Grass Extract Powder, Barley Young Leaf Green Juice Powder, Wheatgrass Powder<\/li>\n<li><strong>Solvant d&#039;extraction et pi\u00e8ce usag\u00e9e<\/strong>: The raw materials of wheat grass powde\u00a0Barley Grass Powderr are usually the young leaf parts of wheat seedlings, such as young wheat leaves and leaves of young barley seedlings. These parts are rich in nutrients and suitable for extracting and preparing wheat grass powder. Water can be used as the solvent for wheat seedling extraction. In some preparation processes of wheat grass powder, ethanol is used as the extraction solvent.<\/li>\n<li><strong>Apparence<\/strong>: Green powder<\/li>\n<li><strong>Quantit\u00e9 d&#039;ajout recommand\u00e9e<\/strong>: 5% for solid beverages, 5% for drinks, and 3 &#8211; 5% for snack foods<\/li>\n<li><strong>Champ d&#039;application<\/strong>: Solid beverages, dairy products, convenience foods, puffed foods, condiments, food for the middle &#8211; aged and elderly, baked foods, snack foods, cold foods and cold drinks, etc.<\/li>\n<\/ul>\n<h3 class=\"header-vfC6AV auto-hide-last-sibling-br\">Instructions d&#039;achat<\/h3>\n<ul class=\"auto-hide-last-sibling-br\">\n<li><strong>M\u00e9thode d&#039;emballage<\/strong>: 25 kg\/f\u00fbt en carton ou sac en aluminium<\/li>\n<li><strong>Conditions de stockage<\/strong>: Should be sealed, protected from light, and stored in a dry, cool and well &#8211; ventilated place<\/li>\n<li><strong>P\u00e9riode de validit\u00e9<\/strong>:Deux ans<\/li>\n<li><strong>Exemple de disposition<\/strong>: Generally, 5 &#8211; 20 g of samples are provided for products. Sample fees are charged for some products.<\/li>\n<li><strong>Emballage du produit<\/strong>: Packaged in cardboard drums or aluminum foil bags (can be customized according to customer requirements)<\/li>\n<li><strong>D\u00e9lai de livraison<\/strong>: Non &#8211; customized products will be shipped within 48 hours. For customized products, the delivery time will be adjusted according to actual needs.<\/li>\n<li><strong>Mode de transport<\/strong>: Domestic express or logistics. The quotation includes transportation costs.<\/li>\n<\/ul>","protected":false},"featured_media":9515,"comment_status":"closed","ping_status":"closed","template":"","meta":[],"product_brand":[],"product_cat":[18,19],"product_tag":[],"class_list":{"0":"post-9514","1":"product","2":"type-product","3":"status-publish","4":"has-post-thumbnail","6":"product_cat-fruit-and-vegetable-powder","7":"product_cat-vegetable-powders","9":"first","10":"instock","11":"shipping-taxable","12":"product-type-simple"},"_links":{"self":[{"href":"https:\/\/www.hvbio.com\/fr\/wp-json\/wp\/v2\/product\/9514","targetHints":{"allow":["GET"]}}],"collection":[{"href":"https:\/\/www.hvbio.com\/fr\/wp-json\/wp\/v2\/product"}],"about":[{"href":"https:\/\/www.hvbio.com\/fr\/wp-json\/wp\/v2\/types\/product"}],"replies":[{"embeddable":true,"href":"https:\/\/www.hvbio.com\/fr\/wp-json\/wp\/v2\/comments?post=9514"}],"wp:featuredmedia":[{"embeddable":true,"href":"https:\/\/www.hvbio.com\/fr\/wp-json\/wp\/v2\/media\/9515"}],"wp:attachment":[{"href":"https:\/\/www.hvbio.com\/fr\/wp-json\/wp\/v2\/media?parent=9514"}],"wp:term":[{"taxonomy":"product_brand","embeddable":true,"href":"https:\/\/www.hvbio.com\/fr\/wp-json\/wp\/v2\/product_brand?post=9514"},{"taxonomy":"product_cat","embeddable":true,"href":"https:\/\/www.hvbio.com\/fr\/wp-json\/wp\/v2\/product_cat?post=9514"},{"taxonomy":"product_tag","embeddable":true,"href":"https:\/\/www.hvbio.com\/fr\/wp-json\/wp\/v2\/product_tag?post=9514"}],"curies":[{"name":"wp","href":"https:\/\/api.w.org\/{rel}","templated":true}]}}