{"id":9519,"date":"2025-08-19T11:34:54","date_gmt":"2025-08-19T03:34:54","guid":{"rendered":"https:\/\/www.hvbio.com\/?post_type=product&#038;p=9519"},"modified":"2025-08-19T11:42:43","modified_gmt":"2025-08-19T03:42:43","slug":"ellagic-acid-90","status":"publish","type":"product","link":"https:\/\/www.hvbio.com\/fr\/produit\/ellagic-acid-90\/","title":{"rendered":"Acide ellagique 90%"},"content":{"rendered":"<table>\n<tbody>\n<tr>\n<td><strong>Nom du produit<\/strong><\/td>\n<td>Acide ellagique 90%<\/td>\n<\/tr>\n<tr>\n<td><strong>Source<\/strong><\/td>\n<td>Ce produit est fabriqu\u00e9 \u00e0 partir d&#039;\u00e9corces de grenade s\u00e9ch\u00e9es au soleil et r\u00e9colt\u00e9es apr\u00e8s maturation en automne.<\/td>\n<\/tr>\n<tr>\n<td><strong>Caract\u00e9ristiques<\/strong><\/td>\n<td>Acide ellagique 90% issu d&#039;\u00e9corces de grenade. Pour d&#039;autres sp\u00e9cifications, veuillez contacter le service client.<\/td>\n<\/tr>\n<tr>\n<td><strong>Apparence<\/strong><\/td>\n<td>Poudre fine gris terreux<\/td>\n<\/tr>\n<tr>\n<td><strong>M\u00e9thode d&#039;essai<\/strong><\/td>\n<td>HPLC<\/td>\n<\/tr>\n<tr>\n<td><strong>Dur\u00e9e de conservation<\/strong><\/td>\n<td>2 ans<\/td>\n<\/tr>\n<tr>\n<td><strong>Stockage<\/strong><\/td>\n<td>Conserver dans un endroit frais et sec, \u00e0 l&#039;abri de la lumi\u00e8re et des temp\u00e9ratures \u00e9lev\u00e9es.<\/td>\n<\/tr>\n<tr>\n<td><strong>Conditionnement<\/strong><\/td>\n<td>Sacs en aluminium de 1 \u00e0 5 kg ; f\u00fbts en carton de 25 kg ou plus<\/td>\n<\/tr>\n<\/tbody>\n<\/table>","protected":false},"excerpt":{"rendered":"<table>\n<tbody>\n<tr>\n<td><strong>Nom du produit<\/strong><\/td>\n<td>Acide ellagique 90%<\/td>\n<\/tr>\n<tr>\n<td><strong>Source<\/strong><\/td>\n<td>Ce produit est fabriqu\u00e9 \u00e0 partir d&#039;\u00e9corces de grenade s\u00e9ch\u00e9es au soleil et r\u00e9colt\u00e9es apr\u00e8s maturation en automne.<\/td>\n<\/tr>\n<tr>\n<td><strong>Caract\u00e9ristiques<\/strong><\/td>\n<td>Acide ellagique 90% issu d&#039;\u00e9corces de grenade. Pour d&#039;autres sp\u00e9cifications, veuillez contacter le service client.<\/td>\n<\/tr>\n<tr>\n<td><strong>Apparence<\/strong><\/td>\n<td>Poudre fine gris terreux<\/td>\n<\/tr>\n<tr>\n<td><strong>M\u00e9thode d&#039;essai<\/strong><\/td>\n<td>HPLC<\/td>\n<\/tr>\n<tr>\n<td><strong>Dur\u00e9e de conservation<\/strong><\/td>\n<td>2 ans<\/td>\n<\/tr>\n<tr>\n<td><strong>Stockage<\/strong><\/td>\n<td>Conserver dans un endroit frais et sec, \u00e0 l&#039;abri de la lumi\u00e8re et des temp\u00e9ratures \u00e9lev\u00e9es.<\/td>\n<\/tr>\n<tr>\n<td><strong>Conditionnement<\/strong><\/td>\n<td>Sacs en aluminium de 1 \u00e0 5 kg ; f\u00fbts en carton de 25 kg ou plus<\/td>\n<\/tr>\n<\/tbody>\n<\/table>","protected":false},"featured_media":9523,"comment_status":"closed","ping_status":"closed","template":"","meta":[],"product_brand":[],"product_cat":[23],"product_tag":[],"class_list":{"0":"post-9519","1":"product","2":"type-product","3":"status-publish","4":"has-post-thumbnail","6":"product_cat-standard-extract","8":"first","9":"instock","10":"shipping-taxable","11":"product-type-simple"},"_links":{"self":[{"href":"https:\/\/www.hvbio.com\/fr\/wp-json\/wp\/v2\/product\/9519","targetHints":{"allow":["GET"]}}],"collection":[{"href":"https:\/\/www.hvbio.com\/fr\/wp-json\/wp\/v2\/product"}],"about":[{"href":"https:\/\/www.hvbio.com\/fr\/wp-json\/wp\/v2\/types\/product"}],"replies":[{"embeddable":true,"href":"https:\/\/www.hvbio.com\/fr\/wp-json\/wp\/v2\/comments?post=9519"}],"wp:featuredmedia":[{"embeddable":true,"href":"https:\/\/www.hvbio.com\/fr\/wp-json\/wp\/v2\/media\/9523"}],"wp:attachment":[{"href":"https:\/\/www.hvbio.com\/fr\/wp-json\/wp\/v2\/media?parent=9519"}],"wp:term":[{"taxonomy":"product_brand","embeddable":true,"href":"https:\/\/www.hvbio.com\/fr\/wp-json\/wp\/v2\/product_brand?post=9519"},{"taxonomy":"product_cat","embeddable":true,"href":"https:\/\/www.hvbio.com\/fr\/wp-json\/wp\/v2\/product_cat?post=9519"},{"taxonomy":"product_tag","embeddable":true,"href":"https:\/\/www.hvbio.com\/fr\/wp-json\/wp\/v2\/product_tag?post=9519"}],"curies":[{"name":"wp","href":"https:\/\/api.w.org\/{rel}","templated":true}]}}