{"id":9544,"date":"2025-08-19T14:09:08","date_gmt":"2025-08-19T06:09:08","guid":{"rendered":"https:\/\/www.hvbio.com\/?post_type=product&#038;p=9544"},"modified":"2025-08-19T14:09:08","modified_gmt":"2025-08-19T06:09:08","slug":"ginger-extract","status":"publish","type":"product","link":"https:\/\/www.hvbio.com\/fr\/produit\/ginger-extract\/","title":{"rendered":"Extrait de gingembre"},"content":{"rendered":"<table>\n<tbody>\n<tr>\n<td><strong>Nom du produit<\/strong><\/td>\n<td>Extrait de gingembre<\/td>\n<\/tr>\n<tr>\n<td><strong>Autres noms<\/strong><\/td>\n<td>Ginger PE<\/td>\n<\/tr>\n<tr>\n<td><strong>Source<\/strong><\/td>\n<td>Issu d&#039;une plante herbac\u00e9e vivace de la famille des Zingib\u00e9rac\u00e9es. Cultiv\u00e9 dans la majeure partie de la Chine.<\/td>\n<\/tr>\n<tr>\n<td><strong>Composants chimiques<\/strong><\/td>\n<td>Ging\u00e9rol<\/td>\n<\/tr>\n<tr>\n<td><strong>Source principale<\/strong><\/td>\n<td>Principalement produit dans le Sichuan et le Guizhou (provinces de Chine).<\/td>\n<\/tr>\n<tr>\n<td><strong>Caract\u00e9ristiques<\/strong><\/td>\n<td>Ce produit a un ratio de 1:1.<\/td>\n<\/tr>\n<tr>\n<td><strong>Apparence<\/strong><\/td>\n<td>Poudre fine brun-jaune<\/td>\n<\/tr>\n<tr>\n<td><strong>M\u00e9thode d&#039;essai<\/strong><\/td>\n<td>CCM (chromatographie sur couche mince)<\/td>\n<\/tr>\n<tr>\n<td><strong>Taille des mailles<\/strong><\/td>\n<td>Passe \u00e0 travers un tamis de 80 mesh<\/td>\n<\/tr>\n<tr>\n<td><strong>Stockage<\/strong><\/td>\n<td>Conserver dans un endroit frais et sec, \u00e0 l&#039;abri de la lumi\u00e8re et des temp\u00e9ratures \u00e9lev\u00e9es.<br class=\"container-utlnW2 wrapper-d0Cc1k undefined\" \/>Dur\u00e9e de conservation : 2 ans.<\/td>\n<\/tr>\n<tr>\n<td><strong>Conditionnement<\/strong><\/td>\n<td>1 kg \u00e0 5 kg : sacs en aluminium<br class=\"container-utlnW2 wrapper-d0Cc1k undefined\" \/>25 kg ou plus : F\u00fbts en carton<\/td>\n<\/tr>\n<\/tbody>\n<\/table>","protected":false},"excerpt":{"rendered":"<table>\n<tbody>\n<tr>\n<td><strong>Nom du produit<\/strong><\/td>\n<td>Extrait de gingembre<\/td>\n<\/tr>\n<tr>\n<td><strong>Autres noms<\/strong><\/td>\n<td>Ginger PE<\/td>\n<\/tr>\n<tr>\n<td><strong>Source<\/strong><\/td>\n<td>Issu d&#039;une plante herbac\u00e9e vivace de la famille des Zingib\u00e9rac\u00e9es. Cultiv\u00e9 dans la majeure partie de la Chine.<\/td>\n<\/tr>\n<tr>\n<td><strong>Composants chimiques<\/strong><\/td>\n<td>Ging\u00e9rol<\/td>\n<\/tr>\n<tr>\n<td><strong>Source principale<\/strong><\/td>\n<td>Principalement produit dans le Sichuan et le Guizhou (provinces de Chine).<\/td>\n<\/tr>\n<tr>\n<td><strong>Caract\u00e9ristiques<\/strong><\/td>\n<td>Ce produit a un ratio de 1:1.<\/td>\n<\/tr>\n<tr>\n<td><strong>Apparence<\/strong><\/td>\n<td>Poudre fine brun-jaune<\/td>\n<\/tr>\n<tr>\n<td><strong>M\u00e9thode d&#039;essai<\/strong><\/td>\n<td>CCM (chromatographie sur couche mince)<\/td>\n<\/tr>\n<tr>\n<td><strong>Taille des mailles<\/strong><\/td>\n<td>Passe \u00e0 travers un tamis de 80 mesh<\/td>\n<\/tr>\n<tr>\n<td><strong>Stockage<\/strong><\/td>\n<td>Conserver dans un endroit frais et sec, \u00e0 l&#039;abri de la lumi\u00e8re et des temp\u00e9ratures \u00e9lev\u00e9es.<br class=\"container-utlnW2 wrapper-d0Cc1k undefined\" \/>Dur\u00e9e de conservation : 2 ans.<\/td>\n<\/tr>\n<tr>\n<td><strong>Conditionnement<\/strong><\/td>\n<td>1 kg \u00e0 5 kg : sacs en aluminium<br class=\"container-utlnW2 wrapper-d0Cc1k undefined\" \/>25 kg ou plus : F\u00fbts en carton<\/td>\n<\/tr>\n<\/tbody>\n<\/table>","protected":false},"featured_media":9548,"comment_status":"closed","ping_status":"closed","template":"","meta":[],"product_brand":[],"product_cat":[24],"product_tag":[],"class_list":{"0":"post-9544","1":"product","2":"type-product","3":"status-publish","4":"has-post-thumbnail","6":"product_cat-ratio-extract","8":"first","9":"instock","10":"shipping-taxable","11":"product-type-simple"},"_links":{"self":[{"href":"https:\/\/www.hvbio.com\/fr\/wp-json\/wp\/v2\/product\/9544","targetHints":{"allow":["GET"]}}],"collection":[{"href":"https:\/\/www.hvbio.com\/fr\/wp-json\/wp\/v2\/product"}],"about":[{"href":"https:\/\/www.hvbio.com\/fr\/wp-json\/wp\/v2\/types\/product"}],"replies":[{"embeddable":true,"href":"https:\/\/www.hvbio.com\/fr\/wp-json\/wp\/v2\/comments?post=9544"}],"wp:featuredmedia":[{"embeddable":true,"href":"https:\/\/www.hvbio.com\/fr\/wp-json\/wp\/v2\/media\/9548"}],"wp:attachment":[{"href":"https:\/\/www.hvbio.com\/fr\/wp-json\/wp\/v2\/media?parent=9544"}],"wp:term":[{"taxonomy":"product_brand","embeddable":true,"href":"https:\/\/www.hvbio.com\/fr\/wp-json\/wp\/v2\/product_brand?post=9544"},{"taxonomy":"product_cat","embeddable":true,"href":"https:\/\/www.hvbio.com\/fr\/wp-json\/wp\/v2\/product_cat?post=9544"},{"taxonomy":"product_tag","embeddable":true,"href":"https:\/\/www.hvbio.com\/fr\/wp-json\/wp\/v2\/product_tag?post=9544"}],"curies":[{"name":"wp","href":"https:\/\/api.w.org\/{rel}","templated":true}]}}