{"id":9550,"date":"2025-08-19T14:13:15","date_gmt":"2025-08-19T06:13:15","guid":{"rendered":"https:\/\/www.hvbio.com\/?post_type=product&#038;p=9550"},"modified":"2025-08-19T14:13:15","modified_gmt":"2025-08-19T06:13:15","slug":"grape-seed-proanthocyanidins-95","status":"publish","type":"product","link":"https:\/\/www.hvbio.com\/fr\/produit\/grape-seed-proanthocyanidins-95\/","title":{"rendered":"Proanthocyanidines de p\u00e9pins de raisin 95%"},"content":{"rendered":"<table>\n<tbody>\n<tr>\n<td><strong>Nom du produit<\/strong><\/td>\n<td>Proanthocyanidines de p\u00e9pins de raisin 95%<\/td>\n<\/tr>\n<tr>\n<td><strong>Caract\u00e8re du produit<\/strong><\/td>\n<td>Poudre brun rouge\u00e2tre<\/td>\n<\/tr>\n<tr>\n<td><strong>M\u00e9thode d&#039;essai<\/strong><\/td>\n<td>UV<\/td>\n<\/tr>\n<tr>\n<td><strong>Ingr\u00e9dient actif<\/strong><\/td>\n<td>Proanthocyanidines<\/td>\n<\/tr>\n<tr>\n<td><strong>Taille des mailles du produit<\/strong><\/td>\n<td>80-100 mailles<\/td>\n<\/tr>\n<tr>\n<td><strong>Applications<\/strong><\/td>\n<td>Boissons solides, vins sant\u00e9, bonbons en tablettes, cosm\u00e9tiques<\/td>\n<\/tr>\n<tr>\n<td><strong>Sp\u00e9cification<\/strong><\/td>\n<td>95%. Pour d&#039;autres sp\u00e9cifications, veuillez contacter le service client.<\/td>\n<\/tr>\n<tr>\n<td><strong>M\u00e9thode d&#039;emballage<\/strong><\/td>\n<td>25 kg\/f\u00fbt en carton ou sac en aluminium<\/td>\n<\/tr>\n<tr>\n<td><strong>Conditions de stockage<\/strong><\/td>\n<td>Doit \u00eatre scell\u00e9 et prot\u00e9g\u00e9 de la lumi\u00e8re ; conserv\u00e9 dans un endroit sec, frais et bien ventil\u00e9<\/td>\n<\/tr>\n<tr>\n<td><strong>Dur\u00e9e de conservation<\/strong><\/td>\n<td>24 mois<\/td>\n<\/tr>\n<tr>\n<td><strong>Express\/Logistique<\/strong><\/td>\n<td>Express ou logistique. Les envois express nationaux arrivent g\u00e9n\u00e9ralement sous 3 jours, et les envois logistiques sous 5 jours. Les devis incluent g\u00e9n\u00e9ralement les frais de transport nationaux.<\/td>\n<\/tr>\n<\/tbody>\n<\/table>","protected":false},"excerpt":{"rendered":"<table>\n<tbody>\n<tr>\n<td><strong>Nom du produit<\/strong><\/td>\n<td>Proanthocyanidines de p\u00e9pins de raisin 95%<\/td>\n<\/tr>\n<tr>\n<td><strong>Caract\u00e8re du produit<\/strong><\/td>\n<td>Poudre brun rouge\u00e2tre<\/td>\n<\/tr>\n<tr>\n<td><strong>M\u00e9thode d&#039;essai<\/strong><\/td>\n<td>UV<\/td>\n<\/tr>\n<tr>\n<td><strong>Ingr\u00e9dient actif<\/strong><\/td>\n<td>Proanthocyanidines<\/td>\n<\/tr>\n<tr>\n<td><strong>Taille des mailles du produit<\/strong><\/td>\n<td>80-100 mailles<\/td>\n<\/tr>\n<tr>\n<td><strong>Applications<\/strong><\/td>\n<td>Boissons solides, vins sant\u00e9, bonbons en tablettes, cosm\u00e9tiques<\/td>\n<\/tr>\n<tr>\n<td><strong>Sp\u00e9cification<\/strong><\/td>\n<td>95%. Pour d&#039;autres sp\u00e9cifications, veuillez contacter le service client.<\/td>\n<\/tr>\n<tr>\n<td><strong>M\u00e9thode d&#039;emballage<\/strong><\/td>\n<td>25 kg\/f\u00fbt en carton ou sac en aluminium<\/td>\n<\/tr>\n<tr>\n<td><strong>Conditions de stockage<\/strong><\/td>\n<td>Doit \u00eatre scell\u00e9 et prot\u00e9g\u00e9 de la lumi\u00e8re ; conserv\u00e9 dans un endroit sec, frais et bien ventil\u00e9<\/td>\n<\/tr>\n<tr>\n<td><strong>Dur\u00e9e de conservation<\/strong><\/td>\n<td>24 mois<\/td>\n<\/tr>\n<tr>\n<td><strong>Express\/Logistique<\/strong><\/td>\n<td>Express ou logistique. Les envois express nationaux arrivent g\u00e9n\u00e9ralement sous 3 jours, et les envois logistiques sous 5 jours. Les devis incluent g\u00e9n\u00e9ralement les frais de transport nationaux.<\/td>\n<\/tr>\n<\/tbody>\n<\/table>","protected":false},"featured_media":9554,"comment_status":"closed","ping_status":"closed","template":"","meta":[],"product_brand":[],"product_cat":[23,17],"product_tag":[],"class_list":{"0":"post-9550","1":"product","2":"type-product","3":"status-publish","4":"has-post-thumbnail","6":"product_cat-standard-extract","7":"product_cat-plant-extract","9":"first","10":"instock","11":"shipping-taxable","12":"product-type-simple"},"_links":{"self":[{"href":"https:\/\/www.hvbio.com\/fr\/wp-json\/wp\/v2\/product\/9550","targetHints":{"allow":["GET"]}}],"collection":[{"href":"https:\/\/www.hvbio.com\/fr\/wp-json\/wp\/v2\/product"}],"about":[{"href":"https:\/\/www.hvbio.com\/fr\/wp-json\/wp\/v2\/types\/product"}],"replies":[{"embeddable":true,"href":"https:\/\/www.hvbio.com\/fr\/wp-json\/wp\/v2\/comments?post=9550"}],"wp:featuredmedia":[{"embeddable":true,"href":"https:\/\/www.hvbio.com\/fr\/wp-json\/wp\/v2\/media\/9554"}],"wp:attachment":[{"href":"https:\/\/www.hvbio.com\/fr\/wp-json\/wp\/v2\/media?parent=9550"}],"wp:term":[{"taxonomy":"product_brand","embeddable":true,"href":"https:\/\/www.hvbio.com\/fr\/wp-json\/wp\/v2\/product_brand?post=9550"},{"taxonomy":"product_cat","embeddable":true,"href":"https:\/\/www.hvbio.com\/fr\/wp-json\/wp\/v2\/product_cat?post=9550"},{"taxonomy":"product_tag","embeddable":true,"href":"https:\/\/www.hvbio.com\/fr\/wp-json\/wp\/v2\/product_tag?post=9550"}],"curies":[{"name":"wp","href":"https:\/\/api.w.org\/{rel}","templated":true}]}}