{"id":9556,"date":"2025-08-19T14:17:47","date_gmt":"2025-08-19T06:17:47","guid":{"rendered":"https:\/\/www.hvbio.com\/?post_type=product&#038;p=9556"},"modified":"2025-08-19T14:17:48","modified_gmt":"2025-08-19T06:17:48","slug":"kiwi-powder","status":"publish","type":"product","link":"https:\/\/www.hvbio.com\/fr\/produit\/kiwi-powder\/","title":{"rendered":"Poudre de kiwi"},"content":{"rendered":"<table>\n<tbody>\n<tr>\n<td><strong>Nom du produit<\/strong><\/td>\n<td>Poudre de kiwi<\/td>\n<\/tr>\n<tr>\n<td><strong>Noms alternatifs<\/strong><\/td>\n<td>Roi des fruits, Roi des fruits, Roi de la vitamine C, Yangtao, Maoli, Kiwi<\/td>\n<\/tr>\n<tr>\n<td><strong>Introduction<\/strong><\/td>\n<td>Kiwi (nom scientifique :\u00a0<em>Actinidia chinensis<\/em>\u00a0Planch), \u00e9galement connu sous les noms de Huli Tao (p\u00eache renard), Tengli (poire vigne), Yangtao, Muzi, Maomuguo, kiwi, Matengguo, etc. Son fruit est g\u00e9n\u00e9ralement ovale, d&#039;apparence brun verd\u00e2tre et recouvert d&#039;une \u00e9paisse couche de duvet (non comestible). \u00c0 l&#039;int\u00e9rieur, il contient une chair vert vif et une rang\u00e9e de graines noires. On l&#039;appelle \u00ab kiwi \u00bb soit parce que les kiwis aiment le manger, soit parce que sa peau duveteuse ressemble \u00e0 celle d&#039;un kiwi. C&#039;est un fruit frais, riche en nutriments et au go\u00fbt d\u00e9licieux.<\/td>\n<\/tr>\n<tr>\n<td><strong>Origine des mati\u00e8res premi\u00e8res<\/strong><\/td>\n<td>Le kiwi est originaire de Wuduhe, district de Yiling, ville de Yichang, province du Hubei. Il est \u00e9galement cultiv\u00e9 dans d&#039;autres provinces chinoises.<\/td>\n<\/tr>\n<tr>\n<td><strong>Caract\u00e8re du produit<\/strong><\/td>\n<td>Poudre brune, test\u00e9e par CCM (Chromatographie sur couche mince).<\/td>\n<\/tr>\n<tr>\n<td><strong>Sp\u00e9cifications du produit<\/strong><\/td>\n<td>Ce produit est un extrait de kiwi avec un ratio de 1:1 (veuillez contacter le service client pour d&#039;autres sp\u00e9cifications si n\u00e9cessaire).<\/td>\n<\/tr>\n<tr>\n<td><strong>Taille des mailles du produit<\/strong><\/td>\n<td>Le 98% passe \u00e0 travers un tamis de 80 mesh.<\/td>\n<\/tr>\n<tr>\n<td><strong>M\u00e9thode d&#039;emballage<\/strong><\/td>\n<td>25 kg\/f\u00fbt en carton ou sac en aluminium.<\/td>\n<\/tr>\n<tr>\n<td><strong>Conditions de stockage<\/strong><\/td>\n<td>Doit \u00eatre ferm\u00e9 herm\u00e9tiquement et prot\u00e9g\u00e9 de la lumi\u00e8re, conserv\u00e9 dans un endroit sec, frais et bien ventil\u00e9.<\/td>\n<\/tr>\n<tr>\n<td><strong>Dur\u00e9e de conservation<\/strong><\/td>\n<td>24 mois.<\/td>\n<\/tr>\n<tr>\n<td><strong>Express et logistique<\/strong><\/td>\n<td>Livraison express ou logistique. La livraison express nationale est g\u00e9n\u00e9ralement effectu\u00e9e sous 3 jours, et la livraison logistique sous 5 jours. Les devis incluent g\u00e9n\u00e9ralement les frais de transport national.<\/td>\n<\/tr>\n<tr>\n<td><strong>Exemple de disposition<\/strong><\/td>\n<td>En g\u00e9n\u00e9ral, des \u00e9chantillons de 5 \u00e0 20 g sont fournis pour le produit ; des frais d&#039;\u00e9chantillon sont factur\u00e9s pour certains produits.<\/td>\n<\/tr>\n<tr>\n<td><strong>Emballage du produit<\/strong><\/td>\n<td>Conditionn\u00e9 en f\u00fbts de carton ou en sachets aluminium (emballage personnalisable disponible sur demande du client).<\/td>\n<\/tr>\n<\/tbody>\n<\/table>","protected":false},"excerpt":{"rendered":"<table>\n<tbody>\n<tr>\n<td><strong>Nom du produit<\/strong><\/td>\n<td>Poudre de kiwi<\/td>\n<\/tr>\n<tr>\n<td><strong>Noms alternatifs<\/strong><\/td>\n<td>Roi des fruits, Roi des fruits, Roi de la vitamine C, Yangtao, Maoli, Kiwi<\/td>\n<\/tr>\n<tr>\n<td><strong>Introduction<\/strong><\/td>\n<td>Kiwi (nom scientifique :\u00a0<em>Actinidia chinensis<\/em>\u00a0Planch), \u00e9galement connu sous les noms de Huli Tao (p\u00eache renard), Tengli (poire vigne), Yangtao, Muzi, Maomuguo, kiwi, Matengguo, etc. Son fruit est g\u00e9n\u00e9ralement ovale, d&#039;apparence brun verd\u00e2tre et recouvert d&#039;une \u00e9paisse couche de duvet (non comestible). \u00c0 l&#039;int\u00e9rieur, il contient une chair vert vif et une rang\u00e9e de graines noires. On l&#039;appelle \u00ab kiwi \u00bb soit parce que les kiwis aiment le manger, soit parce que sa peau duveteuse ressemble \u00e0 celle d&#039;un kiwi. C&#039;est un fruit frais, riche en nutriments et au go\u00fbt d\u00e9licieux.<\/td>\n<\/tr>\n<tr>\n<td><strong>Origine des mati\u00e8res premi\u00e8res<\/strong><\/td>\n<td>Le kiwi est originaire de Wuduhe, district de Yiling, ville de Yichang, province du Hubei. Il est \u00e9galement cultiv\u00e9 dans d&#039;autres provinces chinoises.<\/td>\n<\/tr>\n<tr>\n<td><strong>Caract\u00e8re du produit<\/strong><\/td>\n<td>Poudre brune, test\u00e9e par CCM (Chromatographie sur couche mince).<\/td>\n<\/tr>\n<tr>\n<td><strong>Sp\u00e9cifications du produit<\/strong><\/td>\n<td>Ce produit est un extrait de kiwi avec un ratio de 1:1 (veuillez contacter le service client pour d&#039;autres sp\u00e9cifications si n\u00e9cessaire).<\/td>\n<\/tr>\n<tr>\n<td><strong>Taille des mailles du produit<\/strong><\/td>\n<td>Le 98% passe \u00e0 travers un tamis de 80 mesh.<\/td>\n<\/tr>\n<tr>\n<td><strong>M\u00e9thode d&#039;emballage<\/strong><\/td>\n<td>25 kg\/f\u00fbt en carton ou sac en aluminium.<\/td>\n<\/tr>\n<tr>\n<td><strong>Conditions de stockage<\/strong><\/td>\n<td>Doit \u00eatre ferm\u00e9 herm\u00e9tiquement et prot\u00e9g\u00e9 de la lumi\u00e8re, conserv\u00e9 dans un endroit sec, frais et bien ventil\u00e9.<\/td>\n<\/tr>\n<tr>\n<td><strong>Dur\u00e9e de conservation<\/strong><\/td>\n<td>24 mois.<\/td>\n<\/tr>\n<tr>\n<td><strong>Express et logistique<\/strong><\/td>\n<td>Livraison express ou logistique. La livraison express nationale est g\u00e9n\u00e9ralement effectu\u00e9e sous 3 jours, et la livraison logistique sous 5 jours. Les devis incluent g\u00e9n\u00e9ralement les frais de transport national.<\/td>\n<\/tr>\n<tr>\n<td><strong>Exemple de disposition<\/strong><\/td>\n<td>En g\u00e9n\u00e9ral, des \u00e9chantillons de 5 \u00e0 20 g sont fournis pour le produit ; des frais d&#039;\u00e9chantillon sont factur\u00e9s pour certains produits.<\/td>\n<\/tr>\n<tr>\n<td><strong>Emballage du produit<\/strong><\/td>\n<td>Conditionn\u00e9 en f\u00fbts de carton ou en sachets aluminium (emballage personnalisable disponible sur demande du client).<\/td>\n<\/tr>\n<\/tbody>\n<\/table>","protected":false},"featured_media":9560,"comment_status":"closed","ping_status":"closed","template":"","meta":[],"product_brand":[],"product_cat":[20],"product_tag":[],"class_list":{"0":"post-9556","1":"product","2":"type-product","3":"status-publish","4":"has-post-thumbnail","6":"product_cat-fruit-powder","8":"first","9":"instock","10":"shipping-taxable","11":"product-type-simple"},"_links":{"self":[{"href":"https:\/\/www.hvbio.com\/fr\/wp-json\/wp\/v2\/product\/9556","targetHints":{"allow":["GET"]}}],"collection":[{"href":"https:\/\/www.hvbio.com\/fr\/wp-json\/wp\/v2\/product"}],"about":[{"href":"https:\/\/www.hvbio.com\/fr\/wp-json\/wp\/v2\/types\/product"}],"replies":[{"embeddable":true,"href":"https:\/\/www.hvbio.com\/fr\/wp-json\/wp\/v2\/comments?post=9556"}],"wp:featuredmedia":[{"embeddable":true,"href":"https:\/\/www.hvbio.com\/fr\/wp-json\/wp\/v2\/media\/9560"}],"wp:attachment":[{"href":"https:\/\/www.hvbio.com\/fr\/wp-json\/wp\/v2\/media?parent=9556"}],"wp:term":[{"taxonomy":"product_brand","embeddable":true,"href":"https:\/\/www.hvbio.com\/fr\/wp-json\/wp\/v2\/product_brand?post=9556"},{"taxonomy":"product_cat","embeddable":true,"href":"https:\/\/www.hvbio.com\/fr\/wp-json\/wp\/v2\/product_cat?post=9556"},{"taxonomy":"product_tag","embeddable":true,"href":"https:\/\/www.hvbio.com\/fr\/wp-json\/wp\/v2\/product_tag?post=9556"}],"curies":[{"name":"wp","href":"https:\/\/api.w.org\/{rel}","templated":true}]}}