{"id":9567,"date":"2025-08-19T14:20:39","date_gmt":"2025-08-19T06:20:39","guid":{"rendered":"https:\/\/www.hvbio.com\/?post_type=product&#038;p=9567"},"modified":"2025-08-19T14:27:33","modified_gmt":"2025-08-19T06:27:33","slug":"strawberry-powder-2","status":"publish","type":"product","link":"https:\/\/www.hvbio.com\/fr\/produit\/strawberry-powder-2\/","title":{"rendered":"Poudre de fraise"},"content":{"rendered":"<table>\n<tbody>\n<tr>\n<td><strong>Nom du produit<\/strong><\/td>\n<td>Poudre de fraise<\/td>\n<\/tr>\n<tr>\n<td><strong>Description du produit<\/strong><\/td>\n<td>La poudre de fraise produite par notre entreprise est \u00e9labor\u00e9e \u00e0 partir de fraises et trait\u00e9e gr\u00e2ce \u00e0 une technologie de s\u00e9chage par atomisation relativement avanc\u00e9e. Elle pr\u00e9serve au maximum la saveur originale des fraises et contient diverses vitamines. Sa texture est fluide, son go\u00fbt d\u00e9licat, sa dissolution et sa conservation sont faciles.<\/td>\n<\/tr>\n<tr>\n<td><strong>Pi\u00e8ce d&#039;occasion<\/strong><\/td>\n<td>Fruit<\/td>\n<\/tr>\n<tr>\n<td><strong>Caract\u00e9ristiques<\/strong><\/td>\n<td>Poudre rose, test\u00e9e par CCM (chromatographie sur couche mince)<\/td>\n<\/tr>\n<tr>\n<td><strong>Taille des mailles du produit<\/strong><\/td>\n<td>98% passe \u00e0 travers un tamis de 80 mesh<\/td>\n<\/tr>\n<tr>\n<td><strong>M\u00e9thode d&#039;emballage<\/strong><\/td>\n<td>25 kg par f\u00fbt en papier ou sac en aluminium<\/td>\n<\/tr>\n<tr>\n<td><strong>Conditions de stockage<\/strong><\/td>\n<td>Doit \u00eatre scell\u00e9 et prot\u00e9g\u00e9 de la lumi\u00e8re, conserv\u00e9 dans un endroit sec, frais et bien ventil\u00e9<\/td>\n<\/tr>\n<tr>\n<td><strong>Dur\u00e9e de conservation<\/strong><\/td>\n<td>24 mois<\/td>\n<\/tr>\n<tr>\n<td><strong>Express et logistique<\/strong><\/td>\n<td>Livraison par express ou logistique. Le d\u00e9lai de livraison est g\u00e9n\u00e9ralement de 3 jours pour les livraisons express nationales et de 5 jours pour les livraisons logistiques. Les devis incluent g\u00e9n\u00e9ralement les frais de transport nationaux.<\/td>\n<\/tr>\n<tr>\n<td><strong>Exemple de disposition<\/strong><\/td>\n<td>En g\u00e9n\u00e9ral, des petits \u00e9chantillons de 5 \u00e0 20 g sont fournis pour les produits ; des frais d&#039;\u00e9chantillonnage sont factur\u00e9s pour certains produits.<\/td>\n<\/tr>\n<tr>\n<td><strong>Emballage du produit<\/strong><\/td>\n<td>Emball\u00e9 dans des f\u00fbts en papier ou des sacs en aluminium (emballage personnalisable disponible selon les exigences du client)<\/td>\n<\/tr>\n<\/tbody>\n<\/table>","protected":false},"excerpt":{"rendered":"<table>\n<tbody>\n<tr>\n<td><strong>Nom du produit<\/strong><\/td>\n<td>Poudre de fraise<\/td>\n<\/tr>\n<tr>\n<td><strong>Description du produit<\/strong><\/td>\n<td>La poudre de fraise produite par notre entreprise est \u00e9labor\u00e9e \u00e0 partir de fraises et trait\u00e9e gr\u00e2ce \u00e0 une technologie de s\u00e9chage par atomisation relativement avanc\u00e9e. Elle pr\u00e9serve au maximum la saveur originale des fraises et contient diverses vitamines. Sa texture est fluide, son go\u00fbt d\u00e9licat, sa dissolution et sa conservation sont faciles.<\/td>\n<\/tr>\n<tr>\n<td><strong>Pi\u00e8ce d&#039;occasion<\/strong><\/td>\n<td>Fruit<\/td>\n<\/tr>\n<tr>\n<td><strong>Caract\u00e9ristiques<\/strong><\/td>\n<td>Poudre rose, test\u00e9e par CCM (chromatographie sur couche mince)<\/td>\n<\/tr>\n<tr>\n<td><strong>Taille des mailles du produit<\/strong><\/td>\n<td>98% passe \u00e0 travers un tamis de 80 mesh<\/td>\n<\/tr>\n<tr>\n<td><strong>M\u00e9thode d&#039;emballage<\/strong><\/td>\n<td>25 kg par f\u00fbt en papier ou sac en aluminium<\/td>\n<\/tr>\n<tr>\n<td><strong>Conditions de stockage<\/strong><\/td>\n<td>Doit \u00eatre scell\u00e9 et prot\u00e9g\u00e9 de la lumi\u00e8re, conserv\u00e9 dans un endroit sec, frais et bien ventil\u00e9<\/td>\n<\/tr>\n<tr>\n<td><strong>Dur\u00e9e de conservation<\/strong><\/td>\n<td>24 mois<\/td>\n<\/tr>\n<tr>\n<td><strong>Express et logistique<\/strong><\/td>\n<td>Livraison par express ou logistique. Le d\u00e9lai de livraison est g\u00e9n\u00e9ralement de 3 jours pour les livraisons express nationales et de 5 jours pour les livraisons logistiques. Les devis incluent g\u00e9n\u00e9ralement les frais de transport nationaux.<\/td>\n<\/tr>\n<tr>\n<td><strong>Exemple de disposition<\/strong><\/td>\n<td>En g\u00e9n\u00e9ral, des petits \u00e9chantillons de 5 \u00e0 20 g sont fournis pour les produits ; des frais d&#039;\u00e9chantillonnage sont factur\u00e9s pour certains produits.<\/td>\n<\/tr>\n<tr>\n<td><strong>Emballage du produit<\/strong><\/td>\n<td>Emball\u00e9 dans des f\u00fbts en papier ou des sacs en aluminium (emballage personnalisable disponible selon les exigences du client)<\/td>\n<\/tr>\n<\/tbody>\n<\/table>","protected":false},"featured_media":9571,"comment_status":"closed","ping_status":"closed","template":"","meta":[],"product_brand":[],"product_cat":[20],"product_tag":[],"class_list":{"0":"post-9567","1":"product","2":"type-product","3":"status-publish","4":"has-post-thumbnail","6":"product_cat-fruit-powder","8":"first","9":"instock","10":"shipping-taxable","11":"product-type-simple"},"_links":{"self":[{"href":"https:\/\/www.hvbio.com\/fr\/wp-json\/wp\/v2\/product\/9567","targetHints":{"allow":["GET"]}}],"collection":[{"href":"https:\/\/www.hvbio.com\/fr\/wp-json\/wp\/v2\/product"}],"about":[{"href":"https:\/\/www.hvbio.com\/fr\/wp-json\/wp\/v2\/types\/product"}],"replies":[{"embeddable":true,"href":"https:\/\/www.hvbio.com\/fr\/wp-json\/wp\/v2\/comments?post=9567"}],"wp:featuredmedia":[{"embeddable":true,"href":"https:\/\/www.hvbio.com\/fr\/wp-json\/wp\/v2\/media\/9571"}],"wp:attachment":[{"href":"https:\/\/www.hvbio.com\/fr\/wp-json\/wp\/v2\/media?parent=9567"}],"wp:term":[{"taxonomy":"product_brand","embeddable":true,"href":"https:\/\/www.hvbio.com\/fr\/wp-json\/wp\/v2\/product_brand?post=9567"},{"taxonomy":"product_cat","embeddable":true,"href":"https:\/\/www.hvbio.com\/fr\/wp-json\/wp\/v2\/product_cat?post=9567"},{"taxonomy":"product_tag","embeddable":true,"href":"https:\/\/www.hvbio.com\/fr\/wp-json\/wp\/v2\/product_tag?post=9567"}],"curies":[{"name":"wp","href":"https:\/\/api.w.org\/{rel}","templated":true}]}}