{"id":9574,"date":"2025-08-19T14:26:38","date_gmt":"2025-08-19T06:26:38","guid":{"rendered":"https:\/\/www.hvbio.com\/?post_type=product&#038;p=9574"},"modified":"2025-08-19T14:26:39","modified_gmt":"2025-08-19T06:26:39","slug":"tart-cherry-powder","status":"publish","type":"product","link":"https:\/\/www.hvbio.com\/fr\/produit\/tart-cherry-powder\/","title":{"rendered":"Poudre de cerise acidul\u00e9e"},"content":{"rendered":"<table>\n<tbody>\n<tr>\n<td><strong>Nom du produit<\/strong><\/td>\n<td>Poudre de cerise acidul\u00e9e<\/td>\n<\/tr>\n<tr>\n<td><strong>Pi\u00e8ce utilis\u00e9e<\/strong><\/td>\n<td>pulpe de fruit<\/td>\n<\/tr>\n<tr>\n<td><strong>Caract\u00e9ristiques<\/strong><\/td>\n<td>Poudre rose clair, test\u00e9e par chromatographie sur couche mince (CCM)<\/td>\n<\/tr>\n<tr>\n<td><strong>Maillage de produit<\/strong><\/td>\n<td>80 Mesh<\/td>\n<\/tr>\n<tr>\n<td><strong>Conditions de stockage<\/strong><\/td>\n<td>Conserver dans un endroit frais et sec \u00e0 une temp\u00e9rature inf\u00e9rieure \u00e0 18\u00b0C<\/td>\n<\/tr>\n<tr>\n<td><strong>Express et logistique<\/strong><\/td>\n<td>Livraison par express ou logistique.<br class=\"container-utlnW2 wrapper-d0Cc1k undefined\" \/>Express national : arrive g\u00e9n\u00e9ralement sous 3 jours.<br class=\"container-utlnW2 wrapper-d0Cc1k undefined\" \/>Logistique : Arrive g\u00e9n\u00e9ralement sous 5 jours.<br class=\"container-utlnW2 wrapper-d0Cc1k undefined\" \/>Les devis incluent g\u00e9n\u00e9ralement les frais de transport int\u00e9rieur.<\/td>\n<\/tr>\n<tr>\n<td><strong>Exemple de disposition<\/strong><\/td>\n<td>En g\u00e9n\u00e9ral, des \u00e9chantillons de 5 \u00e0 20 g sont fournis pour la plupart des produits ; certains produits n\u00e9cessitent des frais d&#039;\u00e9chantillon.<\/td>\n<\/tr>\n<tr>\n<td><strong>Emballage du produit<\/strong><\/td>\n<td>Emball\u00e9 dans des f\u00fbts en papier ou des sacs en aluminium (emballage personnalis\u00e9 disponible sur demande du client)<\/td>\n<\/tr>\n<\/tbody>\n<\/table>","protected":false},"excerpt":{"rendered":"<table>\n<tbody>\n<tr>\n<td><strong>Nom du produit<\/strong><\/td>\n<td>Poudre de cerise acidul\u00e9e<\/td>\n<\/tr>\n<tr>\n<td><strong>Pi\u00e8ce utilis\u00e9e<\/strong><\/td>\n<td>pulpe de fruit<\/td>\n<\/tr>\n<tr>\n<td><strong>Caract\u00e9ristiques<\/strong><\/td>\n<td>Poudre rose clair, test\u00e9e par chromatographie sur couche mince (CCM)<\/td>\n<\/tr>\n<tr>\n<td><strong>Maillage de produit<\/strong><\/td>\n<td>80 Mesh<\/td>\n<\/tr>\n<tr>\n<td><strong>Conditions de stockage<\/strong><\/td>\n<td>Conserver dans un endroit frais et sec \u00e0 une temp\u00e9rature inf\u00e9rieure \u00e0 18\u00b0C<\/td>\n<\/tr>\n<tr>\n<td><strong>Express et logistique<\/strong><\/td>\n<td>Livraison par express ou logistique.<br class=\"container-utlnW2 wrapper-d0Cc1k undefined\" \/>Express national : arrive g\u00e9n\u00e9ralement sous 3 jours.<br class=\"container-utlnW2 wrapper-d0Cc1k undefined\" \/>Logistique : Arrive g\u00e9n\u00e9ralement sous 5 jours.<br class=\"container-utlnW2 wrapper-d0Cc1k undefined\" \/>Les devis incluent g\u00e9n\u00e9ralement les frais de transport int\u00e9rieur.<\/td>\n<\/tr>\n<tr>\n<td><strong>Exemple de disposition<\/strong><\/td>\n<td>En g\u00e9n\u00e9ral, des \u00e9chantillons de 5 \u00e0 20 g sont fournis pour la plupart des produits ; certains produits n\u00e9cessitent des frais d&#039;\u00e9chantillon.<\/td>\n<\/tr>\n<tr>\n<td><strong>Emballage du produit<\/strong><\/td>\n<td>Emball\u00e9 dans des f\u00fbts en papier ou des sacs en aluminium (emballage personnalis\u00e9 disponible sur demande du client)<\/td>\n<\/tr>\n<\/tbody>\n<\/table>","protected":false},"featured_media":9578,"comment_status":"closed","ping_status":"closed","template":"","meta":[],"product_brand":[],"product_cat":[20],"product_tag":[],"class_list":{"0":"post-9574","1":"product","2":"type-product","3":"status-publish","4":"has-post-thumbnail","6":"product_cat-fruit-powder","8":"first","9":"instock","10":"shipping-taxable","11":"product-type-simple"},"_links":{"self":[{"href":"https:\/\/www.hvbio.com\/fr\/wp-json\/wp\/v2\/product\/9574","targetHints":{"allow":["GET"]}}],"collection":[{"href":"https:\/\/www.hvbio.com\/fr\/wp-json\/wp\/v2\/product"}],"about":[{"href":"https:\/\/www.hvbio.com\/fr\/wp-json\/wp\/v2\/types\/product"}],"replies":[{"embeddable":true,"href":"https:\/\/www.hvbio.com\/fr\/wp-json\/wp\/v2\/comments?post=9574"}],"wp:featuredmedia":[{"embeddable":true,"href":"https:\/\/www.hvbio.com\/fr\/wp-json\/wp\/v2\/media\/9578"}],"wp:attachment":[{"href":"https:\/\/www.hvbio.com\/fr\/wp-json\/wp\/v2\/media?parent=9574"}],"wp:term":[{"taxonomy":"product_brand","embeddable":true,"href":"https:\/\/www.hvbio.com\/fr\/wp-json\/wp\/v2\/product_brand?post=9574"},{"taxonomy":"product_cat","embeddable":true,"href":"https:\/\/www.hvbio.com\/fr\/wp-json\/wp\/v2\/product_cat?post=9574"},{"taxonomy":"product_tag","embeddable":true,"href":"https:\/\/www.hvbio.com\/fr\/wp-json\/wp\/v2\/product_tag?post=9574"}],"curies":[{"name":"wp","href":"https:\/\/api.w.org\/{rel}","templated":true}]}}