{"id":9581,"date":"2025-08-19T14:45:25","date_gmt":"2025-08-19T06:45:25","guid":{"rendered":"https:\/\/www.hvbio.com\/?post_type=product&#038;p=9581"},"modified":"2025-08-19T14:45:25","modified_gmt":"2025-08-19T06:45:25","slug":"cassia-seed-extract","status":"publish","type":"product","link":"https:\/\/www.hvbio.com\/fr\/produit\/cassia-seed-extract\/","title":{"rendered":"Extrait de graines de cassia"},"content":{"rendered":"<table style=\"height: 379px;\" width=\"1493\">\n<thead>\n<tr>\n<th><strong>Article<\/strong><\/th>\n<th><strong>D\u00e9tails<\/strong><\/th>\n<\/tr>\n<\/thead>\n<tbody>\n<tr>\n<td>Nom du produit<\/td>\n<td>Extrait de graines de cassia<\/td>\n<\/tr>\n<tr>\n<td>Autres noms<\/td>\n<td>Caojieming (Cassia d&#039;herbe), Malujieming (Cassia de la route), Jialvdou (Faux haricot mungo), Huantongzi (Graine restauratrice de la vue), Matijieming (Cassia mat)<\/td>\n<\/tr>\n<tr>\n<td>Solvant d&#039;extraction et pi\u00e8ce utilis\u00e9e<\/td>\n<td>La partie extraction est constitu\u00e9e des graines matures s\u00e9ch\u00e9es des l\u00e9gumineuses\u00a0<em>Cassia obtusifolia<\/em>\u00a0ou\u00a0<em>Cassia tora<\/em>Les solvants d\u2019extraction courants comprennent une solution aqueuse d\u2019\u00e9thanol.<\/td>\n<\/tr>\n<tr>\n<td>Apparence<\/td>\n<td>Poudre jaune brun\u00e2tre<\/td>\n<\/tr>\n<tr>\n<td>M\u00e9thode de d\u00e9tection<\/td>\n<td>HPLC (Chromatographie liquide haute performance)<\/td>\n<\/tr>\n<tr>\n<td>Stockage<\/td>\n<td>Conserver dans un r\u00e9cipient herm\u00e9tique, dans un endroit frais, sec et sombre, \u00e0 l&#039;abri des sources de chaleur et des environnements humides.<\/td>\n<\/tr>\n<tr>\n<td>Dur\u00e9e de conservation<\/td>\n<td>Deux ans<\/td>\n<\/tr>\n<\/tbody>\n<\/table>","protected":false},"excerpt":{"rendered":"<div class=\"inter-rWzItm\">\n<div class=\"message-list-V8qfyv table-spillover-FGChQM slide-up-DojkpW opacity-0 transition-opacity duration-400 opacity-100\" data-table-spillover=\"true\">\n<div class=\"scroll-view-XcV8YY container-kbJd0r reverse-l21piI\" data-testid=\"scroll_view\">\n<div class=\"content-t1_P48\">\n<div class=\"scrollable-LNO7hx reverse-R2hqfx show-scrollbar-ghFI1k\" data-testid=\"message-list\">\n<div class=\"inter-jQQQ8P\">\n<div class=\"container-PrUkKo\">\n<div class=\"item-hGGxLi\">\n<div class=\"container-arOxqB chrome70-container\">\n<div class=\"inner-FyM8gE inner-item-swzCut\" data-target-id=\"message-box-target-id\" data-testid=\"union_message\">\n<div class=\"message-block-container-aFugD6\" data-testid=\"message-block-container\">\n<div class=\"flex flex-row w-full w-full max-w-full s-font-base text-s-color-text-secondary p-0 rounded-s-radius-s bg-transparent group data-[attr=select-mode]:-mt-10 data-[attr=select-mode]:py-10 data-[attr=select-mode]:px-16 data-[attr=select-mode]:sm:p-10 data-[attr=select-mode]:hover:bg-s-color-bg-base data-[attr=select-mode]:hover:rounded-s-radius-xs data-[attr=select-mode]:has-[:checked]:bg-s-color-bg-trans data-[attr=select-mode]:has-[:checked]:rounded-s-radius-xs data-[attr=select-mode]:pointer-events-none\" data-testid=\"receive_message\">\n<div class=\"flex flex-col flex-grow max-w-full min-w-0\">\n<div class=\"flex flex-row w-full\" data-testid=\"message_content\" data-message-id=\"16932964332797698\">\n<div class=\"w-full\" data-plugin-identifier=\"Symbol(infra:receive-message-box:text)\">\n<div class=\"container-ZYIsnH flow-markdown-body theme-samantha-Nbr9UN\" dir=\"ltr\" data-testid=\"message_text_content\" data-show-indicator=\"false\">\n<h1 class=\"header-vfC6AV auto-hide-last-sibling-br\">D\u00e9tails du produit<\/h1>\n<div class=\"auto-hide-last-sibling-br paragraph-JOTKXA paragraph-element br-paragraph-space\">\u3010Nom du produit\u3011: Extrait de graines de Cassia<br class=\"container-utlnW2 wrapper-d0Cc1k undefined\" \/>\u3010Autres noms\u3011 : Semen Cassiae, Grass Cassia, Road Cassia, False Mungo Bean, Huitongzi (graine restauratrice de la vue), Horseshoe Cassia<br class=\"container-utlnW2 wrapper-d0Cc1k undefined\" \/>\u3010Solvant d&#039;extraction et partie utilis\u00e9e\u3011: La partie d&#039;extraction de l&#039;extrait de graines de Cassia est constitu\u00e9e des graines matures s\u00e9ch\u00e9es de\u00a0<em>Cassia obtusifolia<\/em>\u00a0L. ou\u00a0<em>Cassia tora<\/em>\u00a0L. (plantes l\u00e9gumineuses). Il existe plusieurs solvants d&#039;extraction pour l&#039;extrait de graines de cassia, la solution aqueuse d&#039;\u00e9thanol \u00e9tant la plus courante.<br class=\"container-utlnW2 wrapper-d0Cc1k undefined\" \/>\u3010Apparence\u3011: Poudre brune<br class=\"container-utlnW2 wrapper-d0Cc1k undefined\" \/>\u3010M\u00e9thode de test\u3011 : HPLC (Chromatographie liquide haute performance)<\/div>\n<h1 class=\"header-vfC6AV auto-hide-last-sibling-br\">Instructions d&#039;achat<\/h1>\n<div class=\"auto-hide-last-sibling-br paragraph-JOTKXA paragraph-element br-paragraph-space\">\u3010M\u00e9thode d&#039;emballage\u3011: 25 kg\/f\u00fbt en carton ou sac en aluminium<br class=\"container-utlnW2 wrapper-d0Cc1k undefined\" \/>\u3010Conditions de stockage\u3011: Doit \u00eatre scell\u00e9 et prot\u00e9g\u00e9 de la lumi\u00e8re, stock\u00e9 dans un endroit sec, frais et bien ventil\u00e9<br class=\"container-utlnW2 wrapper-d0Cc1k undefined\" \/>\u3010Dur\u00e9e de conservation\u3011: 2 ans<br class=\"container-utlnW2 wrapper-d0Cc1k undefined\" \/>\u3010Fourniture d&#039;\u00e9chantillons\u3011 : G\u00e9n\u00e9ralement, des \u00e9chantillons de 5 \u00e0 20 g sont fournis pour la plupart des produits ; des frais d&#039;\u00e9chantillons sont factur\u00e9s pour certains produits.<br class=\"container-utlnW2 wrapper-d0Cc1k undefined\" \/>\u3010Emballage du produit\u3011: Emballage en carton ou en sac en aluminium (personnalisable selon les exigences du client)<br class=\"container-utlnW2 wrapper-d0Cc1k undefined\" \/>\u3010D\u00e9lai de livraison\u3011: Les produits non personnalis\u00e9s seront exp\u00e9di\u00e9s dans les 48 heures ; le d\u00e9lai de livraison des produits personnalis\u00e9s sera ajust\u00e9 en fonction des besoins r\u00e9els.<br class=\"container-utlnW2 wrapper-d0Cc1k undefined\" \/>\u3010M\u00e9thode d&#039;emballage\u3011 : 25 kg\/f\u00fbt en carton ou sac en aluminium ; l&#039;emballage peut \u00eatre ajust\u00e9 en fonction des conditions r\u00e9elles.<br class=\"container-utlnW2 wrapper-d0Cc1k undefined\" \/>\u3010Mode de transport\u3011 : Logistique express nationale ; le devis comprend les frais de transport.<br class=\"container-utlnW2 wrapper-d0Cc1k undefined\" \/>\u3010Conditions de stockage\u3011: Scell\u00e9 et prot\u00e9g\u00e9 de la lumi\u00e8re, conserv\u00e9 dans un endroit sec, frais et bien ventil\u00e9<\/div>\n<\/div>\n<\/div>\n<\/div>\n<div class=\"answer-action-bar-pgm2JD answer-action-bar flex flex-col justify-end\" data-testid=\"message_action_bar\">\n<div class=\"container-rxM4SW flex flex-row items-start w-full self-center\" data-message-action-bar=\"1\">\n<div class=\"left-Y7jNAM\">\n<div class=\"bp5-overflow-list container-i9_9R9 align-start-BRJcKo inner-K6EVuU\"><button class=\"semi-button semi-button-primary semi-button-light container-ESWhjk size-small-jTps3E background-white-v4rjV_ color-grey-deep-pHDbUa semi-button-with-icon semi-button-with-icon-only\" tabindex=\"0\" type=\"button\" data-testid=\"message_action_copy\" aria-disabled=\"false\" aria-describedby=\"hhiosmx\" data-popupid=\"hhiosmx\">\u00a0<\/button><\/div>\n<\/div>\n<\/div>\n<\/div>\n<\/div>\n<\/div>\n<\/div>\n<\/div>\n<\/div>\n<\/div>\n<\/div>\n<\/div>\n<\/div>\n<\/div>\n<\/div>\n<\/div>\n<\/div>","protected":false},"featured_media":9582,"comment_status":"closed","ping_status":"closed","template":"","meta":[],"product_brand":[],"product_cat":[17,24],"product_tag":[],"class_list":{"0":"post-9581","1":"product","2":"type-product","3":"status-publish","4":"has-post-thumbnail","6":"product_cat-plant-extract","7":"product_cat-ratio-extract","9":"first","10":"instock","11":"shipping-taxable","12":"product-type-simple"},"_links":{"self":[{"href":"https:\/\/www.hvbio.com\/fr\/wp-json\/wp\/v2\/product\/9581","targetHints":{"allow":["GET"]}}],"collection":[{"href":"https:\/\/www.hvbio.com\/fr\/wp-json\/wp\/v2\/product"}],"about":[{"href":"https:\/\/www.hvbio.com\/fr\/wp-json\/wp\/v2\/types\/product"}],"replies":[{"embeddable":true,"href":"https:\/\/www.hvbio.com\/fr\/wp-json\/wp\/v2\/comments?post=9581"}],"wp:featuredmedia":[{"embeddable":true,"href":"https:\/\/www.hvbio.com\/fr\/wp-json\/wp\/v2\/media\/9582"}],"wp:attachment":[{"href":"https:\/\/www.hvbio.com\/fr\/wp-json\/wp\/v2\/media?parent=9581"}],"wp:term":[{"taxonomy":"product_brand","embeddable":true,"href":"https:\/\/www.hvbio.com\/fr\/wp-json\/wp\/v2\/product_brand?post=9581"},{"taxonomy":"product_cat","embeddable":true,"href":"https:\/\/www.hvbio.com\/fr\/wp-json\/wp\/v2\/product_cat?post=9581"},{"taxonomy":"product_tag","embeddable":true,"href":"https:\/\/www.hvbio.com\/fr\/wp-json\/wp\/v2\/product_tag?post=9581"}],"curies":[{"name":"wp","href":"https:\/\/api.w.org\/{rel}","templated":true}]}}