{"id":9615,"date":"2025-08-20T11:19:40","date_gmt":"2025-08-20T03:19:40","guid":{"rendered":"https:\/\/www.hvbio.com\/?post_type=product&#038;p=9615"},"modified":"2025-08-20T11:45:13","modified_gmt":"2025-08-20T03:45:13","slug":"watermelon-powder","status":"publish","type":"product","link":"https:\/\/www.hvbio.com\/fr\/produit\/watermelon-powder\/","title":{"rendered":"Extrait d&#039;\u00e9corce de past\u00e8que"},"content":{"rendered":"<table>\n<tbody>\n<tr>\n<td><strong>Nom du produit<\/strong><\/td>\n<td>Extrait d&#039;\u00e9corce de past\u00e8que<\/td>\n<\/tr>\n<tr>\n<td><strong>Nom alternatif<\/strong><\/td>\n<td>Xigua Cuiyi (\u00e9corce verte de past\u00e8que)<\/td>\n<\/tr>\n<tr>\n<td><strong>Source d&#039;extraction<\/strong><\/td>\n<td>P\u00e9ricarpe externe de\u00a0<em>Citrullus lanatus<\/em>\u00a0(Thunb.) Matsum. &amp; Nakai, une plante de la famille des Cucurbitac\u00e9es<\/td>\n<\/tr>\n<tr>\n<td><strong>Origine des mati\u00e8res premi\u00e8res<\/strong><\/td>\n<td>Cultiv\u00e9 dans la plupart des r\u00e9gions de Chine<\/td>\n<\/tr>\n<tr>\n<td><strong>Introduction<\/strong><\/td>\n<td><strong>Collecte et traitement<\/strong>:R\u00e9coltez les \u00e9corces de past\u00e8que de juillet \u00e0 ao\u00fbt, retirez la partie int\u00e9rieure molle et s\u00e9chez-les au soleil ; certains proc\u00e9d\u00e9s impliquent de retirer la peau verte ext\u00e9rieure et d&#039;utiliser uniquement la partie centrale.<br class=\"container-utlnW2 wrapper-d0Cc1k undefined\" \/><strong>Composants actifs<\/strong>:Le jus contient de la citrulline, de la b\u00e9ta\u00efne, de l&#039;acide malique, du fructose, du glucose, du saccharose, du lycop\u00e8ne, de la vitamine C, etc.<\/td>\n<\/tr>\n<tr>\n<td><strong>Caract\u00e9ristiques<\/strong><\/td>\n<td>Poudre brun-jaune, test\u00e9e par CCM (chromatographie sur couche mince)<\/td>\n<\/tr>\n<tr>\n<td><strong>Sp\u00e9cifications du produit<\/strong><\/td>\n<td>Extrait d&#039;\u00e9corce de past\u00e8que 1:1 (Contactez le service client pour d&#039;autres sp\u00e9cifications si n\u00e9cessaire)<\/td>\n<\/tr>\n<tr>\n<td><strong>Taille des mailles du produit<\/strong><\/td>\n<td>98% passe \u00e0 travers un tamis de 80 mesh<\/td>\n<\/tr>\n<tr>\n<td><strong>M\u00e9thode d&#039;emballage<\/strong><\/td>\n<td>25 kg\/f\u00fbt en carton ou sac en aluminium<\/td>\n<\/tr>\n<tr>\n<td><strong>Conditions de stockage<\/strong><\/td>\n<td>Doit \u00eatre scell\u00e9 et prot\u00e9g\u00e9 de la lumi\u00e8re, conserv\u00e9 dans un endroit sec, frais et bien ventil\u00e9.<\/td>\n<\/tr>\n<tr>\n<td><strong>Dur\u00e9e de conservation<\/strong><\/td>\n<td>24 mois<\/td>\n<\/tr>\n<tr>\n<td><strong>Express et logistique<\/strong><\/td>\n<td>Options de livraison : Express ou logistique.<br class=\"container-utlnW2 wrapper-d0Cc1k undefined\" \/>Express national : arrive g\u00e9n\u00e9ralement sous 3 jours ; logistique : arrive g\u00e9n\u00e9ralement sous 5 jours.<br class=\"container-utlnW2 wrapper-d0Cc1k undefined\" \/>Les devis incluent g\u00e9n\u00e9ralement les frais de transport int\u00e9rieur.<\/td>\n<\/tr>\n<tr>\n<td><strong>Exemple de disposition<\/strong><\/td>\n<td>Fournit g\u00e9n\u00e9ralement des petits \u00e9chantillons de 5 \u00e0 20 g pour la plupart des produits.<br class=\"container-utlnW2 wrapper-d0Cc1k undefined\" \/>Des frais d&#039;\u00e9chantillons peuvent \u00eatre factur\u00e9s pour certains produits.<\/td>\n<\/tr>\n<tr>\n<td><strong>Emballage du produit<\/strong><\/td>\n<td>Conditionn\u00e9 dans des f\u00fbts en carton ou des sacs en aluminium (emballage personnalisable disponible sur demande du client)<\/td>\n<\/tr>\n<\/tbody>\n<\/table>\n<p>&nbsp;<\/p>","protected":false},"excerpt":{"rendered":"<table>\n<tbody>\n<tr>\n<td><strong>Nom du produit<\/strong><\/td>\n<td>Extrait d&#039;\u00e9corce de past\u00e8que<\/td>\n<\/tr>\n<tr>\n<td><strong>Nom alternatif<\/strong><\/td>\n<td>Xigua Cuiyi (\u00e9corce verte de past\u00e8que)<\/td>\n<\/tr>\n<tr>\n<td><strong>Source d&#039;extraction<\/strong><\/td>\n<td>P\u00e9ricarpe externe de\u00a0<em>Citrullus lanatus<\/em>\u00a0(Thunb.) Matsum. &amp; Nakai, une plante de la famille des Cucurbitac\u00e9es<\/td>\n<\/tr>\n<tr>\n<td><strong>Origine des mati\u00e8res premi\u00e8res<\/strong><\/td>\n<td>Cultiv\u00e9 dans la plupart des r\u00e9gions de Chine<\/td>\n<\/tr>\n<tr>\n<td><strong>Introduction<\/strong><\/td>\n<td><strong>Collecte et traitement<\/strong>:R\u00e9coltez les \u00e9corces de past\u00e8que de juillet \u00e0 ao\u00fbt, retirez la partie int\u00e9rieure molle et s\u00e9chez-les au soleil ; certains proc\u00e9d\u00e9s impliquent de retirer la peau verte ext\u00e9rieure et d&#039;utiliser uniquement la partie centrale.<br class=\"container-utlnW2 wrapper-d0Cc1k undefined\" \/><strong>Composants actifs<\/strong>:Le jus contient de la citrulline, de la b\u00e9ta\u00efne, de l&#039;acide malique, du fructose, du glucose, du saccharose, du lycop\u00e8ne, de la vitamine C, etc.<\/td>\n<\/tr>\n<tr>\n<td><strong>Caract\u00e9ristiques<\/strong><\/td>\n<td>Poudre brun-jaune, test\u00e9e par CCM (chromatographie sur couche mince)<\/td>\n<\/tr>\n<tr>\n<td><strong>Sp\u00e9cifications du produit<\/strong><\/td>\n<td>Extrait d&#039;\u00e9corce de past\u00e8que 1:1 (Contactez le service client pour d&#039;autres sp\u00e9cifications si n\u00e9cessaire)<\/td>\n<\/tr>\n<tr>\n<td><strong>Taille des mailles du produit<\/strong><\/td>\n<td>98% passe \u00e0 travers un tamis de 80 mesh<\/td>\n<\/tr>\n<tr>\n<td><strong>M\u00e9thode d&#039;emballage<\/strong><\/td>\n<td>25 kg\/f\u00fbt en carton ou sac en aluminium<\/td>\n<\/tr>\n<tr>\n<td><strong>Conditions de stockage<\/strong><\/td>\n<td>Doit \u00eatre scell\u00e9 et prot\u00e9g\u00e9 de la lumi\u00e8re, conserv\u00e9 dans un endroit sec, frais et bien ventil\u00e9.<\/td>\n<\/tr>\n<tr>\n<td><strong>Dur\u00e9e de conservation<\/strong><\/td>\n<td>24 mois<\/td>\n<\/tr>\n<tr>\n<td><strong>Express et logistique<\/strong><\/td>\n<td>Options de livraison : Express ou logistique.<br class=\"container-utlnW2 wrapper-d0Cc1k undefined\" \/>Express national : arrive g\u00e9n\u00e9ralement sous 3 jours ; logistique : arrive g\u00e9n\u00e9ralement sous 5 jours.<br class=\"container-utlnW2 wrapper-d0Cc1k undefined\" \/>Les devis incluent g\u00e9n\u00e9ralement les frais de transport int\u00e9rieur.<\/td>\n<\/tr>\n<tr>\n<td><strong>Exemple de disposition<\/strong><\/td>\n<td>Fournit g\u00e9n\u00e9ralement des petits \u00e9chantillons de 5 \u00e0 20 g pour la plupart des produits.<br class=\"container-utlnW2 wrapper-d0Cc1k undefined\" \/>Des frais d&#039;\u00e9chantillons peuvent \u00eatre factur\u00e9s pour certains produits.<\/td>\n<\/tr>\n<tr>\n<td><strong>Emballage du produit<\/strong><\/td>\n<td>Conditionn\u00e9 dans des f\u00fbts en carton ou des sacs en aluminium (emballage personnalisable disponible sur demande du client)<\/td>\n<\/tr>\n<\/tbody>\n<\/table>","protected":false},"featured_media":9609,"comment_status":"closed","ping_status":"closed","template":"","meta":[],"product_brand":[],"product_cat":[17,24],"product_tag":[30,29],"class_list":{"0":"post-9615","1":"product","2":"type-product","3":"status-publish","4":"has-post-thumbnail","6":"product_cat-plant-extract","7":"product_cat-ratio-extract","8":"product_tag-watermelon-powder","9":"product_tag-watermelon-rind-extract","11":"first","12":"instock","13":"shipping-taxable","14":"product-type-simple"},"_links":{"self":[{"href":"https:\/\/www.hvbio.com\/fr\/wp-json\/wp\/v2\/product\/9615","targetHints":{"allow":["GET"]}}],"collection":[{"href":"https:\/\/www.hvbio.com\/fr\/wp-json\/wp\/v2\/product"}],"about":[{"href":"https:\/\/www.hvbio.com\/fr\/wp-json\/wp\/v2\/types\/product"}],"replies":[{"embeddable":true,"href":"https:\/\/www.hvbio.com\/fr\/wp-json\/wp\/v2\/comments?post=9615"}],"wp:featuredmedia":[{"embeddable":true,"href":"https:\/\/www.hvbio.com\/fr\/wp-json\/wp\/v2\/media\/9609"}],"wp:attachment":[{"href":"https:\/\/www.hvbio.com\/fr\/wp-json\/wp\/v2\/media?parent=9615"}],"wp:term":[{"taxonomy":"product_brand","embeddable":true,"href":"https:\/\/www.hvbio.com\/fr\/wp-json\/wp\/v2\/product_brand?post=9615"},{"taxonomy":"product_cat","embeddable":true,"href":"https:\/\/www.hvbio.com\/fr\/wp-json\/wp\/v2\/product_cat?post=9615"},{"taxonomy":"product_tag","embeddable":true,"href":"https:\/\/www.hvbio.com\/fr\/wp-json\/wp\/v2\/product_tag?post=9615"}],"curies":[{"name":"wp","href":"https:\/\/api.w.org\/{rel}","templated":true}]}}